{"id":150303,"date":"2023-03-03T17:40:04","date_gmt":"2023-03-03T14:40:04","guid":{"rendered":"https:\/\/kingarms.ee\/product\/nxg-bise-bultas-36-gab\/"},"modified":"2025-05-27T12:37:13","modified_gmt":"2025-05-27T09:37:13","slug":"nxg-bise-bultas-36-gab","status":"publish","type":"product","link":"https:\/\/kingarms.ee\/lv\/product\/nxg-bise-bultas-36-gab\/","title":{"rendered":"NXG bise bultas 36 gab."},"content":{"rendered":"<p><img loading=\"lazy\" decoding=\"async\" class=\"alignnone size-full wp-image-75610\" src=\"https:\/\/kingarms.ee\/wp-content\/uploads\/2023\/03\/5.jpg\" alt=\"\" width=\"900\" height=\"900\" srcset=\"https:\/\/kingarms.ee\/wp-content\/uploads\/2023\/03\/5.jpg 900w, https:\/\/kingarms.ee\/wp-content\/uploads\/2023\/03\/5-300x300.jpg 300w, https:\/\/kingarms.ee\/wp-content\/uploads\/2023\/03\/5-150x150.jpg 150w, https:\/\/kingarms.ee\/wp-content\/uploads\/2023\/03\/5-768x768.jpg 768w, https:\/\/kingarms.ee\/wp-content\/uploads\/2023\/03\/5-500x500.jpg 500w\" sizes=\"auto, (max-width: 900px) 100vw, 900px\" \/><\/p>\n","protected":false},"excerpt":{"rendered":"<p>NXG bise bultas 36 gab.<\/p>\n<p>Umarex sitamie bultas<br \/>\nBulti\u0146\u0101m ir modul\u0101ra konstrukcija, kas sast\u0101v no met\u0101la bulti\u0146as un polim\u0113ra apkakles, ko izmanto, lai iest\u0101d\u012btu bulti\u0146u un stabiliz\u0113tu bulti\u0146u p\u0113c \u0161au\u0161anas. Bultu uzst\u0101d\u012b\u0161ana ir vienk\u0101r\u0161a un prasa tikai bulti\u0146as ievieto\u0161anu polim\u0113ra pamatn\u0113. Sp\u0101rnu diametrs ir labi saska\u0146ots ar Umarex NGX sitaminstrumentu kabeli.  <\/p>\n<p>Bulti\u0146as ir daudzkr\u0101sainas (zilas, za\u013cas, dzeltenas un roz\u0101), t\u0101p\u0113c, sacen\u0161oties ar draugiem, m\u0113s varam viegli izlas\u012bt konkursa rezult\u0101tus. Ar\u012b gar\u0101m, pateicoties kontrast\u0113jo\u0161\u0101m kr\u0101s\u0101m, ir viegl\u0101k atrast bulti\u0146as starp ve\u0123et\u0101ciju. <\/p>\n","protected":false},"featured_media":131971,"template":"","meta":{"_acf_changed":false},"product_brand":[],"product_cat":[998],"product_tag":[],"class_list":{"0":"post-150303","1":"product","2":"type-product","3":"status-publish","4":"has-post-thumbnail","6":"product_cat-rokasspradze","8":"first","9":"instock","10":"taxable","11":"shipping-taxable","12":"purchasable","13":"product-type-simple"},"acf":[],"_links":{"self":[{"href":"https:\/\/kingarms.ee\/lv\/wp-json\/wp\/v2\/product\/150303","targetHints":{"allow":["GET"]}}],"collection":[{"href":"https:\/\/kingarms.ee\/lv\/wp-json\/wp\/v2\/product"}],"about":[{"href":"https:\/\/kingarms.ee\/lv\/wp-json\/wp\/v2\/types\/product"}],"wp:featuredmedia":[{"embeddable":true,"href":"https:\/\/kingarms.ee\/lv\/wp-json\/wp\/v2\/media\/131971"}],"wp:attachment":[{"href":"https:\/\/kingarms.ee\/lv\/wp-json\/wp\/v2\/media?parent=150303"}],"wp:term":[{"taxonomy":"product_brand","embeddable":true,"href":"https:\/\/kingarms.ee\/lv\/wp-json\/wp\/v2\/product_brand?post=150303"},{"taxonomy":"product_cat","embeddable":true,"href":"https:\/\/kingarms.ee\/lv\/wp-json\/wp\/v2\/product_cat?post=150303"},{"taxonomy":"product_tag","embeddable":true,"href":"https:\/\/kingarms.ee\/lv\/wp-json\/wp\/v2\/product_tag?post=150303"}],"curies":[{"name":"wp","href":"https:\/\/api.w.org\/{rel}","templated":true}]}}