{"id":150307,"date":"2023-03-03T17:27:03","date_gmt":"2025-05-27T09:45:41","guid":{"rendered":"https:\/\/kingarms.ee\/product\/nxg-blower-40\/"},"modified":"2025-05-27T12:45:41","modified_gmt":"2025-05-27T09:45:41","slug":"nxg-blower-40","status":"publish","type":"product","link":"https:\/\/kingarms.ee\/lv\/product\/nxg-blower-40\/","title":{"rendered":"Nxg blower 40"},"content":{"rendered":"<p><img loading=\"lazy\" decoding=\"async\" class=\"alignnone size-full wp-image-75593\" src=\"https:\/\/kingarms.ee\/wp-content\/uploads\/2023\/03\/3.jpg\" alt=\"\" width=\"900\" height=\"900\" srcset=\"https:\/\/kingarms.ee\/wp-content\/uploads\/2023\/03\/3.jpg 900w, https:\/\/kingarms.ee\/wp-content\/uploads\/2023\/03\/3-300x300.jpg 300w, https:\/\/kingarms.ee\/wp-content\/uploads\/2023\/03\/3-150x150.jpg 150w, https:\/\/kingarms.ee\/wp-content\/uploads\/2023\/03\/3-768x768.jpg 768w, https:\/\/kingarms.ee\/wp-content\/uploads\/2023\/03\/3-500x500.jpg 500w\" sizes=\"auto, (max-width: 900px) 100vw, 900px\" \/><\/p>\n","protected":false},"excerpt":{"rendered":"<p>Nxg blower 40<\/p>\n<p>NXG Blow Gun 40 &#8221; ir 102 cm gara viengabala p\u016bt\u0113ja \u0161autene, kas apr\u012bkota ar kompresijas purnu, gumijotu rokturi un priek\u0161gala stiprin\u0101jumu \u0113rtai m\u0113r\u0137\u0113\u0161anai.<\/p>\n<p>P\u016bt\u0113ju iero\u010di (swishes) ir vienk\u0101r\u0161i gaisa iero\u010di, kurus \u0100zijas, \u0100frikas un Dienvidamerikas primit\u012bv\u0101s tautas izmanto putnu un mazu dz\u012bvnieku med\u012b\u0161anai. M\u016bsdienu swishguns, at\u0161\u0137ir\u012bb\u0101 no tradicion\u0101lajiem med\u012bbu iero\u010diem, galvenok\u0101rt ir paredz\u0113ti atp\u016btai un \u0101ra sp\u0113l\u0113m. <\/p>\n<p>Piep\u016b\u0161amais sporta apr\u012bkojums Kolba \u0101ra veikal\u0101<br \/>\nNXG Blow Gun 40 &#8221; ir viegla konstrukcija, kas izgatavota no alum\u012bnija un polim\u0113ra. Pateicoties modul\u0101rajai konstrukcijai, p\u016bt\u0113ja pistoli ir viegli n\u0113s\u0101t un tas \u013cauj t\u016bl\u012bt\u0113ji saloc\u012bt un atloc\u012bt bez instrumenta (press &#8211; fit savienojums).<br \/>\n101 cm garajai p\u016bt\u0113ja \u0161autenei ir konusveida saspie\u017eams purns vieglai gaisa iesmidzin\u0101\u0161anai, gumijots rokturis, n\u0113s\u0101\u0161anas rokturis un taisna priek\u0161gala josta, lai m\u0113s var\u0113tu viegl\u0101k m\u0113r\u0137\u0113t m\u0113r\u0137us vair\u0101ku metru att\u0101lum\u0101. V\u0113ja \u0161autenes \u0161au\u0161anas diapazons un precizit\u0101te ir atkar\u012bga no individu\u0101l\u0101s noslieces un apm\u0101c\u012bbas, ko m\u0113s velt\u0101m \u0161\u012bs prasmes uzlabo\u0161anai. Parasti jau p\u0113c p\u0101ris treni\u0146iem liel\u0101k\u0101 da\u013ca lietot\u0101ju sp\u0113j sasniegt m\u0113r\u0137i, kas atrodas 5-7 metru att\u0101lum\u0101. Komplekt\u0101 ietilpst 10 bulti\u0146as ar asu m\u0113r\u0137a bulti\u0146as galvi\u0146u.    <\/p>\n<p>K\u0101 \u0161aut ar sitaminstrumentu?<br \/>\nPirmais solis ir novietot bulti\u0146u uz purnas. P\u0113c m\u0113r\u0137a izv\u0113les nospiediet uz purnas un, sp\u0113c\u012bgi p\u016b\u0161ot, mest bulti\u0146u m\u0113r\u0137a virzien\u0101. J\u0101uzman\u0101s, lai lente netiktu ies\u016bkta mut\u0113, uz\u0146emot gaisu plau\u0161\u0101s, kas var izrais\u012bt nosmak\u0161anas risku.  <\/p>\n<p>Piez\u012bmes lietot\u0101jiem<br \/>\nNekad m\u0113r\u0137is vai \u0161aut virzien\u0101, kur ir cilv\u0113ki un dz\u012bvnieki.<br \/>\nLietojot p\u016bt\u0113ja pistoli, ieteicams valk\u0101t aizsargbrilles.<br \/>\nAtcerieties, ka \u0161au\u0161ana uz cietas virsmas var izrais\u012bt b\u012bstamu riko\u0161etu (nekontrol\u0113ts bulti\u0146as lidojums)<br \/>\nLai gan p\u016bt\u0113ja lielgabals netiek uzskat\u012bts par ieroci, lietot\u0101js ir atbild\u012bgs par dro\u0161\u012bbas noteikumu, likumu un vesel\u0101 sapr\u0101ta iev\u0113ro\u0161anu. T\u0101p\u0113c pirms \u0161au\u0161anas ieteicams izv\u0113l\u0113ties dro\u0161u vietu, kur Nav cilv\u0113ku vai dz\u012bvnieku. <\/p>\n<p>&nbsp;<\/p>\n","protected":false},"featured_media":127531,"template":"","meta":{"_acf_changed":false},"product_brand":[],"product_cat":[998],"product_tag":[],"class_list":{"0":"post-150307","1":"product","2":"type-product","3":"status-publish","4":"has-post-thumbnail","6":"product_cat-rokasspradze","8":"first","9":"instock","10":"taxable","11":"shipping-taxable","12":"purchasable","13":"product-type-simple"},"acf":[],"_links":{"self":[{"href":"https:\/\/kingarms.ee\/lv\/wp-json\/wp\/v2\/product\/150307","targetHints":{"allow":["GET"]}}],"collection":[{"href":"https:\/\/kingarms.ee\/lv\/wp-json\/wp\/v2\/product"}],"about":[{"href":"https:\/\/kingarms.ee\/lv\/wp-json\/wp\/v2\/types\/product"}],"wp:featuredmedia":[{"embeddable":true,"href":"https:\/\/kingarms.ee\/lv\/wp-json\/wp\/v2\/media\/127531"}],"wp:attachment":[{"href":"https:\/\/kingarms.ee\/lv\/wp-json\/wp\/v2\/media?parent=150307"}],"wp:term":[{"taxonomy":"product_brand","embeddable":true,"href":"https:\/\/kingarms.ee\/lv\/wp-json\/wp\/v2\/product_brand?post=150307"},{"taxonomy":"product_cat","embeddable":true,"href":"https:\/\/kingarms.ee\/lv\/wp-json\/wp\/v2\/product_cat?post=150307"},{"taxonomy":"product_tag","embeddable":true,"href":"https:\/\/kingarms.ee\/lv\/wp-json\/wp\/v2\/product_tag?post=150307"}],"curies":[{"name":"wp","href":"https:\/\/api.w.org\/{rel}","templated":true}]}}