{"id":150309,"date":"2023-03-03T17:20:35","date_gmt":"2025-05-27T09:48:21","guid":{"rendered":"https:\/\/kingarms.ee\/product\/nxg-backstoke-30\/"},"modified":"2025-05-27T12:48:21","modified_gmt":"2025-05-27T09:48:21","slug":"nxg-backstoke-30","status":"publish","type":"product","link":"https:\/\/kingarms.ee\/lv\/product\/nxg-backstoke-30\/","title":{"rendered":"NXG Backstoke 30"},"content":{"rendered":"<p><img loading=\"lazy\" decoding=\"async\" class=\"alignnone size-full wp-image-75583\" src=\"https:\/\/kingarms.ee\/wp-content\/uploads\/2023\/03\/2.jpg\" alt=\"\" width=\"900\" height=\"900\" srcset=\"https:\/\/kingarms.ee\/wp-content\/uploads\/2023\/03\/2.jpg 900w, https:\/\/kingarms.ee\/wp-content\/uploads\/2023\/03\/2-300x300.jpg 300w, https:\/\/kingarms.ee\/wp-content\/uploads\/2023\/03\/2-150x150.jpg 150w, https:\/\/kingarms.ee\/wp-content\/uploads\/2023\/03\/2-768x768.jpg 768w, https:\/\/kingarms.ee\/wp-content\/uploads\/2023\/03\/2-500x500.jpg 500w\" sizes=\"auto, (max-width: 900px) 100vw, 900px\" \/><\/p>\n","protected":false},"excerpt":{"rendered":"<p>NXG Backstoke 30<\/p>\n<p>NXG p\u016bt\u0113ja lielgabals 40 &#8221; ir 76 cm gar\u0161 viengabala p\u016bt\u0113ja lielgabals, kas apr\u012bkots ar kompresijas purnu, gumijotu rokturi un priek\u0161gala stiprin\u0101jumu \u0113rtai m\u0113r\u0137\u0113\u0161anai.<\/p>\n<p>P\u016bt\u0113ju iero\u010di (swishes) ir vienk\u0101r\u0161i gaisa iero\u010di, kurus \u0100zijas, \u0100frikas un Dienvidamerikas primit\u012bv\u0101s tautas izmanto putnu un mazu dz\u012bvnieku med\u012b\u0161anai. M\u016bsdienu swishguns, at\u0161\u0137ir\u012bb\u0101 no tradicion\u0101lajiem med\u012bbu iero\u010diem, galvenok\u0101rt ir paredz\u0113ti atp\u016btai un \u0101ra sp\u0113l\u0113m. <\/p>\n<p>Piep\u016b\u0161amais sporta apr\u012bkojums Kolba \u0101ra veikal\u0101<br \/>\nNXG Blow Gun 30 &#8221; ir viegla konstrukcija, kas izgatavota no alum\u012bnija un polim\u0113ra. 76 cm garajam p\u016bt\u0113ja pistolei ir konusveida saspie\u017eams purns vieglai gaisa iesmidzin\u0101\u0161anai, gumijots rokturis, sp\u0101rnu tur\u0113t\u0101js un taisns priek\u0161gala griezums, lai m\u0113s var\u0113tu viegl\u0101k m\u0113r\u0137\u0113t uz m\u0113r\u0137iem vair\u0101ku metru att\u0101lum\u0101. V\u0113ja \u0161autenes \u0161au\u0161anas diapazons un precizit\u0101te ir atkar\u012bga no individu\u0101l\u0101s piem\u0113rot\u012bbas un apm\u0101c\u012bbas, ko m\u0113s velt\u0101m \u0161\u012bs prasmes uzlabo\u0161anai. Parasti liel\u0101k\u0101 da\u013ca lietot\u0101ju jau p\u0113c p\u0101ris treni\u0146iem sp\u0113j sasniegt m\u0113r\u0137i 5-7 metru att\u0101lum\u0101. Komplekt\u0101 ietilpst 10 bulti\u0146as ar asu m\u0113r\u0137a bulti\u0146as galvi\u0146u.    <\/p>\n<p>K\u0101 \u0161aut ar sitaminstrumentu?<br \/>\nPirmais solis ir novietot bulti\u0146u no purnas. P\u0113c m\u0113r\u0137a izv\u0113les nospiediet mutes galu un, sp\u0113c\u012bgi p\u016b\u0161ot, mest bulti\u0146u m\u0113r\u0137a virzien\u0101. J\u0101uzman\u0101s, lai lente netiktu ies\u016bkta mut\u0113, uz\u0146emot gaisu plau\u0161\u0101s, kas var izrais\u012bt nosmak\u0161anas risku.  <\/p>\n<p>Piez\u012bmes lietot\u0101jiem<br \/>\nNekad m\u0113r\u0137is vai \u0161aut virzien\u0101, kur ir cilv\u0113ki un dz\u012bvnieki.<br \/>\nLietojot p\u016bt\u0113ja pistoli, ieteicams valk\u0101t aizsargbrilles.<br \/>\nAtcerieties, ka \u0161au\u0161ana uz cietas virsmas var izrais\u012bt b\u012bstamu riko\u0161etu (nekontrol\u0113ts bulti\u0146as lidojums)<br \/>\nLai gan p\u016bt\u0113ja lielgabals netiek uzskat\u012bts par ieroci, lietot\u0101js ir atbild\u012bgs par dro\u0161\u012bbas noteikumu, likumu un vesel\u0101 sapr\u0101ta iev\u0113ro\u0161anu. T\u0101p\u0113c pirms \u0161au\u0161anas ieteicams izv\u0113l\u0113ties dro\u0161u vietu, kur Nav cilv\u0113ku vai dz\u012bvnieku. <\/p>\n<p>&nbsp;<\/p>\n","protected":false},"featured_media":127527,"template":"","meta":{"_acf_changed":false},"product_brand":[],"product_cat":[998],"product_tag":[],"class_list":{"0":"post-150309","1":"product","2":"type-product","3":"status-publish","4":"has-post-thumbnail","6":"product_cat-rokasspradze","8":"first","9":"instock","10":"taxable","11":"shipping-taxable","12":"purchasable","13":"product-type-simple"},"acf":[],"_links":{"self":[{"href":"https:\/\/kingarms.ee\/lv\/wp-json\/wp\/v2\/product\/150309","targetHints":{"allow":["GET"]}}],"collection":[{"href":"https:\/\/kingarms.ee\/lv\/wp-json\/wp\/v2\/product"}],"about":[{"href":"https:\/\/kingarms.ee\/lv\/wp-json\/wp\/v2\/types\/product"}],"wp:featuredmedia":[{"embeddable":true,"href":"https:\/\/kingarms.ee\/lv\/wp-json\/wp\/v2\/media\/127527"}],"wp:attachment":[{"href":"https:\/\/kingarms.ee\/lv\/wp-json\/wp\/v2\/media?parent=150309"}],"wp:term":[{"taxonomy":"product_brand","embeddable":true,"href":"https:\/\/kingarms.ee\/lv\/wp-json\/wp\/v2\/product_brand?post=150309"},{"taxonomy":"product_cat","embeddable":true,"href":"https:\/\/kingarms.ee\/lv\/wp-json\/wp\/v2\/product_cat?post=150309"},{"taxonomy":"product_tag","embeddable":true,"href":"https:\/\/kingarms.ee\/lv\/wp-json\/wp\/v2\/product_tag?post=150309"}],"curies":[{"name":"wp","href":"https:\/\/api.w.org\/{rel}","templated":true}]}}