{"id":150311,"date":"2023-02-27T15:43:05","date_gmt":"2025-05-27T09:53:02","guid":{"rendered":"https:\/\/kingarms.ee\/product\/gpm1911-d-day-limited-edition-g-g\/"},"modified":"2025-05-27T12:53:02","modified_gmt":"2025-05-27T09:53:02","slug":"gpm1911-d-day-limited-edition-g-g","status":"publish","type":"product","link":"https:\/\/kingarms.ee\/lv\/product\/gpm1911-d-day-limited-edition-g-g\/","title":{"rendered":"GPM1911 D-Day Limited Edition (G &amp; G)"},"content":{"rendered":"<p><img loading=\"lazy\" decoding=\"async\" class=\"alignnone size-full wp-image-75452\" src=\"https:\/\/kingarms.ee\/wp-content\/uploads\/2023\/02\/1-2.jpg\" alt=\"\" width=\"1000\" height=\"1000\" srcset=\"https:\/\/kingarms.ee\/wp-content\/uploads\/2023\/02\/1-2.jpg 1000w, https:\/\/kingarms.ee\/wp-content\/uploads\/2023\/02\/1-2-300x300.jpg 300w, https:\/\/kingarms.ee\/wp-content\/uploads\/2023\/02\/1-2-150x150.jpg 150w, https:\/\/kingarms.ee\/wp-content\/uploads\/2023\/02\/1-2-768x768.jpg 768w, https:\/\/kingarms.ee\/wp-content\/uploads\/2023\/02\/1-2-500x500.jpg 500w\" sizes=\"auto, (max-width: 1000px) 100vw, 1000px\" \/><\/p>\n","protected":false},"excerpt":{"rendered":"<p><span style=\"color: #ff0000;\">NB!<\/p>\n<p> GPM1911 D-Day Limited Edition ir ierobe\u017eots izdevums<\/span><\/p>\n<p><b>PAMATINFORM\u0100CIJA:<\/b><\/p>\n<ul>\n<li aria-level=\"1\">GPM1911 D-Day Limited Edition (G &amp; G)<\/li>\n<li style=\"font-weight: 400;\" aria-level=\"1\"><span style=\"font-weight: 400;\">Kalibrs: 6mm\n<p><\/span><\/li>\n<li style=\"font-weight: 400;\" aria-level=\"1\"><span style=\"font-weight: 400;\">Baro\u0161anas avots: za\u013c\u0101 g\u0101ze<\/span><\/li>\n<li style=\"font-weight: 400;\" aria-level=\"1\"><span style=\"font-weight: 400;\">Cop: 1.1 J<\/span><\/li>\n<li style=\"font-weight: 400;\" aria-level=\"1\"><span style=\"font-weight: 400;\">Uzglab\u0101\u0161anas jauda: 26gab<\/span><\/li>\n<li style=\"font-weight: 400;\" aria-level=\"1\"><span style=\"font-weight: 400;\">Hop-Up: Reguleeritav<\/span><\/li>\n<li style=\"font-weight: 400;\" aria-level=\"1\"><span style=\"font-weight: 400;\">\u0100trums: 110m \/ s <\/span><\/li>\n<li style=\"font-weight: 400;\" aria-level=\"1\"><span style=\"font-weight: 400;\">Neveiksme: j\u0101<\/span><\/li>\n<li style=\"font-weight: 400;\" aria-level=\"1\"><span style=\"font-weight: 400;\">Re\u017e\u012bms: Pusautom\u0101tisks<\/span><\/li>\n<li style=\"font-weight: 400;\" aria-level=\"1\"><span style=\"font-weight: 400;\">Materi\u0101ls: Met\u0101ls<\/span><\/li>\n<\/ul>\n<p><b>IZM\u0112RS:<\/b><\/p>\n<ul>\n<li style=\"font-weight: 400;\" aria-level=\"1\"><span style=\"font-weight: 400;\">Garums: 220mm<\/span><\/li>\n<li style=\"font-weight: 400;\" aria-level=\"1\"><span style=\"font-weight: 400;\">Svars: 880g<\/span><\/li>\n<\/ul>\n<p><b>Iestatiet iETILPST:<\/b><\/p>\n<ul>\n<li style=\"font-weight: 400;\" aria-level=\"1\"><span style=\"font-weight: 400;\">GPM1911 D-Day Limited Edition<\/span><\/li>\n<li style=\"font-weight: 400;\" aria-level=\"1\"><span style=\"font-weight: 400;\">Koka koferis<\/span><\/li>\n<li style=\"font-weight: 400;\" aria-level=\"1\"><span style=\"font-weight: 400;\">7x imit\u0101cijas \u0161aujamiero\u010da kasetne<\/span><\/li>\n<\/ul>\n","protected":false},"featured_media":127484,"template":"","meta":{"_acf_changed":false},"product_brand":[],"product_cat":[1000],"product_tag":[],"class_list":{"0":"post-150311","1":"product","2":"type-product","3":"status-publish","4":"has-post-thumbnail","6":"product_cat-rokas-pistoles","8":"first","9":"onbackorder","10":"taxable","11":"shipping-taxable","12":"product-type-simple"},"acf":[],"_links":{"self":[{"href":"https:\/\/kingarms.ee\/lv\/wp-json\/wp\/v2\/product\/150311","targetHints":{"allow":["GET"]}}],"collection":[{"href":"https:\/\/kingarms.ee\/lv\/wp-json\/wp\/v2\/product"}],"about":[{"href":"https:\/\/kingarms.ee\/lv\/wp-json\/wp\/v2\/types\/product"}],"wp:featuredmedia":[{"embeddable":true,"href":"https:\/\/kingarms.ee\/lv\/wp-json\/wp\/v2\/media\/127484"}],"wp:attachment":[{"href":"https:\/\/kingarms.ee\/lv\/wp-json\/wp\/v2\/media?parent=150311"}],"wp:term":[{"taxonomy":"product_brand","embeddable":true,"href":"https:\/\/kingarms.ee\/lv\/wp-json\/wp\/v2\/product_brand?post=150311"},{"taxonomy":"product_cat","embeddable":true,"href":"https:\/\/kingarms.ee\/lv\/wp-json\/wp\/v2\/product_cat?post=150311"},{"taxonomy":"product_tag","embeddable":true,"href":"https:\/\/kingarms.ee\/lv\/wp-json\/wp\/v2\/product_tag?post=150311"}],"curies":[{"name":"wp","href":"https:\/\/api.w.org\/{rel}","templated":true}]}}