{"id":150313,"date":"2023-02-20T19:16:19","date_gmt":"2025-05-27T09:57:25","guid":{"rendered":"https:\/\/kingarms.ee\/product\/e-park-fenix\/"},"modified":"2025-05-27T12:57:25","modified_gmt":"2025-05-27T09:57:25","slug":"e-park-fenix","status":"publish","type":"product","link":"https:\/\/kingarms.ee\/lv\/product\/e-park-fenix\/","title":{"rendered":"E-Park (Fenix)"},"content":{"rendered":"<p><img loading=\"lazy\" decoding=\"async\" class=\"alignnone size-full wp-image-74940\" src=\"https:\/\/kingarms.ee\/wp-content\/uploads\/2023\/02\/espark.jpg\" alt=\"\" width=\"850\" height=\"850\" srcset=\"https:\/\/kingarms.ee\/wp-content\/uploads\/2023\/02\/espark.jpg 850w, https:\/\/kingarms.ee\/wp-content\/uploads\/2023\/02\/espark-300x300.jpg 300w, https:\/\/kingarms.ee\/wp-content\/uploads\/2023\/02\/espark-150x150.jpg 150w, https:\/\/kingarms.ee\/wp-content\/uploads\/2023\/02\/espark-768x768.jpg 768w, https:\/\/kingarms.ee\/wp-content\/uploads\/2023\/02\/espark-500x500.jpg 500w\" sizes=\"auto, (max-width: 850px) 100vw, 850px\" \/><\/p>\n","protected":false},"excerpt":{"rendered":"<p>E-Park (Fenix)<\/p>\n<p>E-SPARK uz Fenix &#8216; I \u00fcks unikaalsemaid taskulampe. Tegemist uz suuruselt krediitkaarti meenutava taskulambiga, mille pikkuseks uz 87mm, laiuseks 37mm ning paksuseks k\u00f5igest 8mm. Kaaluks koos toiteallikaga uz 37 grammi. Vaatamata suurusele par tegemist igati v\u00f5imeka kvaliteettaskulambiga, mis mahub igasse taskusse, v\u00f5tmekimbu k\u00fclge ja miks mitte isegi rahakoti krediitkaardi taskusse. E-SPARK korpus par valmistatud alumiiniumist ja kaetud tugeva t\u00fc\u00fcp III anodeeringuga. Maksimaalseks valgusj\u00f5uks uz 100 luumenit ning saadaval uz kolm valge valguse t\u00f6\u00f6re\u017eiimi, punase ja punase vilkuva ohutusvalgusti re\u017eiim. Maksimaalseks t\u00f6\u00f6ajaks \u00fche laadimisega par kuni 52 j\u00e4rjestikust t\u00f6\u00f6tundi. Toiteallikaks uz integreeritud 800mAh mahutavusega LiFePO4 liitiumaku. Lambil uz kaks USB-C porti-\u00fche pordi kaudu uz Lampas laetav standardse USB-C kaabliga ning teise kaudu t\u00f6\u00f6tab avariiolukordades akupangana. Akupanga funktsioon uz ette n\u00e4htud avariiolukordades telefonide ja teiste v\u00e4ikese voolutarbega seadmete toiteks ning laadimiseks. Lambi laadimispordid par kaetud kattega, mis t\u00f6\u00f6tab vad\u012bja elementide ette paigaldatuna valgushajutina. Kindlaks igap\u00e4evaseks kaasas kandmiseks on E-SPARK varustatud v\u00f5tmer\u00f5nga\/k\u00e4epaela aasaga (m\u00f5lemad kompleksis kaasas) ning lukustusfunktsiooniga lambi tahtmatu sissel\u00fclitamise kaitseks. Lisaks uz Lampas toiteallika laetustaseme indikaatoriga, mis annab reaalajas infot aku laetustaseme kohta. Seega, kui vajate uudse v\u00e4limusega multifunktsionaalset ja kompaktset taskulampi, siis Fenix E-SPARK on kindlasti \u00fcks valikutest, mis ei j\u00e4ta k\u00fclmaks.             <\/p>\n","protected":false},"featured_media":127420,"template":"","meta":{"_acf_changed":false},"product_brand":[],"product_cat":[1120],"product_tag":[],"class_list":{"0":"post-150313","1":"product","2":"type-product","3":"status-publish","4":"has-post-thumbnail","6":"product_cat-energijas-banka","8":"first","9":"instock","10":"taxable","11":"shipping-taxable","12":"purchasable","13":"product-type-simple"},"acf":[],"_links":{"self":[{"href":"https:\/\/kingarms.ee\/lv\/wp-json\/wp\/v2\/product\/150313","targetHints":{"allow":["GET"]}}],"collection":[{"href":"https:\/\/kingarms.ee\/lv\/wp-json\/wp\/v2\/product"}],"about":[{"href":"https:\/\/kingarms.ee\/lv\/wp-json\/wp\/v2\/types\/product"}],"wp:featuredmedia":[{"embeddable":true,"href":"https:\/\/kingarms.ee\/lv\/wp-json\/wp\/v2\/media\/127420"}],"wp:attachment":[{"href":"https:\/\/kingarms.ee\/lv\/wp-json\/wp\/v2\/media?parent=150313"}],"wp:term":[{"taxonomy":"product_brand","embeddable":true,"href":"https:\/\/kingarms.ee\/lv\/wp-json\/wp\/v2\/product_brand?post=150313"},{"taxonomy":"product_cat","embeddable":true,"href":"https:\/\/kingarms.ee\/lv\/wp-json\/wp\/v2\/product_cat?post=150313"},{"taxonomy":"product_tag","embeddable":true,"href":"https:\/\/kingarms.ee\/lv\/wp-json\/wp\/v2\/product_tag?post=150313"}],"curies":[{"name":"wp","href":"https:\/\/api.w.org\/{rel}","templated":true}]}}