{"id":150317,"date":"2023-02-20T18:51:31","date_gmt":"2025-05-27T10:01:54","guid":{"rendered":"https:\/\/kingarms.ee\/product\/ent-00-ierocu-kontroles-skava-fenix\/"},"modified":"2025-05-27T13:01:54","modified_gmt":"2025-05-27T10:01:54","slug":"ent-00-ierocu-kontroles-skava-fenix","status":"publish","type":"product","link":"https:\/\/kingarms.ee\/lv\/product\/ent-00-ierocu-kontroles-skava-fenix\/","title":{"rendered":"Ent-00 iero\u010du kontroles skava (Fenix)"},"content":{"rendered":"<p><img loading=\"lazy\" decoding=\"async\" class=\"alignnone size-full wp-image-74848\" src=\"https:\/\/kingarms.ee\/wp-content\/uploads\/2023\/02\/1-1.jpg\" alt=\"\" width=\"850\" height=\"850\" srcset=\"https:\/\/kingarms.ee\/wp-content\/uploads\/2023\/02\/1-1.jpg 850w, https:\/\/kingarms.ee\/wp-content\/uploads\/2023\/02\/1-1-300x300.jpg 300w, https:\/\/kingarms.ee\/wp-content\/uploads\/2023\/02\/1-1-150x150.jpg 150w, https:\/\/kingarms.ee\/wp-content\/uploads\/2023\/02\/1-1-768x768.jpg 768w, https:\/\/kingarms.ee\/wp-content\/uploads\/2023\/02\/1-1-500x500.jpg 500w\" sizes=\"auto, (max-width: 850px) 100vw, 850px\" \/><\/p>\n","protected":false},"excerpt":{"rendered":"<p>Ent-00 iero\u010du kontroles skava (Fenix)<\/p>\n<p>Fenix ELT-00 ir \u0101trgaitas pistoles klips l\u0101p\u0101m. Iero\u010du skava sakr\u012bt ar Pikatinniju (MIL-ST-1913). Instal\u0101cijai nav nepiecie\u0161ami r\u012bki, \u0161eit nospie\u017eot apstiprin\u0101juma no\u0146em\u0161anu, nospie\u017eot \u0101truma laivu sist\u0113mu. Fenix s\u0101kotn\u0113jais-00 piel\u0101gojas luktur\u012b\u0161iem ar korpusa \u0101r\u0113jo diametru no 22,5 &#8230; 26,0 mm. Lampas fiks\u0101ciju starp piestiprin\u0101\u0161anas pus\u0113m meh\u0101niski pavada se\u0161st\u016bra. Iero\u010da stiprin\u0101juma klips ir izgatavots ar anod\u0113tu alum\u012bnija sakaus\u0113jumu un m\u012bkstino\u0161\u0101m gumijas josl\u0101m no iek\u0161puses. Fenix s\u0101kotn\u0113jais -00 garums ir 35 mm, 46 mm plats, 43 mm augstums un sver 56 g. Papildus mont\u0101\u017eas kron\u0161teinam, se\u0161st\u016bra atsl\u0113ga un rezerves spilvenu elements starp lampu un mont\u0101\u017eas kron\u0161teinu.<\/p>\n","protected":false},"featured_media":127381,"template":"","meta":{"_acf_changed":false},"product_brand":[],"product_cat":[1089],"product_tag":[],"class_list":{"0":"post-150317","1":"product","2":"type-product","3":"status-publish","4":"has-post-thumbnail","6":"product_cat-rokturi-gredzeni-jostas","8":"first","9":"instock","10":"taxable","11":"shipping-taxable","12":"purchasable","13":"product-type-simple"},"acf":[],"_links":{"self":[{"href":"https:\/\/kingarms.ee\/lv\/wp-json\/wp\/v2\/product\/150317","targetHints":{"allow":["GET"]}}],"collection":[{"href":"https:\/\/kingarms.ee\/lv\/wp-json\/wp\/v2\/product"}],"about":[{"href":"https:\/\/kingarms.ee\/lv\/wp-json\/wp\/v2\/types\/product"}],"wp:featuredmedia":[{"embeddable":true,"href":"https:\/\/kingarms.ee\/lv\/wp-json\/wp\/v2\/media\/127381"}],"wp:attachment":[{"href":"https:\/\/kingarms.ee\/lv\/wp-json\/wp\/v2\/media?parent=150317"}],"wp:term":[{"taxonomy":"product_brand","embeddable":true,"href":"https:\/\/kingarms.ee\/lv\/wp-json\/wp\/v2\/product_brand?post=150317"},{"taxonomy":"product_cat","embeddable":true,"href":"https:\/\/kingarms.ee\/lv\/wp-json\/wp\/v2\/product_cat?post=150317"},{"taxonomy":"product_tag","embeddable":true,"href":"https:\/\/kingarms.ee\/lv\/wp-json\/wp\/v2\/product_tag?post=150317"}],"curies":[{"name":"wp","href":"https:\/\/api.w.org\/{rel}","templated":true}]}}