{"id":150319,"date":"2023-02-20T17:57:43","date_gmt":"2025-05-27T10:03:51","guid":{"rendered":"https:\/\/kingarms.ee\/product\/rotejosais-zvaigznu-merkis-wosport\/"},"modified":"2025-05-27T13:03:51","modified_gmt":"2025-05-27T10:03:51","slug":"rotejosais-zvaigznu-merkis-wosport","status":"publish","type":"product","link":"https:\/\/kingarms.ee\/lv\/product\/rotejosais-zvaigznu-merkis-wosport\/","title":{"rendered":"Rot\u0113jo\u0161ais zvaig\u017e\u0146u m\u0113r\u0137is (Wosport)"},"content":{"rendered":"<p><img loading=\"lazy\" decoding=\"async\" class=\"alignnone size-full wp-image-74837\" src=\"https:\/\/kingarms.ee\/wp-content\/uploads\/2023\/02\/wosport-star-target-wo-tg18.jpg\" alt=\"\" width=\"1000\" height=\"1000\" srcset=\"https:\/\/kingarms.ee\/wp-content\/uploads\/2023\/02\/wosport-star-target-wo-tg18.jpg 1000w, https:\/\/kingarms.ee\/wp-content\/uploads\/2023\/02\/wosport-star-target-wo-tg18-300x300.jpg 300w, https:\/\/kingarms.ee\/wp-content\/uploads\/2023\/02\/wosport-star-target-wo-tg18-150x150.jpg 150w, https:\/\/kingarms.ee\/wp-content\/uploads\/2023\/02\/wosport-star-target-wo-tg18-768x768.jpg 768w, https:\/\/kingarms.ee\/wp-content\/uploads\/2023\/02\/wosport-star-target-wo-tg18-500x500.jpg 500w\" sizes=\"auto, (max-width: 1000px) 100vw, 1000px\" \/><\/p>\n","protected":false},"excerpt":{"rendered":"<p>Rot\u0113jo\u0161ais zvaig\u017e\u0146u m\u0113r\u0137is (Wosport)<\/p>\n<p>Zvaig\u017e\u0146u m\u0113r\u0137is<br \/>\nMagn\u0113tiskie mini m\u0113r\u0137i, tas nokr\u012bt zem\u0113 p\u0113c katra tr\u0101p\u012bjuma<br \/>\nP\u0113c viena no mini m\u0113r\u0137iem kri\u0161anas zvaigzne p\u0101rvietojas pa kreisi un pa labi smaguma centra izmai\u0146u d\u0113\u013c<br \/>\nPamatne ir nostiprin\u0101ma (skr\u016bves nav iek\u013cautas komplekt\u0101)<br \/>\nIzm\u0113ri 610mm x 650mm x 18mm<br \/>\nSvars 1730g<\/p>\n","protected":false},"featured_media":132909,"template":"","meta":{"_acf_changed":false},"product_brand":[],"product_cat":[1063],"product_tag":[],"class_list":{"0":"post-150319","1":"product","2":"type-product","3":"status-publish","4":"has-post-thumbnail","6":"product_cat-merki","8":"first","9":"instock","10":"taxable","11":"shipping-taxable","12":"purchasable","13":"product-type-simple"},"acf":[],"_links":{"self":[{"href":"https:\/\/kingarms.ee\/lv\/wp-json\/wp\/v2\/product\/150319","targetHints":{"allow":["GET"]}}],"collection":[{"href":"https:\/\/kingarms.ee\/lv\/wp-json\/wp\/v2\/product"}],"about":[{"href":"https:\/\/kingarms.ee\/lv\/wp-json\/wp\/v2\/types\/product"}],"wp:featuredmedia":[{"embeddable":true,"href":"https:\/\/kingarms.ee\/lv\/wp-json\/wp\/v2\/media\/132909"}],"wp:attachment":[{"href":"https:\/\/kingarms.ee\/lv\/wp-json\/wp\/v2\/media?parent=150319"}],"wp:term":[{"taxonomy":"product_brand","embeddable":true,"href":"https:\/\/kingarms.ee\/lv\/wp-json\/wp\/v2\/product_brand?post=150319"},{"taxonomy":"product_cat","embeddable":true,"href":"https:\/\/kingarms.ee\/lv\/wp-json\/wp\/v2\/product_cat?post=150319"},{"taxonomy":"product_tag","embeddable":true,"href":"https:\/\/kingarms.ee\/lv\/wp-json\/wp\/v2\/product_tag?post=150319"}],"curies":[{"name":"wp","href":"https:\/\/api.w.org\/{rel}","templated":true}]}}