{"id":150326,"date":"2023-02-09T14:40:53","date_gmt":"2025-05-27T14:22:32","guid":{"rendered":"https:\/\/kingarms.ee\/product\/magnetiskais-stiprinajums-ar-burdock-klipu\/"},"modified":"2025-05-27T17:22:32","modified_gmt":"2025-05-27T14:22:32","slug":"magnetiskais-stiprinajums-ar-burdock-klipu","status":"publish","type":"product","link":"https:\/\/kingarms.ee\/lv\/product\/magnetiskais-stiprinajums-ar-burdock-klipu\/","title":{"rendered":"Magn\u0113tiskais stiprin\u0101jums ar Burdock klipu"},"content":{"rendered":"<p><img loading=\"lazy\" decoding=\"async\" class=\"alignnone size-full wp-image-74485\" src=\"https:\/\/kingarms.ee\/wp-content\/uploads\/2023\/02\/2.jpg\" alt=\"\" width=\"1000\" height=\"1000\" srcset=\"https:\/\/kingarms.ee\/wp-content\/uploads\/2023\/02\/2.jpg 1000w, https:\/\/kingarms.ee\/wp-content\/uploads\/2023\/02\/2-300x300.jpg 300w, https:\/\/kingarms.ee\/wp-content\/uploads\/2023\/02\/2-150x150.jpg 150w, https:\/\/kingarms.ee\/wp-content\/uploads\/2023\/02\/2-768x768.jpg 768w, https:\/\/kingarms.ee\/wp-content\/uploads\/2023\/02\/2-500x500.jpg 500w\" sizes=\"auto, (max-width: 1000px) 100vw, 1000px\" \/><\/p>\n","protected":false},"excerpt":{"rendered":"<p><strong>Magnetkinnitus takjaklambriga<\/strong><\/p>\n<p>T\u00e4ielikult integreeritud, sisseehitatud haruldaste muldmetallide neod\u00fc\u00fcmmagnet<br \/>\nKinnitub magnetiliselt mis tahes Guardian Angel seadmega<br \/>\nSaab k\u00f5vasti kinnitada mis tahes seadme k\u00fclge kahe kruviga \u2013 M3 x 6mm, Philipsi pea<br \/>\nKinnituse alumine osa on kaetud tugevate 3M eriti pikkade takjakonksudega, et kinnitada mis tahes takjakinnituse pinnale<br \/>\nSisaldab valikulist 3M Dual Lock kleepuvat kinnitust (kasutage Velcro asemel)<br \/>\nKaasas 3x Velcro kinnitused<br \/>\n\u00dchildub nii Elite\u2122 kui ka Micro\u2122 seadmetega<\/p>\n","protected":false},"featured_media":127242,"template":"","meta":{"_acf_changed":false},"product_brand":[],"product_cat":[1019],"product_tag":[],"class_list":{"0":"post-150326","1":"product","2":"type-product","3":"status-publish","4":"has-post-thumbnail","6":"product_cat-policija-militaristi","8":"first","9":"instock","10":"taxable","11":"shipping-taxable","12":"purchasable","13":"product-type-simple"},"acf":[],"_links":{"self":[{"href":"https:\/\/kingarms.ee\/lv\/wp-json\/wp\/v2\/product\/150326","targetHints":{"allow":["GET"]}}],"collection":[{"href":"https:\/\/kingarms.ee\/lv\/wp-json\/wp\/v2\/product"}],"about":[{"href":"https:\/\/kingarms.ee\/lv\/wp-json\/wp\/v2\/types\/product"}],"wp:featuredmedia":[{"embeddable":true,"href":"https:\/\/kingarms.ee\/lv\/wp-json\/wp\/v2\/media\/127242"}],"wp:attachment":[{"href":"https:\/\/kingarms.ee\/lv\/wp-json\/wp\/v2\/media?parent=150326"}],"wp:term":[{"taxonomy":"product_brand","embeddable":true,"href":"https:\/\/kingarms.ee\/lv\/wp-json\/wp\/v2\/product_brand?post=150326"},{"taxonomy":"product_cat","embeddable":true,"href":"https:\/\/kingarms.ee\/lv\/wp-json\/wp\/v2\/product_cat?post=150326"},{"taxonomy":"product_tag","embeddable":true,"href":"https:\/\/kingarms.ee\/lv\/wp-json\/wp\/v2\/product_tag?post=150326"}],"curies":[{"name":"wp","href":"https:\/\/api.w.org\/{rel}","templated":true}]}}