{"id":150356,"date":"2024-12-06T16:36:47","date_gmt":"2025-06-06T11:40:31","guid":{"rendered":"https:\/\/kingarms.ee\/product\/dekorativais-fantazijas-zobens-zs628\/"},"modified":"2025-08-02T17:44:47","modified_gmt":"2025-08-02T14:44:47","slug":"dekorativais-fantazijas-zobens-zs628","status":"publish","type":"product","link":"https:\/\/kingarms.ee\/lv\/product\/dekorativais-fantazijas-zobens-zs628\/","title":{"rendered":"DEKORAT\u012aVAIS FANT\u0100ZIJAS ZOBENS (ZS628)"},"content":{"rendered":"<p>DEKORAT\u012aVAIS FANT\u0100ZIJAS ZOBENS (ZS628)<\/p>\n<p>Dekorat\u012bv\u0101 fant\u0101zijas zobens<\/p>\n<p>IEDVESMOJOTIES NO&#8221; LA PUCELLE: CRIMSON SV\u0112T\u0100 JAUNAVA &#8221; ZOBENS<\/p>\n<p>RAKSTURS: JEANNE D &#8216; ARC<\/p>\n<p>MANGA S\u0112RIJA: LIKTENIS \/ APOKRIFS<\/p>\n<p>T\u0112RAUDA ASMENS<\/p>\n<p>KOKA AR MET\u0100LA DETA\u013b\u0100M<\/p>\n<p>MET\u0100LA AIZSARGS UN POMMEL<\/p>\n<p>KOKA ROKTURIS<\/p>\n<p>MET\u0100LA ROKTURIS UN ROKTURIS<\/p>\n<p>Kop\u0113jais garums: 1070mm (1150mm ar SCABBARD)<\/p>\n<p>Asmens garums: 760mm<\/p>\n<p>Svars 1450g (1750G ar ka\u0161\u0137i)<\/p>\n<p>SKARBS UN NE ASIN\u0100T L\u0100PSTU, TIKAI DEKORAT\u012aVIEM NOL\u016aKIEM<\/p>\n<p>PIRMS IEG\u0100DES, L\u016aDZU, P\u0100RBAUDIET SAVAS VALSTS REGUL\u0112JUMU<\/p>\n","protected":false},"excerpt":{"rendered":"<p>DECORATIVE FANTASY SWORD (ZS628)<\/p>\n<p>Dekorat\u012bv\u0101 fant\u0101zijas zobens<\/p>\n<p>IEDVESMOJOTIES NO &#8220;LA PUCELLE: CRIMSON SVET JAUNAVA&#8221; ZOBENS<\/p>\n<p>RAKSTURS: \u017dANNA D &#8216; ARKA<\/p>\n<p>MANGA SERIES: \u018f\u0418\u041a\u0422\u0415\u041d\u0418\u0421 \/ APOCRYPHA<\/p>\n<p>T\u0112RAUDA ASMENS<\/p>\n<p>KOKAAR MET\u0100LA DETA\u013bAS<\/p>\n<p>METAL GUARD AND POMMEL<\/p>\n<p>KOKA ROKTURIS<\/p>\n<p>METAL HANDLE AND HANDLE<\/p>\n<p>Total length: 1070mm (1150mm with SCABBARD)<\/p>\n<p>Asmens garums: 760mm<\/p>\n<p>Svars 1450g (1750g ar \u0137iveres)<\/p>\n<p>SKARBS UN NE ASIN\u0100TS L\u0100STU, TIKAIKORAT\u012aVIEMIEM NOL\u016aKIEM<\/p>\n<p>PIRMS IEEJAS, LUDZU, P\u0100RBAUDIET SAVU VALSTS REGUL\u0112JUMU<\/p>\n","protected":false},"featured_media":139482,"template":"","meta":{"_acf_changed":false},"product_brand":[],"product_cat":[1105,1311],"product_tag":[],"class_list":{"0":"post-150356","1":"product","2":"type-product","3":"status-publish","4":"has-post-thumbnail","6":"product_cat-cits","7":"product_cat-zobeni","9":"first","10":"instock","11":"purchasable","12":"product-type-simple"},"acf":[],"_links":{"self":[{"href":"https:\/\/kingarms.ee\/lv\/wp-json\/wp\/v2\/product\/150356","targetHints":{"allow":["GET"]}}],"collection":[{"href":"https:\/\/kingarms.ee\/lv\/wp-json\/wp\/v2\/product"}],"about":[{"href":"https:\/\/kingarms.ee\/lv\/wp-json\/wp\/v2\/types\/product"}],"wp:featuredmedia":[{"embeddable":true,"href":"https:\/\/kingarms.ee\/lv\/wp-json\/wp\/v2\/media\/139482"}],"wp:attachment":[{"href":"https:\/\/kingarms.ee\/lv\/wp-json\/wp\/v2\/media?parent=150356"}],"wp:term":[{"taxonomy":"product_brand","embeddable":true,"href":"https:\/\/kingarms.ee\/lv\/wp-json\/wp\/v2\/product_brand?post=150356"},{"taxonomy":"product_cat","embeddable":true,"href":"https:\/\/kingarms.ee\/lv\/wp-json\/wp\/v2\/product_cat?post=150356"},{"taxonomy":"product_tag","embeddable":true,"href":"https:\/\/kingarms.ee\/lv\/wp-json\/wp\/v2\/product_tag?post=150356"}],"curies":[{"name":"wp","href":"https:\/\/api.w.org\/{rel}","templated":true}]}}