{"id":150360,"date":"2023-12-05T18:47:26","date_gmt":"2025-06-06T12:14:09","guid":{"rendered":"https:\/\/kingarms.ee\/product\/ierakstu-turetajs-bess-emersongear\/"},"modified":"2025-08-03T14:15:58","modified_gmt":"2025-08-03T11:15:58","slug":"ierakstu-turetajs-bess-emersongear","status":"publish","type":"product","link":"https:\/\/kingarms.ee\/lv\/product\/ierakstu-turetajs-bess-emersongear\/","title":{"rendered":"Ierakstu Tur\u0113t\u0101js-B\u0113\u0161s (EmersonGear)"},"content":{"rendered":"<p><img loading=\"lazy\" decoding=\"async\" class=\"alignnone size-full wp-image-85606\" src=\"https:\/\/kingarms.ee\/wp-content\/uploads\/2023\/12\/emersongear-tactical-vest-420-plate-carrier-coyote-brown-em7362cb.jpeg\" alt=\"\" width=\"600\" height=\"600\" srcset=\"https:\/\/kingarms.ee\/wp-content\/uploads\/2023\/12\/emersongear-tactical-vest-420-plate-carrier-coyote-brown-em7362cb.jpeg 600w, https:\/\/kingarms.ee\/wp-content\/uploads\/2023\/12\/emersongear-tactical-vest-420-plate-carrier-coyote-brown-em7362cb-300x300.jpeg 300w, https:\/\/kingarms.ee\/wp-content\/uploads\/2023\/12\/emersongear-tactical-vest-420-plate-carrier-coyote-brown-em7362cb-150x150.jpeg 150w, https:\/\/kingarms.ee\/wp-content\/uploads\/2023\/12\/emersongear-tactical-vest-420-plate-carrier-coyote-brown-em7362cb-500x500.jpeg 500w\" sizes=\"auto, (max-width: 600px) 100vw, 600px\" \/><\/p>\n","protected":false},"excerpt":{"rendered":"<p>Ierakstu Tur\u0113t\u0101js-B\u0113\u0161s (EmersonGear)<\/p>\n<p>Taustes veste<br \/>\nCordura 500D<br \/>\nMolle sist\u0113ma aizmugur\u0113 un ab\u0101s pus\u0113s<br \/>\nNo\u0146emams tr\u012bsk\u0101r\u0161ais papl\u0101tes maisi\u0146\u0161 ar auklu un papildu molle sist\u0113mu<br \/>\nPriek\u0161\u0113j\u0101 soma ar piltuvi un \u0101\u0137a cilpas paneli<br \/>\nPiem\u0113rots striker taustes pane\u013ciem<br \/>\nKr\u0101sa koijots br\u016bns<\/p>\n","protected":false},"featured_media":131344,"template":"","meta":{"_acf_changed":false},"product_brand":[],"product_cat":[1093],"product_tag":[],"class_list":{"0":"post-150360","1":"product","2":"type-product","3":"status-publish","4":"has-post-thumbnail","6":"product_cat-vestes-un-zirglietas","8":"first","9":"instock","10":"taxable","11":"shipping-taxable","12":"purchasable","13":"product-type-simple"},"acf":[],"_links":{"self":[{"href":"https:\/\/kingarms.ee\/lv\/wp-json\/wp\/v2\/product\/150360","targetHints":{"allow":["GET"]}}],"collection":[{"href":"https:\/\/kingarms.ee\/lv\/wp-json\/wp\/v2\/product"}],"about":[{"href":"https:\/\/kingarms.ee\/lv\/wp-json\/wp\/v2\/types\/product"}],"wp:featuredmedia":[{"embeddable":true,"href":"https:\/\/kingarms.ee\/lv\/wp-json\/wp\/v2\/media\/131344"}],"wp:attachment":[{"href":"https:\/\/kingarms.ee\/lv\/wp-json\/wp\/v2\/media?parent=150360"}],"wp:term":[{"taxonomy":"product_brand","embeddable":true,"href":"https:\/\/kingarms.ee\/lv\/wp-json\/wp\/v2\/product_brand?post=150360"},{"taxonomy":"product_cat","embeddable":true,"href":"https:\/\/kingarms.ee\/lv\/wp-json\/wp\/v2\/product_cat?post=150360"},{"taxonomy":"product_tag","embeddable":true,"href":"https:\/\/kingarms.ee\/lv\/wp-json\/wp\/v2\/product_tag?post=150360"}],"curies":[{"name":"wp","href":"https:\/\/api.w.org\/{rel}","templated":true}]}}