{"id":150364,"date":"2023-11-18T13:37:47","date_gmt":"2025-06-06T12:20:11","guid":{"rendered":"https:\/\/kingarms.ee\/product\/trieciens-tr17\/"},"modified":"2025-08-03T15:12:28","modified_gmt":"2025-08-03T12:12:28","slug":"trieciens-tr17","status":"publish","type":"product","link":"https:\/\/kingarms.ee\/lv\/product\/trieciens-tr17\/","title":{"rendered":"Trieciens TR17"},"content":{"rendered":"<p><img loading=\"lazy\" decoding=\"async\" class=\"alignnone size-full wp-image-83382\" src=\"https:\/\/kingarms.ee\/wp-content\/uploads\/2023\/11\/BLOW-TR17-B-scaled.jpg\" alt=\"\" width=\"2560\" height=\"1746\" srcset=\"https:\/\/kingarms.ee\/wp-content\/uploads\/2023\/11\/BLOW-TR17-B-scaled.jpg 2560w, https:\/\/kingarms.ee\/wp-content\/uploads\/2023\/11\/BLOW-TR17-B-300x205.jpg 300w, https:\/\/kingarms.ee\/wp-content\/uploads\/2023\/11\/BLOW-TR17-B-1024x698.jpg 1024w, https:\/\/kingarms.ee\/wp-content\/uploads\/2023\/11\/BLOW-TR17-B-768x524.jpg 768w, https:\/\/kingarms.ee\/wp-content\/uploads\/2023\/11\/BLOW-TR17-B-1536x1047.jpg 1536w, https:\/\/kingarms.ee\/wp-content\/uploads\/2023\/11\/BLOW-TR17-B-2048x1397.jpg 2048w, https:\/\/kingarms.ee\/wp-content\/uploads\/2023\/11\/BLOW-TR17-B-500x341.jpg 500w, https:\/\/kingarms.ee\/wp-content\/uploads\/2023\/11\/BLOW-TR17-B-150x102.jpg 150w\" sizes=\"auto, (max-width: 2560px) 100vw, 2560px\" \/><\/p>\n","protected":false},"excerpt":{"rendered":"<p>S\u0101kuma pydstol trieciens TR17 ir autentiska Glock 17 pistoles kopija. Visas da\u013cas no startera darba, t\u0101pat k\u0101 \u0161aujamierocis, ska\u0146u shot ir l\u012bdzv\u0113rt\u012bgi ska\u0146as \u0161aujamierocis ir no\u0161auti. Pistole ir iepakots plastmasas somi\u0146a.<\/p>\n<ul>\n<li>Kalibrs: 9 mm<\/li>\n<li>Mun\u012bcija: 9 mm P. A. K. K\u0101rtrid\u017ei<\/li>\n<li>Garums: 191 mm<\/li>\n<li>Augstums: 140 mm<\/li>\n<li>Platums: 33 mm<\/li>\n<li>Svars: 900 g<\/li>\n<li>Papl\u0101tes ietilp\u012bba: 17 k\u0101rtas<\/li>\n<li>J\u016bs nevarat iz\u0161aut ugu\u0146o\u0161anu un sign\u0101lra\u0137etes ar starta pistoli<\/li>\n<\/ul>\n","protected":false},"featured_media":152705,"template":"","meta":{"_acf_changed":false},"product_brand":[],"product_cat":[1010],"product_tag":[],"class_list":{"0":"post-150364","1":"product","2":"type-product","3":"status-publish","4":"has-post-thumbnail","6":"product_cat-starta-pistoles","8":"first","9":"instock","10":"taxable","11":"shipping-taxable","12":"purchasable","13":"product-type-simple"},"acf":[],"_links":{"self":[{"href":"https:\/\/kingarms.ee\/lv\/wp-json\/wp\/v2\/product\/150364","targetHints":{"allow":["GET"]}}],"collection":[{"href":"https:\/\/kingarms.ee\/lv\/wp-json\/wp\/v2\/product"}],"about":[{"href":"https:\/\/kingarms.ee\/lv\/wp-json\/wp\/v2\/types\/product"}],"wp:featuredmedia":[{"embeddable":true,"href":"https:\/\/kingarms.ee\/lv\/wp-json\/wp\/v2\/media\/152705"}],"wp:attachment":[{"href":"https:\/\/kingarms.ee\/lv\/wp-json\/wp\/v2\/media?parent=150364"}],"wp:term":[{"taxonomy":"product_brand","embeddable":true,"href":"https:\/\/kingarms.ee\/lv\/wp-json\/wp\/v2\/product_brand?post=150364"},{"taxonomy":"product_cat","embeddable":true,"href":"https:\/\/kingarms.ee\/lv\/wp-json\/wp\/v2\/product_cat?post=150364"},{"taxonomy":"product_tag","embeddable":true,"href":"https:\/\/kingarms.ee\/lv\/wp-json\/wp\/v2\/product_tag?post=150364"}],"curies":[{"name":"wp","href":"https:\/\/api.w.org\/{rel}","templated":true}]}}