{"id":150366,"date":"2023-08-30T19:22:56","date_gmt":"2023-08-30T16:22:56","guid":{"rendered":"https:\/\/kingarms.ee\/product\/pcp-optima-ar-hatsan-at44-10\/"},"modified":"2025-08-03T16:13:08","modified_gmt":"2025-08-03T13:13:08","slug":"pcp-optima-ar-hatsan-at44-10","status":"publish","type":"product","link":"https:\/\/kingarms.ee\/lv\/product\/pcp-optima-ar-hatsan-at44-10\/","title":{"rendered":"PCP optima ar Hatsan AT44-10"},"content":{"rendered":"<p><img loading=\"lazy\" decoding=\"async\" class=\"alignnone size-medium wp-image-80424\" src=\"https:\/\/kingarms.ee\/wp-content\/uploads\/2023\/08\/wiatrowka-pcp-optima-by-hatsan-at44-10-long-4-5-mm-e1b913cb50f24fd4a49a36a487741ed7-f152ff3e-300x300.jpg\" alt=\"\" width=\"300\" height=\"300\" srcset=\"https:\/\/kingarms.ee\/wp-content\/uploads\/2023\/08\/wiatrowka-pcp-optima-by-hatsan-at44-10-long-4-5-mm-e1b913cb50f24fd4a49a36a487741ed7-f152ff3e-300x300.jpg 300w, https:\/\/kingarms.ee\/wp-content\/uploads\/2023\/08\/wiatrowka-pcp-optima-by-hatsan-at44-10-long-4-5-mm-e1b913cb50f24fd4a49a36a487741ed7-f152ff3e-150x150.jpg 150w, https:\/\/kingarms.ee\/wp-content\/uploads\/2023\/08\/wiatrowka-pcp-optima-by-hatsan-at44-10-long-4-5-mm-e1b913cb50f24fd4a49a36a487741ed7-f152ff3e-768x768.jpg 768w, https:\/\/kingarms.ee\/wp-content\/uploads\/2023\/08\/wiatrowka-pcp-optima-by-hatsan-at44-10-long-4-5-mm-e1b913cb50f24fd4a49a36a487741ed7-f152ff3e-500x500.jpg 500w, https:\/\/kingarms.ee\/wp-content\/uploads\/2023\/08\/wiatrowka-pcp-optima-by-hatsan-at44-10-long-4-5-mm-e1b913cb50f24fd4a49a36a487741ed7-f152ff3e.jpg 900w\" sizes=\"auto, (max-width: 300px) 100vw, 300px\" \/><\/p>\n","protected":false},"excerpt":{"rendered":"<p>PCP optima ar Hatsan AT44-10<\/p>\n<p>Popul\u0101rs pcp karab\u012bns ar lielisk\u0101m regul\u0113\u0161anas iesp\u0113j\u0101m<br \/>\ngaisa \u0161autene iz\u0161auj standarta 4,5 mm lodes<br \/>\nnomain\u0101ms t\u0113rauda gaisa cilindrs ar ietilp\u012bbu 180 cc<br \/>\nergonomisks polim\u0113ra pistoles rokturis<br \/>\nsimetrisks kaba lab\u0101s un kreis\u0101s puses \u0161\u0101v\u0113jiem<br \/>\ntekstur\u0113ti pane\u013ci uz griestu malas, lai uzlabotu karab\u012bnes sa\u0137eri<br \/>\nm\u012bksts augstums regul\u0113jams vaigu balsts<br \/>\naugstums regul\u0113jams gumijas plecu balsts<br \/>\nalum\u012bnija sliede 11\/22 mm optisk\u0101 skata mont\u0101\u017eai<br \/>\np\u0101rkrau\u0161ana ar divu joslu s\u0101nu sviras sviru<br \/>\nUber &#8221; UNF v\u012bt\u0146ota caurule trok\u0161\u0146a sl\u0101p\u0113t\u0101ja uzst\u0101d\u012b\u0161anai<br \/>\nPicatinny sliedes stiprin\u0101jumu trestle<br \/>\n2 pak\u0101pju Quattro spr\u016bda spr\u016bda meh\u0101nisms, ko var noregul\u0113t tr\u012bs diapazonos<br \/>\nAnti-nock sist\u0113ma-kaitse lasu eest \u00f5hkrelva kukkumise korral<br \/>\nAnti-Double-Pellet Feed mehhanism-takistab rohkem kui \u00fche pelleti laadimist padrunipessa<br \/>\nmanu\u0101la un autom\u0101tiska aizsardz\u012bba aizmugur\u0113 r\u0101mis<br \/>\nIek\u013cautas 2 10 \u0161\u0101vienu ziedes<br \/>\nstiprin\u0101jumi n\u0113s\u0101\u0161anas siksnas stiprin\u0101\u0161anai<br \/>\nstil\u012bgs apzelt\u012bts spr\u016bda<\/p>\n<p>Kalibrs-4,5 mm<br \/>\ns\u0101kotn\u0113jais lodes \u0101trums &#8211; 355 m \/ s<br \/>\nEner\u0123ija-36 D\u017eouli<br \/>\nGarums &#8211; 1085 mm.<br \/>\nCaurules garums-580 mm.<br \/>\nSvars-3,7 kg<br \/>\nGaisa cilindra tilpums-230cc<br \/>\nUzpildes spiediens &#8211; 200 BAR<br \/>\nPapl\u0101tes ietilp\u012bba-10<br \/>\n\u0160\u0101vienu skaits aizpild\u012bt-80<\/p>\n","protected":false},"featured_media":129742,"template":"","meta":{"_acf_changed":false},"product_brand":[],"product_cat":[1008],"product_tag":[],"class_list":{"0":"post-150366","1":"product","2":"type-product","3":"status-publish","4":"has-post-thumbnail","6":"product_cat-pcp-hpa","8":"first","9":"instock","10":"sale","11":"taxable","12":"shipping-taxable","13":"purchasable","14":"product-type-simple"},"acf":[],"_links":{"self":[{"href":"https:\/\/kingarms.ee\/lv\/wp-json\/wp\/v2\/product\/150366","targetHints":{"allow":["GET"]}}],"collection":[{"href":"https:\/\/kingarms.ee\/lv\/wp-json\/wp\/v2\/product"}],"about":[{"href":"https:\/\/kingarms.ee\/lv\/wp-json\/wp\/v2\/types\/product"}],"wp:featuredmedia":[{"embeddable":true,"href":"https:\/\/kingarms.ee\/lv\/wp-json\/wp\/v2\/media\/129742"}],"wp:attachment":[{"href":"https:\/\/kingarms.ee\/lv\/wp-json\/wp\/v2\/media?parent=150366"}],"wp:term":[{"taxonomy":"product_brand","embeddable":true,"href":"https:\/\/kingarms.ee\/lv\/wp-json\/wp\/v2\/product_brand?post=150366"},{"taxonomy":"product_cat","embeddable":true,"href":"https:\/\/kingarms.ee\/lv\/wp-json\/wp\/v2\/product_cat?post=150366"},{"taxonomy":"product_tag","embeddable":true,"href":"https:\/\/kingarms.ee\/lv\/wp-json\/wp\/v2\/product_tag?post=150366"}],"curies":[{"name":"wp","href":"https:\/\/api.w.org\/{rel}","templated":true}]}}