{"id":150388,"date":"2023-07-02T14:42:44","date_gmt":"2025-06-06T15:21:47","guid":{"rendered":"https:\/\/kingarms.ee\/product\/pcp-optima-hatsan-bt65-sb-elite-45-mm\/"},"modified":"2025-06-06T18:21:47","modified_gmt":"2025-06-06T15:21:47","slug":"pcp-optima-hatsan-bt65-sb-elite-45-mm","status":"publish","type":"product","link":"https:\/\/kingarms.ee\/lv\/product\/pcp-optima-hatsan-bt65-sb-elite-45-mm\/","title":{"rendered":"PCP Optima Hatsan BT65 SB Elite 4,5 mm"},"content":{"rendered":"<p><img loading=\"lazy\" decoding=\"async\" class=\"alignnone size-full wp-image-79620\" src=\"https:\/\/kingarms.ee\/wp-content\/uploads\/2023\/07\/wiatrowka-pcp-optima-by-hatsan-bt65-sb-elite-qe-4-5-mm-c3930bce0fc848149397805e8ab69639-869c4f84.jpg\" alt=\"\" width=\"900\" height=\"900\" srcset=\"https:\/\/kingarms.ee\/wp-content\/uploads\/2023\/07\/wiatrowka-pcp-optima-by-hatsan-bt65-sb-elite-qe-4-5-mm-c3930bce0fc848149397805e8ab69639-869c4f84.jpg 900w, https:\/\/kingarms.ee\/wp-content\/uploads\/2023\/07\/wiatrowka-pcp-optima-by-hatsan-bt65-sb-elite-qe-4-5-mm-c3930bce0fc848149397805e8ab69639-869c4f84-300x300.jpg 300w, https:\/\/kingarms.ee\/wp-content\/uploads\/2023\/07\/wiatrowka-pcp-optima-by-hatsan-bt65-sb-elite-qe-4-5-mm-c3930bce0fc848149397805e8ab69639-869c4f84-150x150.jpg 150w, https:\/\/kingarms.ee\/wp-content\/uploads\/2023\/07\/wiatrowka-pcp-optima-by-hatsan-bt65-sb-elite-qe-4-5-mm-c3930bce0fc848149397805e8ab69639-869c4f84-768x768.jpg 768w, https:\/\/kingarms.ee\/wp-content\/uploads\/2023\/07\/wiatrowka-pcp-optima-by-hatsan-bt65-sb-elite-qe-4-5-mm-c3930bce0fc848149397805e8ab69639-869c4f84-500x500.jpg 500w\" sizes=\"auto, (max-width: 900px) 100vw, 900px\" \/><\/p>\n","protected":false},"excerpt":{"rendered":"<p>PCP Optima Hatsan BT65 SB Elite 4,5 mm<\/p>\n<p>10 \u0161\u0101vieni, manu\u0101la iekrau\u0161ana, s\u0101nu skr\u016bve, iepriek\u0161 iel\u0101d\u0113ta pneimatisk\u0101 (PCP) gaisa \u0161autene.<br \/>\nQuietEnergy piln\u012bb\u0101 p\u0101rkl\u0101ta caurule un integr\u0113ts audio moderators \u2013 par 50% klus\u0101ks.<br \/>\nPrec\u012bza v\u012bt\u0146stobra caurule precizit\u0101tei.<br \/>\nPieejams 0,177 (4,5 mm) kalibr\u0101.<br \/>\nDivpus\u0113js un ergonomisks dizains sint\u0113tisks materi\u0101ls ar \u012bk\u0161\u0137a caurumu.<br \/>\nUzglab\u0101\u0161ana rezerves papl\u0101te p\u0101rvad\u0101t\u0101js slots 2 rezerves papl\u0101tes.<br \/>\nZem apak\u0161delma un s\u0101nos 3 pikatin autobuss.<br \/>\nM\u012bkstie gumijas ielikt\u0146i uz apak\u0161delma lab\u0101kai kontrolei un izzi\u0146ai.<br \/>\nSa\u0137eres p\u0101rbaude.<br \/>\nAugstums regul\u0113jams \u0137emme.<br \/>\nRegul\u0113jams gumijas muca ar vilk\u0161anas garumu, augstumu un fit le\u0146\u0137i.<br \/>\nNo\u0146emams 10-shot 0.177 (4.5 mm) kalibrs 9-shot groz\u0101mais papl\u0101te.<br \/>\nN\u0101k ar 3 papl\u0101tes.<br \/>\nGaisa cilindrs ieb\u016bv\u0113ts manometrs, lai uzraudz\u012btu cilindra spiedienu.<br \/>\nIetver \u0101tru uzpild\u012b\u0161anas sprauslu un gaisa cilindra izl\u0101des v\u0101ci\u0146u.<br \/>\nDovetail groove uztv\u0113r\u0113js gan 11mm, gan 22mm scoop stiprin\u0101jumiem.<br \/>\nKopum\u0101 zila apdare, Melns anod\u0113ta uztv\u0113r\u0113js.<br \/>\nManu\u0101l\u0101 dro\u0161\u012bba.<br \/>\n&#8220;Anti-double pellet feed&#8221; meh\u0101nisms, kas ne\u013cauj vair\u0101k nek\u0101 vienu granulu iekrauj barelu.<br \/>\nPatent\u0113ta pretklauv\u0113\u0161anas sist\u0113ma, lai nov\u0113rstu g\u0101zes iz\u0161\u0137ie\u0161anu, pieskaroties vai atlecot \u0161auteni.<br \/>\nQuattro Trigger: 2 pak\u0101pju piln\u012bb\u0101 regul\u0113jams spr\u016bda kust\u012bbas un spr\u016bda slodzei.<br \/>\nApzelt\u012bts met\u0101la spr\u016bda un met\u0101la spr\u016bda aizsargs.<br \/>\nUzst\u0101d\u012bts cilpas pagriezienus.<br \/>\n<strong>Tas nalkk ar Catapulta, bipod, lukturrakkti un Optima 3 &#8211; 12x44aoe redz.<\/strong><br \/>\nNav ierakstu emama alumulumnija gaisa cilindra caurule (255cc). IR pieejami rezerves cilindri. <\/p>\n","protected":false},"featured_media":129419,"template":"","meta":{"_acf_changed":false},"product_brand":[],"product_cat":[1008],"product_tag":[],"class_list":{"0":"post-150388","1":"product","2":"type-product","3":"status-publish","4":"has-post-thumbnail","6":"product_cat-pcp-hpa","8":"first","9":"instock","10":"taxable","11":"shipping-taxable","12":"purchasable","13":"product-type-simple"},"acf":[],"_links":{"self":[{"href":"https:\/\/kingarms.ee\/lv\/wp-json\/wp\/v2\/product\/150388","targetHints":{"allow":["GET"]}}],"collection":[{"href":"https:\/\/kingarms.ee\/lv\/wp-json\/wp\/v2\/product"}],"about":[{"href":"https:\/\/kingarms.ee\/lv\/wp-json\/wp\/v2\/types\/product"}],"wp:featuredmedia":[{"embeddable":true,"href":"https:\/\/kingarms.ee\/lv\/wp-json\/wp\/v2\/media\/129419"}],"wp:attachment":[{"href":"https:\/\/kingarms.ee\/lv\/wp-json\/wp\/v2\/media?parent=150388"}],"wp:term":[{"taxonomy":"product_brand","embeddable":true,"href":"https:\/\/kingarms.ee\/lv\/wp-json\/wp\/v2\/product_brand?post=150388"},{"taxonomy":"product_cat","embeddable":true,"href":"https:\/\/kingarms.ee\/lv\/wp-json\/wp\/v2\/product_cat?post=150388"},{"taxonomy":"product_tag","embeddable":true,"href":"https:\/\/kingarms.ee\/lv\/wp-json\/wp\/v2\/product_tag?post=150388"}],"curies":[{"name":"wp","href":"https:\/\/api.w.org\/{rel}","templated":true}]}}