{"id":150393,"date":"2024-03-09T20:27:23","date_gmt":"2025-06-07T10:30:13","guid":{"rendered":"https:\/\/kingarms.ee\/product\/airsoft-ierocis-sa-f03-flex-gate-x-asr-specna-arms\/"},"modified":"2025-08-02T18:56:57","modified_gmt":"2025-08-02T15:56:57","slug":"airsoft-ierocis-sa-f03-flex-gate-x-asr-specna-arms","status":"publish","type":"product","link":"https:\/\/kingarms.ee\/lv\/product\/airsoft-ierocis-sa-f03-flex-gate-x-asr-specna-arms\/","title":{"rendered":"Airsoft ierocis SA-F03 FLEX GATE X-Asr (Specna Arms)"},"content":{"rendered":"<p><img loading=\"lazy\" decoding=\"async\" class=\"alignnone size-full wp-image-100539\" src=\"https:\/\/kingarms.ee\/wp-content\/uploads\/2024\/03\/6013496b01fd5d32f27d5a8a776b13693a0081f8_pol_pl_Replika_karabinka_SA_FLEX_SA_F03_Half_Tan_1152231754_1.jpg-2.png\" alt=\"\" width=\"2000\" height=\"1333\" srcset=\"https:\/\/kingarms.ee\/wp-content\/uploads\/2024\/03\/6013496b01fd5d32f27d5a8a776b13693a0081f8_pol_pl_Replika_karabinka_SA_FLEX_SA_F03_Half_Tan_1152231754_1.jpg-2.png 2000w, https:\/\/kingarms.ee\/wp-content\/uploads\/2024\/03\/6013496b01fd5d32f27d5a8a776b13693a0081f8_pol_pl_Replika_karabinka_SA_FLEX_SA_F03_Half_Tan_1152231754_1.jpg-2-300x200.png 300w, https:\/\/kingarms.ee\/wp-content\/uploads\/2024\/03\/6013496b01fd5d32f27d5a8a776b13693a0081f8_pol_pl_Replika_karabinka_SA_FLEX_SA_F03_Half_Tan_1152231754_1.jpg-2-1024x682.png 1024w, https:\/\/kingarms.ee\/wp-content\/uploads\/2024\/03\/6013496b01fd5d32f27d5a8a776b13693a0081f8_pol_pl_Replika_karabinka_SA_FLEX_SA_F03_Half_Tan_1152231754_1.jpg-2-768x512.png 768w, https:\/\/kingarms.ee\/wp-content\/uploads\/2024\/03\/6013496b01fd5d32f27d5a8a776b13693a0081f8_pol_pl_Replika_karabinka_SA_FLEX_SA_F03_Half_Tan_1152231754_1.jpg-2-1536x1024.png 1536w, https:\/\/kingarms.ee\/wp-content\/uploads\/2024\/03\/6013496b01fd5d32f27d5a8a776b13693a0081f8_pol_pl_Replika_karabinka_SA_FLEX_SA_F03_Half_Tan_1152231754_1.jpg-2-500x333.png 500w, https:\/\/kingarms.ee\/wp-content\/uploads\/2024\/03\/6013496b01fd5d32f27d5a8a776b13693a0081f8_pol_pl_Replika_karabinka_SA_FLEX_SA_F03_Half_Tan_1152231754_1.jpg-2-150x100.png 150w\" sizes=\"auto, (max-width: 2000px) 100vw, 2000px\" \/><\/p>\n","protected":false},"excerpt":{"rendered":"<p>Airsoft ierocis SA-F03 FLEX GATE X-Asr (Specna Arms)<\/p>\n<p>Ra\u017eot\u0101js Specna Arms<br \/>\nIek\u013cauts akumulators: n\u0113<br \/>\nGult\u0146u diametrs [mm] 8<br \/>\nKr\u0101sa Pus\u0113 Br\u016bna<br \/>\nProdukta garums [cm] 790<br \/>\nProdukta svars [g] 2220<br \/>\nBaro\u0161anas Avots Elektrisk\u0101<br \/>\nMateri\u0101ls Plastmasa<br \/>\nPurna \u0101trums [FPS] 370<br \/>\nFotograf\u0113\u0161anas Re\u017e\u012bms Pusautom\u0101tisks<br \/>\nP\u0101rnesumk\u0101rbas versija P\u0101rnesumk\u0101rba v2<br \/>\nHop-Up J\u0101<br \/>\nIek\u0161\u0113j\u0101s caurules garums [mm]. 270<br \/>\nMinim\u0101lais garums [mm] 710<br \/>\nVergu apjoms [gab] 300<br \/>\nMOSFET \/ ETU J\u0101<br \/>\nSpecna Arms line FLEX<br \/>\n\u0100tr\u0101 pavasara mai\u0146as sist\u0113ma j\u0101<br \/>\nSavienot\u0101ja tipa dek\u0101ni \/ t savienojums<br \/>\nV\u012btnes Tips 14mm CCW<\/p>\n","protected":false},"featured_media":135078,"template":"","meta":{"_acf_changed":false},"product_brand":[],"product_cat":[1001],"product_tag":[],"class_list":{"0":"post-150393","1":"product","2":"type-product","3":"status-publish","4":"has-post-thumbnail","6":"product_cat-tirdzniecibas-automati","8":"first","9":"onbackorder","10":"taxable","11":"shipping-taxable","12":"product-type-simple"},"acf":[],"_links":{"self":[{"href":"https:\/\/kingarms.ee\/lv\/wp-json\/wp\/v2\/product\/150393","targetHints":{"allow":["GET"]}}],"collection":[{"href":"https:\/\/kingarms.ee\/lv\/wp-json\/wp\/v2\/product"}],"about":[{"href":"https:\/\/kingarms.ee\/lv\/wp-json\/wp\/v2\/types\/product"}],"wp:featuredmedia":[{"embeddable":true,"href":"https:\/\/kingarms.ee\/lv\/wp-json\/wp\/v2\/media\/135078"}],"wp:attachment":[{"href":"https:\/\/kingarms.ee\/lv\/wp-json\/wp\/v2\/media?parent=150393"}],"wp:term":[{"taxonomy":"product_brand","embeddable":true,"href":"https:\/\/kingarms.ee\/lv\/wp-json\/wp\/v2\/product_brand?post=150393"},{"taxonomy":"product_cat","embeddable":true,"href":"https:\/\/kingarms.ee\/lv\/wp-json\/wp\/v2\/product_cat?post=150393"},{"taxonomy":"product_tag","embeddable":true,"href":"https:\/\/kingarms.ee\/lv\/wp-json\/wp\/v2\/product_tag?post=150393"}],"curies":[{"name":"wp","href":"https:\/\/api.w.org\/{rel}","templated":true}]}}