{"id":150399,"date":"2024-03-05T13:50:16","date_gmt":"2025-06-07T11:04:26","guid":{"rendered":"https:\/\/kingarms.ee\/product\/sytong-nakts-pulkstenis-ar-attaluma-mekletaju-ht-77-lrf\/"},"modified":"2025-08-02T19:05:51","modified_gmt":"2025-08-02T16:05:51","slug":"sytong-nakts-pulkstenis-ar-attaluma-mekletaju-ht-77-lrf","status":"publish","type":"product","link":"https:\/\/kingarms.ee\/lv\/product\/sytong-nakts-pulkstenis-ar-attaluma-mekletaju-ht-77-lrf\/","title":{"rendered":"Sytong nakts pulkstenis ar att\u0101luma mekl\u0113t\u0101ju (HT &#8211; 77 LRF)"},"content":{"rendered":"<p><img loading=\"lazy\" decoding=\"async\" class=\"alignnone size-full wp-image-99420\" src=\"https:\/\/kingarms.ee\/wp-content\/uploads\/2024\/03\/ht-77_5.png\" alt=\"\" width=\"1709\" height=\"1200\" srcset=\"https:\/\/kingarms.ee\/wp-content\/uploads\/2024\/03\/ht-77_5.png 1709w, https:\/\/kingarms.ee\/wp-content\/uploads\/2024\/03\/ht-77_5-300x211.png 300w, https:\/\/kingarms.ee\/wp-content\/uploads\/2024\/03\/ht-77_5-1024x719.png 1024w, https:\/\/kingarms.ee\/wp-content\/uploads\/2024\/03\/ht-77_5-768x539.png 768w, https:\/\/kingarms.ee\/wp-content\/uploads\/2024\/03\/ht-77_5-1536x1079.png 1536w, https:\/\/kingarms.ee\/wp-content\/uploads\/2024\/03\/ht-77_5-500x351.png 500w, https:\/\/kingarms.ee\/wp-content\/uploads\/2024\/03\/ht-77_5-150x105.png 150w\" sizes=\"auto, (max-width: 1709px) 100vw, 1709px\" \/><\/p>\n","protected":false},"excerpt":{"rendered":"<p>Sytong nakts pulkstenis ar att\u0101luma mekl\u0113t\u0101ju (HT &#8211; 77 LRF)<\/p>\n<p>Tehniskie dati:<\/p>\n<p>Produktu numurs: HT &#8211; 77 LRF<br \/>\nProdukta nosaukums: Sytong digit\u0101l\u0101 nakts redzam\u012bbas ier\u012bce ar l\u0101zera t\u0101lm\u0113ri<\/p>\n<p>Sensors: SONY HD CMOS<br \/>\nAtt\u0113la iz\u0161\u0137irtsp\u0113ja (pikse\u013ci): 2608 x 1944 (5 megapikse\u013ci)<br \/>\nVideo iz\u0161\u0137irtsp\u0113ja (pikse\u013ci): 1920 x 1080 (Full HD), 30 kadri sekund\u0113<br \/>\nOptisk\u0101 t\u0101lummai\u0146a: 4x<br \/>\nDigit\u0101l\u0101 t\u0101lummai\u0146a: 1x &#8211; 3.5 x<br \/>\nOLED displeja iz\u0161\u0137irtsp\u0113ja (pikse\u013ci): 1280 x 960<br \/>\nLive video uz termin\u0101la ier\u012bci: j\u0101<br \/>\nPip (att\u0113ls att\u0113l\u0101): J\u0101<\/p>\n<p>Objekt\u012bva diametrs (mm): 16<br \/>\nRedzes lauks (100 m): apm. 32 m<br \/>\nFokus\u0113\u0161anas diapazons (cm): 3-bezgal\u012bba<br \/>\nDioptriju regul\u0113\u0161ana: + 5 ~ -5<\/p>\n<p>Integr\u0113tais att\u0101luma mekl\u0113t\u0101js( LRF): J\u0101<br \/>\nLRF diapazons (m): 800 m &#8211; 1000 m<br \/>\nRe\u017e\u012bmi: diena + 2 nakts re\u017e\u012bmi (SW + za\u013c\u0161)<\/p>\n<p>Atmi\u0146as karte: microSD 32 GB maks<br \/>\nW-Lan (WiFi) saskarne \/ lietojumprogramma: J\u0101<\/p>\n<p>Akumulatora tips: 18650<br \/>\nIer\u012bce uzl\u0101d\u0113jama: J\u0101, ieb\u016bv\u0113ts USB-C ports<\/p>\n<p>Piem\u0113rots Okul\u0101ra diametram (mm): 25-47 (ar adapteri)<br \/>\nPicatinny ligzda pieejama: J\u0101<br \/>\nPieejams Trijk\u0101ja v\u012btne: J\u0101<\/p>\n<p>Laika apst\u0101k\u013cu iztur\u012bba: IPX6<br \/>\nDarba temperat\u016bras diapazons : &#8211; 20ulgc l\u012bdz +50ulgc<br \/>\nTriecieniztur\u012bba (atsitiena sp\u0113ks): l\u012bdz 6000 d\u017eouliem<\/p>\n<p>Izm\u0113ri: 111 mm x 62 mm x 106 mm<br \/>\nNeto svars (g): 330 g<\/p>\n","protected":false},"featured_media":134953,"template":"","meta":{"_acf_changed":false},"product_brand":[],"product_cat":[1040],"product_tag":[],"class_list":{"0":"post-150399","1":"product","2":"type-product","3":"status-publish","4":"has-post-thumbnail","6":"product_cat-nakts-laika-aprikojums","8":"first","9":"instock","10":"taxable","11":"shipping-taxable","12":"purchasable","13":"product-type-simple"},"acf":[],"_links":{"self":[{"href":"https:\/\/kingarms.ee\/lv\/wp-json\/wp\/v2\/product\/150399","targetHints":{"allow":["GET"]}}],"collection":[{"href":"https:\/\/kingarms.ee\/lv\/wp-json\/wp\/v2\/product"}],"about":[{"href":"https:\/\/kingarms.ee\/lv\/wp-json\/wp\/v2\/types\/product"}],"wp:featuredmedia":[{"embeddable":true,"href":"https:\/\/kingarms.ee\/lv\/wp-json\/wp\/v2\/media\/134953"}],"wp:attachment":[{"href":"https:\/\/kingarms.ee\/lv\/wp-json\/wp\/v2\/media?parent=150399"}],"wp:term":[{"taxonomy":"product_brand","embeddable":true,"href":"https:\/\/kingarms.ee\/lv\/wp-json\/wp\/v2\/product_brand?post=150399"},{"taxonomy":"product_cat","embeddable":true,"href":"https:\/\/kingarms.ee\/lv\/wp-json\/wp\/v2\/product_cat?post=150399"},{"taxonomy":"product_tag","embeddable":true,"href":"https:\/\/kingarms.ee\/lv\/wp-json\/wp\/v2\/product_tag?post=150399"}],"curies":[{"name":"wp","href":"https:\/\/api.w.org\/{rel}","templated":true}]}}