{"id":150401,"date":"2024-03-05T13:41:16","date_gmt":"2025-06-07T11:23:48","guid":{"rendered":"https:\/\/kingarms.ee\/product\/termokamera-sytong-xs03-35mm\/"},"modified":"2025-08-02T19:06:38","modified_gmt":"2025-08-02T16:06:38","slug":"termokamera-sytong-xs03-35mm","status":"publish","type":"product","link":"https:\/\/kingarms.ee\/lv\/product\/termokamera-sytong-xs03-35mm\/","title":{"rendered":"Termokamera SYTONG XS03 35MM"},"content":{"rendered":"<p><img loading=\"lazy\" decoding=\"async\" class=\"alignnone size-full wp-image-99402\" src=\"https:\/\/kingarms.ee\/wp-content\/uploads\/2024\/03\/Sytong-XS03-35-Handheld-Thermal-Camera-384x288-12um_1.jpg\" alt=\"\" width=\"1000\" height=\"1000\" srcset=\"https:\/\/kingarms.ee\/wp-content\/uploads\/2024\/03\/Sytong-XS03-35-Handheld-Thermal-Camera-384x288-12um_1.jpg 1000w, https:\/\/kingarms.ee\/wp-content\/uploads\/2024\/03\/Sytong-XS03-35-Handheld-Thermal-Camera-384x288-12um_1-300x300.jpg 300w, https:\/\/kingarms.ee\/wp-content\/uploads\/2024\/03\/Sytong-XS03-35-Handheld-Thermal-Camera-384x288-12um_1-150x150.jpg 150w, https:\/\/kingarms.ee\/wp-content\/uploads\/2024\/03\/Sytong-XS03-35-Handheld-Thermal-Camera-384x288-12um_1-768x768.jpg 768w, https:\/\/kingarms.ee\/wp-content\/uploads\/2024\/03\/Sytong-XS03-35-Handheld-Thermal-Camera-384x288-12um_1-500x500.jpg 500w\" sizes=\"auto, (max-width: 1000px) 100vw, 1000px\" \/><\/p>\n","protected":false},"excerpt":{"rendered":"<p>Sytong XS03 &#8211; 35 ir kompakts siltuma att\u0113lveido\u0161anas monokul\u0101rs. 2023. gada augsto tehnolo\u0123iju jaunums ir veidots uz Moderna IR sensora, kas nodro\u0161ina augstas kvalit\u0101tes att\u0113lus ar \u012bpa\u0161i augst\u0101m deta\u013c\u0101m. 3000 metru noteik\u0161anas diapazons ir apstiprin\u0101ts ar daudziem eksperimentiem. Optisk\u0101s t\u0101lummai\u0146as diapazons \u013cauj tuvin\u0101t un detaliz\u0113ti izp\u0113t\u012bt pat objektu, kas atrodas \u013coti t\u0101lu. Visu, ko redzat termokamer\u0101,var ierakst\u012bt ar audio video. Lai uzlabotu kvalit\u0101ti, ir kr\u0101su displeja sh\u0113mu komplekts, vair\u0101ki vizu\u0101lie efekti. Wi-Fi modulis ir paredz\u0113ts darbam ar Android un iOS digit\u0101laj\u0101m ier\u012bc\u0113m. Sytong XS03-35 siltuma kamera sa\u0146\u0113ma vispozit\u012bv\u0101k\u0101s atsauksmes no \u012bpa\u0161niekiem. Pocket monokul ar augst\u0101ko tirgus p\u0101rst\u0101vju iesp\u0113j\u0101m ir paredz\u0113ts vispla\u0161\u0101kajam lietojumu kl\u0101stam. To var vienl\u012bdz labi izmantot dz\u012bvnieku mekl\u0113\u0161an\u0101, med\u012bb\u0101s, gl\u0101b\u0161anas darbos, teritorijas patrul\u0113\u0161an\u0101 dro\u0161\u012bbas nol\u016bkos utt.<\/p>\n<p>Tehniskie dati:<\/p>\n<p>Sensors (milit\u0101rais):<br \/>\nTips nesekots<br \/>\nIz\u0161\u0137irtsp\u0113ja pix. 384&#215;288 paaugstin\u0101ta jut\u012bba<br \/>\nKadru \u0100trums 50 Hz<br \/>\nAstes pikse\u013ci 12-m<br \/>\nNETD &lt;30mK<\/p>\n<p>Optilised omadused:<br \/>\nObjektiiv f35mm, f\/1.0<br \/>\nSuurendus 1,5X\/2,0X\/2,8X<br \/>\nPidev digitaalne suum x1\/x2\/x4\/x6\/x8<br \/>\nSilmade reljeef 30 mm<br \/>\nDioptri reguleerimine +5\/-5 dioptrit<\/p>\n<p>Detektora att\u0101lums (augstums 1.7 m, Platums 0.5 m): 1750 m<\/p>\n<p>Tuvpl\u0101na diapazons 5m -,<\/p>\n<p>Par\u0101d\u012bt:<br \/>\nKr\u0101su Paletes Melns Karsts, Balts Karsts, Sarkans Karsts, Fusion, Defog<br \/>\nTips \/ iz\u0161\u0137irtsp\u0113ja 0,39 collas \/ AMOLED \/ 1024&#215;768<\/p>\n<p>Veiktsp\u0113jas raksturlielumi:<br \/>\n3D \u017eiroskops Nr.<br \/>\nKarst\u0101 izseko\u0161ana J\u0101<br \/>\nBaro\u0161anas Avots 3-4. 2 V<br \/>\nAkumulators 18650\/3200 mAh<br \/>\n\u0100r\u0113jais baro\u0161anas avots 5V (USB)<br \/>\nDarba laiks (t = 22 stundas) 4 stundas<br \/>\nMaksim\u0101lais atsitiena sp\u0113ks d\u017eoulos<br \/>\n\u016adensiztur\u012bgs IP66<br \/>\nDarba temperat\u016bra-20 gr\u0101di&#8230;50\u2103<br \/>\nIzm\u0113ri 156X54X75mm<br \/>\nSvars 308 g<\/p>\n<p>Videoieraksts:<br \/>\nVideo \/ foto iz\u0161\u0137irtsp\u0113ja 1024&#215;768<br \/>\nVideo \/ foto .mp4\/.jpg form\u0101ts<br \/>\nAtmi\u0146as tips FAT32 TF karte, maksim\u0101lais atbalsts 128G<\/p>\n","protected":false},"featured_media":134945,"template":"","meta":{"_acf_changed":false},"product_brand":[],"product_cat":[1181],"product_tag":[],"class_list":{"0":"post-150401","1":"product","2":"type-product","3":"status-publish","4":"has-post-thumbnail","6":"product_cat-termiskas-kameras","8":"first","9":"instock","10":"sale","11":"taxable","12":"shipping-taxable","13":"purchasable","14":"product-type-simple"},"acf":[],"_links":{"self":[{"href":"https:\/\/kingarms.ee\/lv\/wp-json\/wp\/v2\/product\/150401","targetHints":{"allow":["GET"]}}],"collection":[{"href":"https:\/\/kingarms.ee\/lv\/wp-json\/wp\/v2\/product"}],"about":[{"href":"https:\/\/kingarms.ee\/lv\/wp-json\/wp\/v2\/types\/product"}],"wp:featuredmedia":[{"embeddable":true,"href":"https:\/\/kingarms.ee\/lv\/wp-json\/wp\/v2\/media\/134945"}],"wp:attachment":[{"href":"https:\/\/kingarms.ee\/lv\/wp-json\/wp\/v2\/media?parent=150401"}],"wp:term":[{"taxonomy":"product_brand","embeddable":true,"href":"https:\/\/kingarms.ee\/lv\/wp-json\/wp\/v2\/product_brand?post=150401"},{"taxonomy":"product_cat","embeddable":true,"href":"https:\/\/kingarms.ee\/lv\/wp-json\/wp\/v2\/product_cat?post=150401"},{"taxonomy":"product_tag","embeddable":true,"href":"https:\/\/kingarms.ee\/lv\/wp-json\/wp\/v2\/product_tag?post=150401"}],"curies":[{"name":"wp","href":"https:\/\/api.w.org\/{rel}","templated":true}]}}