{"id":150405,"date":"2024-03-05T13:12:52","date_gmt":"2025-06-07T11:36:27","guid":{"rendered":"https:\/\/kingarms.ee\/product\/sytong-nakts-redzamibas-ht-88-nakts-redzamibas-ierice\/"},"modified":"2025-08-02T19:08:10","modified_gmt":"2025-08-02T16:08:10","slug":"sytong-nakts-redzamibas-ht-88-nakts-redzamibas-ierice","status":"publish","type":"product","link":"https:\/\/kingarms.ee\/lv\/product\/sytong-nakts-redzamibas-ht-88-nakts-redzamibas-ierice\/","title":{"rendered":"Sytong nakts redzam\u012bbas ht-88 nakts redzam\u012bbas ier\u012bce"},"content":{"rendered":"<p><img loading=\"lazy\" decoding=\"async\" class=\"alignnone size-full wp-image-99364\" src=\"https:\/\/kingarms.ee\/wp-content\/uploads\/2024\/03\/Sytong-Night-vision-device-HT-88-16mm-940nm-48mm-Eyepiece-German-Edition.jpg\" alt=\"\" width=\"800\" height=\"800\" srcset=\"https:\/\/kingarms.ee\/wp-content\/uploads\/2024\/03\/Sytong-Night-vision-device-HT-88-16mm-940nm-48mm-Eyepiece-German-Edition.jpg 800w, https:\/\/kingarms.ee\/wp-content\/uploads\/2024\/03\/Sytong-Night-vision-device-HT-88-16mm-940nm-48mm-Eyepiece-German-Edition-300x300.jpg 300w, https:\/\/kingarms.ee\/wp-content\/uploads\/2024\/03\/Sytong-Night-vision-device-HT-88-16mm-940nm-48mm-Eyepiece-German-Edition-150x150.jpg 150w, https:\/\/kingarms.ee\/wp-content\/uploads\/2024\/03\/Sytong-Night-vision-device-HT-88-16mm-940nm-48mm-Eyepiece-German-Edition-768x768.jpg 768w, https:\/\/kingarms.ee\/wp-content\/uploads\/2024\/03\/Sytong-Night-vision-device-HT-88-16mm-940nm-48mm-Eyepiece-German-Edition-500x500.jpg 500w\" sizes=\"auto, (max-width: 800px) 100vw, 800px\" \/><\/p>\n","protected":false},"excerpt":{"rendered":"<p>Sytong nakts redzam\u012bbas ht-88 nakts redzam\u012bbas ier\u012bce<\/p>\n<p>SYTONG HT-88 HD div\u0113j\u0101da lietojuma Nv850 nakts redzam\u012bba ar 16 mm objekt\u012bvu ir nesen izstr\u0101d\u0101ta Sytong nakts redzam\u012bbas ier\u012bce, kas apr\u012bkota ar jaun\u0101ko SONY FULL-HD (SONY HD CMOS) sensoru un jaun\u0101s SONY OLED ier\u012bces ekr\u0101nu ar iz\u0161\u0137irtsp\u0113ju 1440 x 1080 pikse\u013ci.<\/p>\n<p>Sytong HT-88 (16mm objekt\u012bvs) Priek\u0161roc\u012bbas:<br \/>\n&#8211; priek\u0161roc\u012bba ir ar\u012b Fokusa piel\u0101go\u0161ana no ier\u012bces s\u0101niem, ier\u012bces fokuss ir 2,5 &#8211; 8 cm<br \/>\n&#8211; Ht-88 ballistisk\u0101 pretest\u012bba (triecieniztur\u012bba) ir aptuveni 6000 J<br \/>\n&#8211; pa\u0161ai ier\u012bcei ir ieb\u016bv\u0113ts girometra sensors ar rot\u0101cijas le\u0146\u0137i un sl\u012bpuma le\u0146\u0137a displeju<br \/>\n&#8211; picture-In-picture funkcija<br \/>\n&#8211; Att\u0113lu un VIDEO atska\u0146o\u0161anas funkcija (MP4 video form\u0101ts, AVI video Tips)<br \/>\n&#8211; klus\u0101s pogas, kas novietotas ier\u012bces s\u0101nos, vienk\u0101r\u0161ota ier\u012bces p\u0101rvald\u012bba<br \/>\n&#8211; piem\u0113rots dienas un nakts lieto\u0161anai (dienas re\u017e\u012bmi + 2 nakts re\u017e\u012bmi (BW + za\u013c\u0161)<br \/>\n&#8211; ier\u012bces lieto\u0161ana bez papildu palielin\u0101juma caur optisko t\u0113m\u0113kli \u013cauj ier\u012bcei ar 2x optisko un digit\u0101lo t\u0101lummai\u0146u (1x \u2013 3,5 x) skaidri identific\u0113t dz\u012bvniekus aptuveni 250 metru att\u0101lum\u0101.<br \/>\n&#8211; datu p\u0101rs\u016bt\u012b\u0161ana, izmantojot WLAN, ier\u012bc\u0113 ir l\u012bdz 32 GB atmi\u0146as karte<br \/>\n&#8211; ier\u012bces darb\u012bba no 18650 uzl\u0101d\u0113jama akumulatora, darb\u012bbas laiks ca 6-8 stundas (akumulatora nodal\u012bjums uz aug\u0161u)<br \/>\n&#8211; ier\u012bces darb\u012bba ar 3.6 V spriegumu, Savienojuma tips USB tips C<br \/>\n&#8211; ier\u012bcei ir Picatinny un stat\u012bva stiprin\u0101jums<\/p>\n<p>Izm\u0113rs PxLxK (mm): 115x103x62<br \/>\nNeto svars (g): 270<br \/>\nFoto iz\u0161\u0137irtsp\u0113ja (pikse\u013ci): 2608-1944 (5 megapikse\u013ci)<br \/>\nVideo iz\u0161\u0137irtsp\u0113ja (pikse\u013ci): 1920-1080 (Full HD)<br \/>\nKadru \u0101trums (fps): 30 kadri sekund\u0113<br \/>\nPiem\u0113rots okul\u0101riem (mm): 25-47<br \/>\nDioptriju regul\u0113\u0161ana: + 5 \/ -5<br \/>\nTemperat\u016bras diapazons: &#8211; 20ulge C l\u012bdz +50ulge C<br \/>\nRe\u0101l\u0101 laika att\u0113lu p\u0101rs\u016bt\u012b\u0161ana uz termin\u0101la ier\u012bci: j\u0101<br \/>\nIzv\u0113lne vair\u0101k\u0101s valod\u0101s: J\u0101<br \/>\nIeb\u016bv\u0113ta infrasarkan\u0101 lampa: J\u0101, 850Nm<\/p>\n","protected":false},"featured_media":134958,"template":"","meta":{"_acf_changed":false},"product_brand":[],"product_cat":[1040],"product_tag":[],"class_list":{"0":"post-150405","1":"product","2":"type-product","3":"status-publish","4":"has-post-thumbnail","6":"product_cat-nakts-laika-aprikojums","8":"first","9":"instock","10":"taxable","11":"shipping-taxable","12":"purchasable","13":"product-type-simple"},"acf":[],"_links":{"self":[{"href":"https:\/\/kingarms.ee\/lv\/wp-json\/wp\/v2\/product\/150405","targetHints":{"allow":["GET"]}}],"collection":[{"href":"https:\/\/kingarms.ee\/lv\/wp-json\/wp\/v2\/product"}],"about":[{"href":"https:\/\/kingarms.ee\/lv\/wp-json\/wp\/v2\/types\/product"}],"wp:featuredmedia":[{"embeddable":true,"href":"https:\/\/kingarms.ee\/lv\/wp-json\/wp\/v2\/media\/134958"}],"wp:attachment":[{"href":"https:\/\/kingarms.ee\/lv\/wp-json\/wp\/v2\/media?parent=150405"}],"wp:term":[{"taxonomy":"product_brand","embeddable":true,"href":"https:\/\/kingarms.ee\/lv\/wp-json\/wp\/v2\/product_brand?post=150405"},{"taxonomy":"product_cat","embeddable":true,"href":"https:\/\/kingarms.ee\/lv\/wp-json\/wp\/v2\/product_cat?post=150405"},{"taxonomy":"product_tag","embeddable":true,"href":"https:\/\/kingarms.ee\/lv\/wp-json\/wp\/v2\/product_tag?post=150405"}],"curies":[{"name":"wp","href":"https:\/\/api.w.org\/{rel}","templated":true}]}}