{"id":150407,"date":"2024-03-05T13:06:19","date_gmt":"2025-06-07T11:50:52","guid":{"rendered":"https:\/\/kingarms.ee\/product\/termokamera-sytong-gs03-25lrf\/"},"modified":"2025-08-02T19:08:58","modified_gmt":"2025-08-02T16:08:58","slug":"termokamera-sytong-gs03-25lrf","status":"publish","type":"product","link":"https:\/\/kingarms.ee\/lv\/product\/termokamera-sytong-gs03-25lrf\/","title":{"rendered":"Termokamera Sytong GS03-25LRF"},"content":{"rendered":"<p><img loading=\"lazy\" decoding=\"async\" class=\"alignnone size-full wp-image-99344\" src=\"https:\/\/kingarms.ee\/wp-content\/uploads\/2024\/03\/08967f7c-b75e-11ed-b779-00155d65b408_5592cd3e-b75e-11ed-b779-00155d65b408-2.webp\" alt=\"\" width=\"760\" height=\"630\" srcset=\"https:\/\/kingarms.ee\/wp-content\/uploads\/2024\/03\/08967f7c-b75e-11ed-b779-00155d65b408_5592cd3e-b75e-11ed-b779-00155d65b408-2.webp 760w, https:\/\/kingarms.ee\/wp-content\/uploads\/2024\/03\/08967f7c-b75e-11ed-b779-00155d65b408_5592cd3e-b75e-11ed-b779-00155d65b408-2-300x249.webp 300w, https:\/\/kingarms.ee\/wp-content\/uploads\/2024\/03\/08967f7c-b75e-11ed-b779-00155d65b408_5592cd3e-b75e-11ed-b779-00155d65b408-2-500x414.webp 500w, https:\/\/kingarms.ee\/wp-content\/uploads\/2024\/03\/08967f7c-b75e-11ed-b779-00155d65b408_5592cd3e-b75e-11ed-b779-00155d65b408-2-150x124.webp 150w\" sizes=\"auto, (max-width: 760px) 100vw, 760px\" \/><\/p>\n","protected":false},"excerpt":{"rendered":"<p>Sytong rangefinder siltuma kamera-monoklis var izmantot nov\u0113ro\u0161anas un foto\/video uz\u0146em\u0161anas jebkur\u0101 apgaismojumu, temperat\u016bras diapazons no -20 &#8230; +50c. Objekt\u012bvs-2x, fokusa garums 25 mm, digit\u0101l\u0101 t\u0101lummai\u0146a (x1&#8230;x8) \u013cauj main\u012bt galveno t\u0101lummai\u0146u no 2x l\u012bdz 16x. manu\u0101la objekt\u012bva fokus\u0113\u0161ana, minim\u0101lais att\u0101lums ir 5 m.<\/p>\n<p>AMOLED tipa displejs ar diagon\u0101li 0,39 &#8221; un iz\u0161\u0137irtsp\u0113ju 1024arg 768. Tur 6 sh\u0113mas: Melns karsts, balts karsts, sarkans karsts, sapl\u016b\u0161ana, m\u0113r\u0137a izcel\u0161ana, mala. Ir iesp\u0113ja padar\u012bt att\u0113lu lab\u0101ku: piel\u0101go\u0161ana 5 spilgtuma l\u012bme\u0146i, 10 Kontrasta l\u012bme\u0146i, 4 deta\u013cu re\u017e\u012bmi, 50Hz kadru atsvaidzes intensit\u0101te.<\/p>\n<p>Sensors ar iz\u0161\u0137irtsp\u0113ju 384aig 288 iz\u0161\u0137ir punktus ar temperat\u016bras starp\u012bbu 0,03 aig. Objekta, kura izm\u0113rs ir 1,7 vai 0,5 m, noteik\u0161anas diapazons ir 1250 m. l\u0101zera att\u0101luma mekl\u0113t\u0101js m\u0113ra l\u012bdz 1 km ar precizit\u0101ti 1 m. karst\u0101 izseko\u0161anas re\u017e\u012bms \u013cauj izsekot objektiem ar augstu temperat\u016bru.<\/p>\n<p>No\u0146emam\u0101 atmi\u0146as kart\u0113 (nav iek\u013cauts) ir iesp\u0113jams saglab\u0101t fotoatt\u0113lus un videoklipus ar iz\u0161\u0137irtsp\u0113ju 1024arg 768 ar ska\u0146u vai bez t\u0101s. Sytong GS03-25 LRF termokamera nodro\u0161ina re\u0101llaika att\u0113la izvadi uz \u0101r\u0113jo displeju, kad tas ir savienots, izmantojot Wi-Fi vai TV izejas savienot\u0101ju.<\/p>\n<p>B-Pack 6000 mAh neiz\u0146emamais akumulators nodro\u0161ina l\u012bdz 9 stund\u0101m ilgu lieto\u0161anu, un to var uzl\u0101d\u0113t, izmantojot USB. Var konfigur\u0113t, lai tas izsl\u0113dzas p\u0113c 3 vai 5 min\u016b\u0161u neaktivit\u0101tes. Ier\u012bc\u0113 ir aizsarg\u0101ts no putek\u013ciem un mitruma (IP65). Tur ir 1\/4&#8243; slots mont\u0101\u017ea uz stat\u012bva.<\/p>\n<p>\u012apatn\u012bba:<br \/>\n-Matrica-384arge 288 (12 mikroni, NETD &lt; 30mk);<br \/>\n&#8211; Okul\u0101ra atk\u0101rtota fokus\u0113\u0161ana&#8211;5&#8230; + 5 dioptrijas;<br \/>\n&#8211; objekt\u012bvs-F19 mm;<br \/>\n&#8211; izejas pup no\u0146em\u0161ana &#8211; 30 mm;<\/p>\n","protected":false},"featured_media":134910,"template":"","meta":{"_acf_changed":false},"product_brand":[],"product_cat":[1181],"product_tag":[],"class_list":{"0":"post-150407","1":"product","2":"type-product","3":"status-publish","4":"has-post-thumbnail","6":"product_cat-termiskas-kameras","8":"first","9":"instock","10":"sale","11":"taxable","12":"shipping-taxable","13":"purchasable","14":"product-type-simple"},"acf":[],"_links":{"self":[{"href":"https:\/\/kingarms.ee\/lv\/wp-json\/wp\/v2\/product\/150407","targetHints":{"allow":["GET"]}}],"collection":[{"href":"https:\/\/kingarms.ee\/lv\/wp-json\/wp\/v2\/product"}],"about":[{"href":"https:\/\/kingarms.ee\/lv\/wp-json\/wp\/v2\/types\/product"}],"wp:featuredmedia":[{"embeddable":true,"href":"https:\/\/kingarms.ee\/lv\/wp-json\/wp\/v2\/media\/134910"}],"wp:attachment":[{"href":"https:\/\/kingarms.ee\/lv\/wp-json\/wp\/v2\/media?parent=150407"}],"wp:term":[{"taxonomy":"product_brand","embeddable":true,"href":"https:\/\/kingarms.ee\/lv\/wp-json\/wp\/v2\/product_brand?post=150407"},{"taxonomy":"product_cat","embeddable":true,"href":"https:\/\/kingarms.ee\/lv\/wp-json\/wp\/v2\/product_cat?post=150407"},{"taxonomy":"product_tag","embeddable":true,"href":"https:\/\/kingarms.ee\/lv\/wp-json\/wp\/v2\/product_tag?post=150407"}],"curies":[{"name":"wp","href":"https:\/\/api.w.org\/{rel}","templated":true}]}}