{"id":150409,"date":"2024-03-05T13:02:57","date_gmt":"2025-06-07T11:55:52","guid":{"rendered":"https:\/\/kingarms.ee\/product\/termokamera-sytong-gs06-25lrf\/"},"modified":"2025-08-02T19:09:43","modified_gmt":"2025-08-02T16:09:43","slug":"termokamera-sytong-gs06-25lrf","status":"publish","type":"product","link":"https:\/\/kingarms.ee\/lv\/product\/termokamera-sytong-gs06-25lrf\/","title":{"rendered":"Termokamera Sytong GS06-25LRF"},"content":{"rendered":"<p><img loading=\"lazy\" decoding=\"async\" class=\"alignnone size-full wp-image-99329\" src=\"https:\/\/kingarms.ee\/wp-content\/uploads\/2024\/03\/2d214336-b763-11ed-b779-00155d65b408_908f3171-bc08-11ed-b779-00155d65b408-2.webp\" alt=\"\" width=\"961\" height=\"963\" srcset=\"https:\/\/kingarms.ee\/wp-content\/uploads\/2024\/03\/2d214336-b763-11ed-b779-00155d65b408_908f3171-bc08-11ed-b779-00155d65b408-2.webp 961w, https:\/\/kingarms.ee\/wp-content\/uploads\/2024\/03\/2d214336-b763-11ed-b779-00155d65b408_908f3171-bc08-11ed-b779-00155d65b408-2-300x300.webp 300w, https:\/\/kingarms.ee\/wp-content\/uploads\/2024\/03\/2d214336-b763-11ed-b779-00155d65b408_908f3171-bc08-11ed-b779-00155d65b408-2-150x150.webp 150w, https:\/\/kingarms.ee\/wp-content\/uploads\/2024\/03\/2d214336-b763-11ed-b779-00155d65b408_908f3171-bc08-11ed-b779-00155d65b408-2-768x770.webp 768w, https:\/\/kingarms.ee\/wp-content\/uploads\/2024\/03\/2d214336-b763-11ed-b779-00155d65b408_908f3171-bc08-11ed-b779-00155d65b408-2-500x501.webp 500w\" sizes=\"auto, (max-width: 961px) 100vw, 961px\" \/><\/p>\n","protected":false},"excerpt":{"rendered":"<p>Att\u0101luma mekl\u0113t\u0101js un 640. kompaktais termokamera Sytong gs06-25lrf (1,2 x) ar matricu ir paredz\u0113ts nov\u0113ro\u0161anai pils\u0113t\u0101 un dab\u0101 da\u017e\u0101dos laika apst\u0101k\u013cos. Ier\u012bce &#8220;redz&#8221; caur miglu un d\u016bmiem, sniedz lietot\u0101jam skaidru un informat\u012bvu att\u0113lu snieg\u0101 un liet\u016b, veic line\u0101rus m\u0113r\u012bjumus 1000 m r\u0101dius\u0101 un sp\u0113j identific\u0113t personu no 1250 m plan\u0161etdatora (WiFi) vai TV (TV out) att\u0101luma.<\/p>\n<p>Sensors 640-480 (12-ulgm, NETD&lt;30mk). 6 kr\u0101su sh\u0113mas.<br \/>\nPalielin\u0101jums 1,2-9,6 x, noteik\u0161anas diapazons-1,25 km.<br \/>\nL\u0101zera t\u0101lm\u0113rs, l\u0101zera r\u0101d\u012bt\u0101js, &#8220;karsto&#8221; punktu izseko\u0161ana.<br \/>\nKalibr\u0113\u0161ana ar aizkaru, 5 sek taimeris.<br \/>\n\u0100tr\u0101 palai\u0161ana (&lt;3 s), miega re\u017e\u012bms, autom\u0101tiska izsl\u0113g\u0161ana.<br \/>\nNeiz\u0146emams akumulators, USB savienojums, 9 stundu darb\u012bbas laiks.<br \/>\nWi-Fi, video izeja, Foto \/ video ierakst\u012b\u0161ana no\u0146emam\u0101 TF kart\u0113.<br \/>\nKompakts dizains ar lietus un putek\u013cu aizsardz\u012bbu (IP65), darbojas aukst\u0101 un karst\u0101 laik\u0101 (-20 Pils\u0113ta C\/+50 Pils\u0113ta C).<br \/>\nRokas vai stat\u012bvs (1, 4&#8243;). \u0160trope iek\u013cauta.<\/p>\n<p>Mazais Optiskais palielin\u0101jums 1,2 x ir apvienots ar labu redzes lauku un noteik\u0161anas diapazonu l\u012bdz 1,25 km. Pateicoties 640-480 pikse\u013cu matricai, termokamera redz detaliz\u0113t\u0101ku un bag\u0101t\u012bg\u0101ku att\u0113lu nakt\u012b un piln\u012bg\u0101 tums\u0101, un augstas temperat\u016bras jut\u012bba (NETD) \u013cauj at\u0161\u0137irt temperat\u016bras kontrastus 0,003 gr\u0101du l\u012bmen\u012b un nodro\u0161in\u0101t efekt\u012bvu vizualiz\u0101ciju.<\/p>\n<p>L\u0101zera t\u0101lm\u0113rs darbojas jebkur\u0101 gaism\u0101 un m\u0113ra l\u012bdz 1000 m ar precizit\u0101ti l\u012bdz metram; 905 nm l\u0101zera stars ir neredzams ar neapbru\u0146otu aci (un neatkl\u0101j nov\u0113rot\u0101ja st\u0101vokli), un Stara virziens, m\u0113rot, atbilst AMOLED displeja centram.<\/p>\n<p>Jaud\u012bg\u0101 8x Digit\u0101l\u0101 t\u0101lummai\u0146a palielina galveno t\u0101lummai\u0146u l\u012bdz 9,6 x, uzlabojot deta\u013cas un noteik\u0161anu, neapdraudot att\u0113la kvalit\u0101ti. L\u0101zera Apz\u012bm\u0113jums (LCD) darbojas tums\u0101 k\u0101 l\u0101zera r\u0101d\u012bt\u0101js un ir skaidri redzams liel\u0101 att\u0101lum\u0101.<\/p>\n<p>Uzl\u0101d\u0113jamam akumulatoram nav nepiecie\u0161ama nomai\u0146a, un tas tiek uzl\u0101d\u0113ts, izmantojot USB, datoram, elektrot\u012bklam vai baro\u0161anas bankai (5V2A). &#8220;Miega re\u017e\u012bms&#8221; \u013cauj ietaup\u012bt akumulatora ener\u0123iju un \u0101tri atgriezties darb\u0101.<\/p>\n<p>Foto \/ video fotograf\u0113\u0161anas cien\u012bt\u0101jiem ier\u012bcei ir ierakst\u012bt\u0101js un mikrofons. Infrasarkanais att\u0113ls ar iz\u0161\u0137irtsp\u0113ju 1024arg 768 tiek ierakst\u012bts no\u0146emam\u0101 atmi\u0146as kart\u0113 (karte tiek ieg\u0101d\u0101ta atsevi\u0161\u0137i). Termokameru var izmantot ar\u012b k\u0101 t\u0101lvad\u012bbas, autonomu nov\u0113ro\u0161anas kameru ar re\u0101llaika att\u0113la izvadi uz \u0101r\u0113jo ekr\u0101nu \u2013 vienk\u0101r\u0161i pievienojiet ier\u012bci viedt\u0101lrunim\/plan\u0161etdatoram (Wi-Fi) vai televizoram (TV out).<\/p>\n","protected":false},"featured_media":134902,"template":"","meta":{"_acf_changed":false},"product_brand":[],"product_cat":[1181],"product_tag":[],"class_list":{"0":"post-150409","1":"product","2":"type-product","3":"status-publish","4":"has-post-thumbnail","6":"product_cat-termiskas-kameras","8":"first","9":"instock","10":"sale","11":"taxable","12":"shipping-taxable","13":"purchasable","14":"product-type-simple"},"acf":[],"_links":{"self":[{"href":"https:\/\/kingarms.ee\/lv\/wp-json\/wp\/v2\/product\/150409","targetHints":{"allow":["GET"]}}],"collection":[{"href":"https:\/\/kingarms.ee\/lv\/wp-json\/wp\/v2\/product"}],"about":[{"href":"https:\/\/kingarms.ee\/lv\/wp-json\/wp\/v2\/types\/product"}],"wp:featuredmedia":[{"embeddable":true,"href":"https:\/\/kingarms.ee\/lv\/wp-json\/wp\/v2\/media\/134902"}],"wp:attachment":[{"href":"https:\/\/kingarms.ee\/lv\/wp-json\/wp\/v2\/media?parent=150409"}],"wp:term":[{"taxonomy":"product_brand","embeddable":true,"href":"https:\/\/kingarms.ee\/lv\/wp-json\/wp\/v2\/product_brand?post=150409"},{"taxonomy":"product_cat","embeddable":true,"href":"https:\/\/kingarms.ee\/lv\/wp-json\/wp\/v2\/product_cat?post=150409"},{"taxonomy":"product_tag","embeddable":true,"href":"https:\/\/kingarms.ee\/lv\/wp-json\/wp\/v2\/product_tag?post=150409"}],"curies":[{"name":"wp","href":"https:\/\/api.w.org\/{rel}","templated":true}]}}