{"id":150412,"date":"2024-03-01T18:20:39","date_gmt":"2025-06-07T12:19:41","guid":{"rendered":"https:\/\/kingarms.ee\/product\/man-kung-blokkabch-175-marcinas-melna-mk-xb25b\/"},"modified":"2025-08-02T19:14:31","modified_gmt":"2025-08-02T16:14:31","slug":"man-kung-blokkabch-175-marcinas-melna-mk-xb25b","status":"publish","type":"product","link":"https:\/\/kingarms.ee\/lv\/product\/man-kung-blokkabch-175-marcinas-melna-mk-xb25b\/","title":{"rendered":"Man Kung Blokkabch 175 m\u0101rci\u0146as melna (MK-XB25B)"},"content":{"rendered":"<p><img loading=\"lazy\" decoding=\"async\" class=\"alignnone size-full wp-image-98902\" src=\"https:\/\/kingarms.ee\/wp-content\/uploads\/2024\/03\/man-kung-pre-strung-recurve-crossbow-specter-175-lbs-black-mk-xb25b.jpg\" alt=\"\" width=\"600\" height=\"600\" srcset=\"https:\/\/kingarms.ee\/wp-content\/uploads\/2024\/03\/man-kung-pre-strung-recurve-crossbow-specter-175-lbs-black-mk-xb25b.jpg 600w, https:\/\/kingarms.ee\/wp-content\/uploads\/2024\/03\/man-kung-pre-strung-recurve-crossbow-specter-175-lbs-black-mk-xb25b-300x300.jpg 300w, https:\/\/kingarms.ee\/wp-content\/uploads\/2024\/03\/man-kung-pre-strung-recurve-crossbow-specter-175-lbs-black-mk-xb25b-150x150.jpg 150w, https:\/\/kingarms.ee\/wp-content\/uploads\/2024\/03\/man-kung-pre-strung-recurve-crossbow-specter-175-lbs-black-mk-xb25b-500x500.jpg 500w\" sizes=\"auto, (max-width: 600px) 100vw, 600px\" \/><\/p>\n","protected":false},"excerpt":{"rendered":"<p>Man Kung Blokkabch 175 m\u0101rci\u0146as melna (MK-XB25B)<\/p>\n<p>Tehniskie dati:<\/p>\n<p>Compund amb SPECTER MAN kung ra\u017eo\u0161ana.<br \/>\n175 m\u0101rci\u0146as.<br \/>\n260fps sekund\u0113.<br \/>\np\u0101rnesums 12 collas.<br \/>\nStikla \u0161\u0137iedras ekstremit\u0101tes.<br \/>\nSarkans punkts ar tr\u012bsk\u0101r\u0161u sarkanu punktu, 11 intensit\u0101tes l\u012bme\u0146i, regul\u0113jams uz aug\u0161u un CR2032 akumulators.<br \/>\nAlum\u012bnija stienis un skrieme\u013ci.<br \/>\nSarauties polim\u0113rmateri\u0101ls ar regul\u0113jamu augstumu vaigu spilventi\u0146u un gumijota plecu spilventi\u0146u.<br \/>\nSaus\u0101s uguns inhibitoru tehnolo\u0123ija, kas nov\u0113r\u0161 skr\u0101p\u0113jumu \u0161au\u0161anu.<br \/>\nSlide 20 mm.<br \/>\nGumijas vibr\u0101cijas sl\u0101p\u0113t\u0101ji.<br \/>\nN\u0101k ar 4 18 &#8221; bulti\u0146as bulti\u0146as tur\u0113t\u0101ju.<br \/>\nN\u0101k ar iekr\u0101v\u0113ju.<br \/>\nIek\u013cauta siksna un vasks.<br \/>\nGarums 81-86 cm.<br \/>\nSvars 2600 g.<\/p>\n","protected":false},"featured_media":134848,"template":"","meta":{"_acf_changed":false},"product_brand":[],"product_cat":[1014],"product_tag":[],"class_list":{"0":"post-150412","1":"product","2":"type-product","3":"status-publish","4":"has-post-thumbnail","6":"product_cat-sens","8":"first","9":"instock","10":"taxable","11":"shipping-taxable","12":"purchasable","13":"product-type-simple"},"acf":[],"_links":{"self":[{"href":"https:\/\/kingarms.ee\/lv\/wp-json\/wp\/v2\/product\/150412","targetHints":{"allow":["GET"]}}],"collection":[{"href":"https:\/\/kingarms.ee\/lv\/wp-json\/wp\/v2\/product"}],"about":[{"href":"https:\/\/kingarms.ee\/lv\/wp-json\/wp\/v2\/types\/product"}],"wp:featuredmedia":[{"embeddable":true,"href":"https:\/\/kingarms.ee\/lv\/wp-json\/wp\/v2\/media\/134848"}],"wp:attachment":[{"href":"https:\/\/kingarms.ee\/lv\/wp-json\/wp\/v2\/media?parent=150412"}],"wp:term":[{"taxonomy":"product_brand","embeddable":true,"href":"https:\/\/kingarms.ee\/lv\/wp-json\/wp\/v2\/product_brand?post=150412"},{"taxonomy":"product_cat","embeddable":true,"href":"https:\/\/kingarms.ee\/lv\/wp-json\/wp\/v2\/product_cat?post=150412"},{"taxonomy":"product_tag","embeddable":true,"href":"https:\/\/kingarms.ee\/lv\/wp-json\/wp\/v2\/product_tag?post=150412"}],"curies":[{"name":"wp","href":"https:\/\/api.w.org\/{rel}","templated":true}]}}