{"id":150414,"date":"2024-01-31T13:51:32","date_gmt":"2024-01-31T10:51:32","guid":{"rendered":"https:\/\/kingarms.ee\/product\/piparu-aerosols-defense-50ml\/"},"modified":"2025-08-03T12:32:15","modified_gmt":"2025-08-03T09:32:15","slug":"piparu-aerosols-defense-50ml","status":"publish","type":"product","link":"https:\/\/kingarms.ee\/lv\/product\/piparu-aerosols-defense-50ml\/","title":{"rendered":"Piparu aerosols Defense-50ml"},"content":{"rendered":"<p><img loading=\"lazy\" decoding=\"async\" class=\"alignnone size-full wp-image-97647\" src=\"https:\/\/kingarms.ee\/wp-content\/uploads\/2024\/01\/%D0%91%D0%B5%D0%B7-%D0%B8%D0%BC%D0%B5%D0%BD%D0%B8-1.jpg\" alt=\"\" width=\"500\" height=\"375\" \/><\/p>\n","protected":false},"excerpt":{"rendered":"<p>Piparu aerosols Defense-50ml<\/p>\n<p><b>Funkcija:<\/p>\n<p><\/b><\/p>\n<p><span style=\"font-weight: 400;\">Piparu izsmidzin\u0101\u0161anas \u017eeleja<\/span><\/p>\n<p><span style=\"font-weight: 400;\">Maz\u0101k uz\u0146\u0113m\u012bgi pret v\u0113ja br\u0101zmas.<\/span><\/p>\n<p><span style=\"font-weight: 400;\">Sprausla izvada vielu m\u0101ko\u0146a form\u0101.<\/span><\/p>\n<p><span style=\"font-weight: 400;\">Lab\u0101k bag\u0101tin\u0101ta formula (2 000 000 SHU).<\/span><\/p>\n<p><span style=\"font-weight: 400;\">\u0100tra blastera lieto\u0161ana aizsarg\u0101 pret nejau\u0161u lieto\u0161anu.<\/span><\/p>\n<p><span style=\"font-weight: 400;\">Uzreiz izklied\u0113 paraliz\u0113jo\u0161o vielu.<\/span><\/p>\n<p><span style=\"font-weight: 400;\">Tas neprasa prec\u012bzu m\u0113r\u0137\u0113\u0161anu uz agresoru, k\u0101 tas ir pl\u016bsmas gad\u012bjum\u0101.<\/span><\/p>\n<p><span style=\"font-weight: 400;\">Efekt\u012bva aizsardz\u012bba pret uzbruc\u0113ju un b\u012bstamu dz\u012bvnieku grup\u0101m.<\/span><\/p>\n<p><span style=\"font-weight: 400;\">Profesion\u0101la galva nodro\u0161ina maksim\u0101lo diapazonu l\u012bdz 5 metriem.<\/span><\/p>\n<p><span style=\"font-weight: 400;\">Vair\u0101kk\u0101rt\u0113ja lieto\u0161ana un aizsardz\u012bba pret vair\u0101kiem uzbruc\u0113jiem.<\/span><\/p>\n<p><span style=\"font-weight: 400;\">Akt\u012bv\u0101s vielas sa\u0137ere nodro\u0161ina ilg\u0101ku G\u0101zes efektu.<\/span><\/p>\n<p><span style=\"font-weight: 400;\">G\u0101zes pl\u016bsmas atk\u0101rtojam\u012bba un t\u0101s darb\u012bbas joma.<\/span><\/p>\n<p><span style=\"font-weight: 400;\">Galva ir iztur\u012bga pret meh\u0101niskiem boj\u0101jumiem.<\/span><\/p>\n<p>&nbsp;<\/p>\n<p><b>Tehniskie dati:<\/b><\/p>\n<p>&nbsp;<\/p>\n<p><span style=\"font-weight: 400;\">Akt\u012bv\u0101s vielas Tips: g\u0113ls<\/span><\/p>\n<p><span style=\"font-weight: 400;\">G\u0101zes veids: pipari<\/span><\/p>\n<p><span style=\"font-weight: 400;\">Sprauslas Tips: aerosols<\/span><\/p>\n<p><span style=\"font-weight: 400;\">Galvas Tips: Klasisks<\/span><\/p>\n<p><span style=\"font-weight: 400;\">Jauda: 2,000,000 SHU<\/span><\/p>\n<p><span style=\"font-weight: 400;\">Oleoresin Capsicum: 10% OC<\/span><\/p>\n<p><span style=\"font-weight: 400;\">Tilpums: 50 ml<\/span><\/p>\n<p><span style=\"font-weight: 400;\">Izm\u0113ri: 112 mm x 35 mm<\/span><\/p>\n<p><span style=\"font-weight: 400;\">Efekt\u012bvais diapazons: 4-5 m<\/span><\/p>\n<p><span style=\"font-weight: 400;\">Ra\u017eo\u0161anas Valsts: V\u0101cija<\/span><\/p>\n<p><span style=\"font-weight: 400;\">Ra\u017eot\u0101js: Sharg<\/span><\/p>\n<p><span style=\"font-weight: 400;\">Der\u012bguma termi\u0146\u0161: 12\/2025<\/span><\/p>\n","protected":false},"featured_media":134715,"template":"","meta":{"_acf_changed":false},"product_brand":[],"product_cat":[1111],"product_tag":[],"class_list":{"0":"post-150414","1":"product","2":"type-product","3":"status-publish","4":"has-post-thumbnail","6":"product_cat-piparu-aerosols","8":"first","9":"instock","10":"taxable","11":"shipping-taxable","12":"purchasable","13":"product-type-simple"},"acf":[],"_links":{"self":[{"href":"https:\/\/kingarms.ee\/lv\/wp-json\/wp\/v2\/product\/150414","targetHints":{"allow":["GET"]}}],"collection":[{"href":"https:\/\/kingarms.ee\/lv\/wp-json\/wp\/v2\/product"}],"about":[{"href":"https:\/\/kingarms.ee\/lv\/wp-json\/wp\/v2\/types\/product"}],"wp:featuredmedia":[{"embeddable":true,"href":"https:\/\/kingarms.ee\/lv\/wp-json\/wp\/v2\/media\/134715"}],"wp:attachment":[{"href":"https:\/\/kingarms.ee\/lv\/wp-json\/wp\/v2\/media?parent=150414"}],"wp:term":[{"taxonomy":"product_brand","embeddable":true,"href":"https:\/\/kingarms.ee\/lv\/wp-json\/wp\/v2\/product_brand?post=150414"},{"taxonomy":"product_cat","embeddable":true,"href":"https:\/\/kingarms.ee\/lv\/wp-json\/wp\/v2\/product_cat?post=150414"},{"taxonomy":"product_tag","embeddable":true,"href":"https:\/\/kingarms.ee\/lv\/wp-json\/wp\/v2\/product_tag?post=150414"}],"curies":[{"name":"wp","href":"https:\/\/api.w.org\/{rel}","templated":true}]}}