{"id":150417,"date":"2024-01-18T14:49:20","date_gmt":"2025-06-07T12:40:17","guid":{"rendered":"https:\/\/kingarms.ee\/product\/tiross-daudzfunkcionala-lampa-40smd-led-340lm-ts-1982\/"},"modified":"2025-08-03T12:53:41","modified_gmt":"2025-08-03T09:53:41","slug":"tiross-daudzfunkcionala-lampa-40smd-led-340lm-ts-1982","status":"publish","type":"product","link":"https:\/\/kingarms.ee\/lv\/product\/tiross-daudzfunkcionala-lampa-40smd-led-340lm-ts-1982\/","title":{"rendered":"Tiross daudzfunkcion\u0101l\u0101 lampa 40SMD LED 340LM TS-1982"},"content":{"rendered":"","protected":false},"excerpt":{"rendered":"<p>Tiross daudzfunkcion\u0101l\u0101 lampa 40SMD LED 340LM TS-1982<\/p>\n<p><strong>Tiross<\/strong> daudzfunkcion\u0101la lampa. Ide\u0101ls, \u0146emot par braucienu.<br \/>\nSpilgta gaisma, iztur\u012bga un kompakta lampa. Ir iesp\u0113jams izmantot lampu<br \/>\nar\u012b k\u0101 akumulatoru banka.<\/p>\n<ul>\n<li>Gaismas avots: 40 SMD LED<\/li>\n<li>Gaismas intensit\u0101te: 340lm<\/li>\n<li>Uzl\u0101d\u0113jams akumulators: 2400 mAh<\/li>\n<li>Aptum\u0161ojama gaismas intensit\u0101te<\/li>\n<li>Var izmantot k\u0101 akumulatoru banku<\/li>\n<li>Iek\u013cauts USB Kabelis<\/li>\n<li>Uzl\u0101des laiks: 5h<\/li>\n<li>Uzl\u0101des laik\u0101 lampai j\u0101b\u016bt izsl\u0113gtai<\/li>\n<\/ul>\n","protected":false},"featured_media":134015,"template":"","meta":{"_acf_changed":false},"product_brand":[],"product_cat":[1119],"product_tag":[],"class_list":{"0":"post-150417","1":"product","2":"type-product","3":"status-publish","4":"has-post-thumbnail","6":"product_cat-celojumu-preces","8":"first","9":"instock","10":"taxable","11":"shipping-taxable","12":"purchasable","13":"product-type-simple"},"acf":[],"_links":{"self":[{"href":"https:\/\/kingarms.ee\/lv\/wp-json\/wp\/v2\/product\/150417","targetHints":{"allow":["GET"]}}],"collection":[{"href":"https:\/\/kingarms.ee\/lv\/wp-json\/wp\/v2\/product"}],"about":[{"href":"https:\/\/kingarms.ee\/lv\/wp-json\/wp\/v2\/types\/product"}],"wp:featuredmedia":[{"embeddable":true,"href":"https:\/\/kingarms.ee\/lv\/wp-json\/wp\/v2\/media\/134015"}],"wp:attachment":[{"href":"https:\/\/kingarms.ee\/lv\/wp-json\/wp\/v2\/media?parent=150417"}],"wp:term":[{"taxonomy":"product_brand","embeddable":true,"href":"https:\/\/kingarms.ee\/lv\/wp-json\/wp\/v2\/product_brand?post=150417"},{"taxonomy":"product_cat","embeddable":true,"href":"https:\/\/kingarms.ee\/lv\/wp-json\/wp\/v2\/product_cat?post=150417"},{"taxonomy":"product_tag","embeddable":true,"href":"https:\/\/kingarms.ee\/lv\/wp-json\/wp\/v2\/product_tag?post=150417"}],"curies":[{"name":"wp","href":"https:\/\/api.w.org\/{rel}","templated":true}]}}