{"id":150425,"date":"2022-10-17T15:47:21","date_gmt":"2025-06-07T13:25:33","guid":{"rendered":"https:\/\/kingarms.ee\/product\/objektiva-tirisanas-pildspalva-2-virpulis\/"},"modified":"2025-06-07T16:25:33","modified_gmt":"2025-06-07T13:25:33","slug":"objektiva-tirisanas-pildspalva-2-virpulis","status":"publish","type":"product","link":"https:\/\/kingarms.ee\/lv\/product\/objektiva-tirisanas-pildspalva-2-virpulis\/","title":{"rendered":"Objekt\u012bva T\u012br\u012b\u0161anas Pildspalva 2 [Virpulis]"},"content":{"rendered":"","protected":false},"excerpt":{"rendered":"<p>Objekt\u012bva T\u012br\u012b\u0161anas Pildspalva 2 [Virpulis]<\/p>\n<p>Objekt\u012bva t\u012br\u012b\u0161anas Pildspalva 2 no Vortex ir maza viegla ier\u012bce, ko izmanto, lai no\u0146emtu traipus un pirkstu nospiedumus no \u0161autenes tv\u0113rumiem, l\u0113c\u0101m, binok\u013ciem un cit\u0101m optisk\u0101m ier\u012bc\u0113m, izmantojot filca spilventi\u0146u un suku.<\/p>\n","protected":false},"featured_media":124587,"template":"","meta":{"_acf_changed":false},"product_brand":[],"product_cat":[1184],"product_tag":[],"class_list":{"0":"post-150425","1":"product","2":"type-product","3":"status-publish","4":"has-post-thumbnail","6":"product_cat-binokli-un-monokularie","8":"first","9":"instock","10":"purchasable","11":"product-type-simple"},"acf":[],"_links":{"self":[{"href":"https:\/\/kingarms.ee\/lv\/wp-json\/wp\/v2\/product\/150425","targetHints":{"allow":["GET"]}}],"collection":[{"href":"https:\/\/kingarms.ee\/lv\/wp-json\/wp\/v2\/product"}],"about":[{"href":"https:\/\/kingarms.ee\/lv\/wp-json\/wp\/v2\/types\/product"}],"wp:featuredmedia":[{"embeddable":true,"href":"https:\/\/kingarms.ee\/lv\/wp-json\/wp\/v2\/media\/124587"}],"wp:attachment":[{"href":"https:\/\/kingarms.ee\/lv\/wp-json\/wp\/v2\/media?parent=150425"}],"wp:term":[{"taxonomy":"product_brand","embeddable":true,"href":"https:\/\/kingarms.ee\/lv\/wp-json\/wp\/v2\/product_brand?post=150425"},{"taxonomy":"product_cat","embeddable":true,"href":"https:\/\/kingarms.ee\/lv\/wp-json\/wp\/v2\/product_cat?post=150425"},{"taxonomy":"product_tag","embeddable":true,"href":"https:\/\/kingarms.ee\/lv\/wp-json\/wp\/v2\/product_tag?post=150425"}],"curies":[{"name":"wp","href":"https:\/\/api.w.org\/{rel}","templated":true}]}}