{"id":150430,"date":"2022-02-27T18:25:05","date_gmt":"2025-06-07T13:27:30","guid":{"rendered":"https:\/\/kingarms.ee\/product\/pilna-metala-bise-a-k\/"},"modified":"2025-06-07T16:27:30","modified_gmt":"2025-06-07T13:27:30","slug":"pilna-metala-bise-a-k","status":"publish","type":"product","link":"https:\/\/kingarms.ee\/lv\/product\/pilna-metala-bise-a-k\/","title":{"rendered":"Pilna met\u0101la bise (A &amp; K)"},"content":{"rendered":"<p><img loading=\"lazy\" decoding=\"async\" class=\"alignnone size-medium wp-image-37837\" src=\"https:\/\/kingarms.ee\/wp-content\/uploads\/2022\/02\/1152228411_2-300x200.jpeg\" alt=\"\" width=\"300\" height=\"200\" srcset=\"https:\/\/kingarms.ee\/wp-content\/uploads\/2022\/02\/1152228411_2-300x200.jpeg 300w, https:\/\/kingarms.ee\/wp-content\/uploads\/2022\/02\/1152228411_2-1024x682.jpeg 1024w, https:\/\/kingarms.ee\/wp-content\/uploads\/2022\/02\/1152228411_2-768x512.jpeg 768w, https:\/\/kingarms.ee\/wp-content\/uploads\/2022\/02\/1152228411_2-1536x1024.jpeg 1536w, https:\/\/kingarms.ee\/wp-content\/uploads\/2022\/02\/1152228411_2-500x333.jpeg 500w, https:\/\/kingarms.ee\/wp-content\/uploads\/2022\/02\/1152228411_2-150x100.jpeg 150w, https:\/\/kingarms.ee\/wp-content\/uploads\/2022\/02\/1152228411_2.jpeg 2000w\" sizes=\"auto, (max-width: 300px) 100vw, 300px\" \/><\/p>\n","protected":false},"excerpt":{"rendered":"<p>Pilna met\u0101la bise (A &amp; K)<\/p>\n<p>Tas ir pietiekami, lai vieta, kur j\u016bsu rok\u0101s par \u0161o airsoft ieroci sajust savu svaru un uzzin\u0101t par sevi, ka \u0161\u012b nav parasta rota\u013clieta. To apstiprina gan neticami sp\u0113c\u012bg\u0101 konstrukcija, gan ra\u017eo\u0161an\u0101 izmantotie materi\u0101li. Papildus rokturis un kravas rokturi, visu kopija tiek izgatavotas no met\u0101la korpusa, renes, margas, \u0101r\u0113j\u0101s caurules, kab\u012bnes, utt.  <\/p>\n<p>Tehniskie dati<\/p>\n<p>Izgatavots no met\u0101la + plastmasas<\/p>\n<p>\u0100trums [FPS] ~380<\/p>\n<p>Darbina pavasaris<\/p>\n<p>Fotograf\u0113\u0161anas veids Single<\/p>\n<p>Garums [mm] 770-900<\/p>\n<p>Svars [g] 3110<\/p>\n<p>Papl\u0101tes tilpums [gab.] 20<\/p>\n<p>Hop Up ir regul\u0113jams<\/p>\n","protected":false},"featured_media":115455,"template":"","meta":{"_acf_changed":false},"product_brand":[],"product_cat":[1002],"product_tag":[],"class_list":{"0":"post-150430","1":"product","2":"type-product","3":"status-publish","4":"has-post-thumbnail","6":"product_cat-sukna-kodi","8":"first","9":"instock","10":"taxable","11":"shipping-taxable","12":"purchasable","13":"product-type-simple"},"acf":[],"_links":{"self":[{"href":"https:\/\/kingarms.ee\/lv\/wp-json\/wp\/v2\/product\/150430","targetHints":{"allow":["GET"]}}],"collection":[{"href":"https:\/\/kingarms.ee\/lv\/wp-json\/wp\/v2\/product"}],"about":[{"href":"https:\/\/kingarms.ee\/lv\/wp-json\/wp\/v2\/types\/product"}],"wp:featuredmedia":[{"embeddable":true,"href":"https:\/\/kingarms.ee\/lv\/wp-json\/wp\/v2\/media\/115455"}],"wp:attachment":[{"href":"https:\/\/kingarms.ee\/lv\/wp-json\/wp\/v2\/media?parent=150430"}],"wp:term":[{"taxonomy":"product_brand","embeddable":true,"href":"https:\/\/kingarms.ee\/lv\/wp-json\/wp\/v2\/product_brand?post=150430"},{"taxonomy":"product_cat","embeddable":true,"href":"https:\/\/kingarms.ee\/lv\/wp-json\/wp\/v2\/product_cat?post=150430"},{"taxonomy":"product_tag","embeddable":true,"href":"https:\/\/kingarms.ee\/lv\/wp-json\/wp\/v2\/product_tag?post=150430"}],"curies":[{"name":"wp","href":"https:\/\/api.w.org\/{rel}","templated":true}]}}