{"id":150438,"date":"2022-05-05T15:43:31","date_gmt":"2025-06-07T13:30:33","guid":{"rendered":"https:\/\/kingarms.ee\/product\/pistoles-strope\/"},"modified":"2025-06-07T16:30:33","modified_gmt":"2025-06-07T13:30:33","slug":"pistoles-strope","status":"publish","type":"product","link":"https:\/\/kingarms.ee\/lv\/product\/pistoles-strope\/","title":{"rendered":"Pistoles \u0160trope"},"content":{"rendered":"","protected":false},"excerpt":{"rendered":"<p>Pistoles \u0160trope<\/p>\n<p>&#8211; \u013bauj piln\u012bb\u0101 pagarin\u0101t fotograf\u0113\u0161anu<br \/>\n&#8211; Pied\u0101v\u0101 dro\u0161u \u0101\u0137a un cilpas jostas stiprin\u0101jumu ar \u0101tras atlai\u0161anas spr\u0101dzi<br \/>\n&#8211; Izm\u0113rs: 600 * 30 * 15mm<\/p>\n","protected":false},"featured_media":118630,"template":"","meta":{"_acf_changed":false},"product_brand":[],"product_cat":[1034],"product_tag":[],"class_list":{"0":"post-150438","1":"product","2":"type-product","3":"status-publish","4":"has-post-thumbnail","6":"product_cat-saujamierocu-piederumi","8":"first","9":"instock","10":"taxable","11":"shipping-taxable","12":"purchasable","13":"product-type-simple"},"acf":[],"_links":{"self":[{"href":"https:\/\/kingarms.ee\/lv\/wp-json\/wp\/v2\/product\/150438","targetHints":{"allow":["GET"]}}],"collection":[{"href":"https:\/\/kingarms.ee\/lv\/wp-json\/wp\/v2\/product"}],"about":[{"href":"https:\/\/kingarms.ee\/lv\/wp-json\/wp\/v2\/types\/product"}],"wp:featuredmedia":[{"embeddable":true,"href":"https:\/\/kingarms.ee\/lv\/wp-json\/wp\/v2\/media\/118630"}],"wp:attachment":[{"href":"https:\/\/kingarms.ee\/lv\/wp-json\/wp\/v2\/media?parent=150438"}],"wp:term":[{"taxonomy":"product_brand","embeddable":true,"href":"https:\/\/kingarms.ee\/lv\/wp-json\/wp\/v2\/product_brand?post=150438"},{"taxonomy":"product_cat","embeddable":true,"href":"https:\/\/kingarms.ee\/lv\/wp-json\/wp\/v2\/product_cat?post=150438"},{"taxonomy":"product_tag","embeddable":true,"href":"https:\/\/kingarms.ee\/lv\/wp-json\/wp\/v2\/product_tag?post=150438"}],"curies":[{"name":"wp","href":"https:\/\/api.w.org\/{rel}","templated":true}]}}