{"id":150442,"date":"2022-05-05T15:39:00","date_gmt":"2025-06-07T13:32:12","guid":{"rendered":"https:\/\/kingarms.ee\/product\/alpha-stock-mil-spec\/"},"modified":"2025-06-07T16:32:12","modified_gmt":"2025-06-07T13:32:12","slug":"alpha-stock-mil-spec","status":"publish","type":"product","link":"https:\/\/kingarms.ee\/lv\/product\/alpha-stock-mil-spec\/","title":{"rendered":"Alpha Stock Mil Spec"},"content":{"rendered":"","protected":false},"excerpt":{"rendered":"<p>Alfa Kr\u0101jums<\/p>\n<p>Tr\u012bsvien\u012bbas sp\u0113ka Alfa kr\u0101jums ir pietiekami univers\u0101ls, lai str\u0101d\u0101tu ar jebkuru AR uzb\u016bvi. Tam ir zema profila regul\u0113\u0161anas aizb\u012bdnis, dubult\u0101 iesmidzin\u0101ta gumijas vaigu balsts un slidens s\u0101nu profils. Butt-pad profils ir le\u0146\u0137veida, lai piel\u0101gotos plate p\u0101rvad\u0101t\u0101jiem un agres\u012bva tekstur\u0113\u0161ana nodro\u0161in\u0101s minim\u0101lu kust\u012bbu, manipul\u0113jot \u0161autene zem stresa. J\u016bsu dro\u0161\u012bbai Trinity Force iesaka \u0161o da\u013cu uzst\u0101d\u012bt kompetents, kvalific\u0113ts iero\u010du kal\u0113js \/ uzst\u0101d\u012bt\u0101js ar izpratni par iero\u010da platformu, uz kuras tiek uzst\u0101d\u012bta deta\u013ca. Str\u0101d\u0101jot, vienm\u0113r p\u0101rliecinieties, ka \u0161aujamierocis ir izkrauts un nor\u0101d\u012bts dro\u0161\u0101 virzien\u0101.    <\/p>\n","protected":false},"featured_media":118682,"template":"","meta":{"_acf_changed":false},"product_brand":[],"product_cat":[1038],"product_tag":[],"class_list":{"0":"post-150442","1":"product","2":"type-product","3":"status-publish","4":"has-post-thumbnail","6":"product_cat-kliedziens","8":"first","9":"instock","10":"taxable","11":"shipping-taxable","12":"purchasable","13":"product-type-simple"},"acf":[],"_links":{"self":[{"href":"https:\/\/kingarms.ee\/lv\/wp-json\/wp\/v2\/product\/150442","targetHints":{"allow":["GET"]}}],"collection":[{"href":"https:\/\/kingarms.ee\/lv\/wp-json\/wp\/v2\/product"}],"about":[{"href":"https:\/\/kingarms.ee\/lv\/wp-json\/wp\/v2\/types\/product"}],"wp:featuredmedia":[{"embeddable":true,"href":"https:\/\/kingarms.ee\/lv\/wp-json\/wp\/v2\/media\/118682"}],"wp:attachment":[{"href":"https:\/\/kingarms.ee\/lv\/wp-json\/wp\/v2\/media?parent=150442"}],"wp:term":[{"taxonomy":"product_brand","embeddable":true,"href":"https:\/\/kingarms.ee\/lv\/wp-json\/wp\/v2\/product_brand?post=150442"},{"taxonomy":"product_cat","embeddable":true,"href":"https:\/\/kingarms.ee\/lv\/wp-json\/wp\/v2\/product_cat?post=150442"},{"taxonomy":"product_tag","embeddable":true,"href":"https:\/\/kingarms.ee\/lv\/wp-json\/wp\/v2\/product_tag?post=150442"}],"curies":[{"name":"wp","href":"https:\/\/api.w.org\/{rel}","templated":true}]}}