{"id":150443,"date":"2022-02-03T14:47:48","date_gmt":"2025-06-07T13:32:37","guid":{"rendered":"https:\/\/kingarms.ee\/product\/galas-zupa-90g\/"},"modified":"2025-06-07T16:32:37","modified_gmt":"2025-06-07T13:32:37","slug":"galas-zupa-90g","status":"publish","type":"product","link":"https:\/\/kingarms.ee\/lv\/product\/galas-zupa-90g\/","title":{"rendered":"Ga\u013cas zupa 90g"},"content":{"rendered":"<p><img loading=\"lazy\" decoding=\"async\" class=\"alignnone size-medium wp-image-36509\" src=\"https:\/\/kingarms.ee\/wp-content\/uploads\/2022\/02\/MeatSoup-300x239.png\" alt=\"\" width=\"300\" height=\"239\" srcset=\"https:\/\/kingarms.ee\/wp-content\/uploads\/2022\/02\/MeatSoup-300x239.png 300w, https:\/\/kingarms.ee\/wp-content\/uploads\/2022\/02\/MeatSoup-150x120.png 150w, https:\/\/kingarms.ee\/wp-content\/uploads\/2022\/02\/MeatSoup-500x399.png 500w, https:\/\/kingarms.ee\/wp-content\/uploads\/2022\/02\/MeatSoup-1024x817.png 1024w, https:\/\/kingarms.ee\/wp-content\/uploads\/2022\/02\/MeatSoup-768x613.png 768w, https:\/\/kingarms.ee\/wp-content\/uploads\/2022\/02\/MeatSoup.png 1354w\" sizes=\"auto, (max-width: 300px) 100vw, 300px\" \/><\/p>\n","protected":false},"excerpt":{"rendered":"<ul>\n<li>Klasisk\u0101 ga\u013cas zupa ir jauka p\u0101rmai\u0146a no citiem taktiskajiem FoodPack pamat\u0113dieniem<\/li>\n<li>\u0100trs un \u0137erme\u0146a uzmundrino\u0161s v\u0113ders<\/li>\n<li>Atkar\u012bb\u0101 no t\u0101, vai ir v\u0113lama biez\u0101ka vai \u0161\u0137idr\u0101ka zupa, ikviens var pievienot \u016bdeni p\u0113c v\u0113l\u0113\u0161an\u0101s &#8211; m\u016bsu ieteikums ir 400 ml.<\/li>\n<li><span lang=\"ET\">Dabiski un ra\u017eoti Igaunij\u0101 <\/span><\/li>\n<li><span lang=\"ET\">Nesatur saglab\u0101\u0161ana UNPIEDEVA<\/span><\/li>\n<li><span lang=\"ET\">Ener\u0123ijas v\u0113rt\u012bba uz porciju ir 440kcal<\/span><\/li>\n<li>Der\u012bguma termi\u0146\u0161: 8 gadi<\/li>\n<\/ul>\n<p><strong>Koostisosad:<\/strong><\/p>\n<p><strong>Marin\u0113ti gur\u0137i, bumbu\u013cs\u012bpoli, c\u016bkga\u013ca (20%), tom\u0101tu pasta (tom\u0101ti 30% \u016bdens), rap\u0161u e\u013c\u013ca, cukurs, kvie\u0161u milti, s\u0101ls, gar\u0161vielas. Ra\u017eo\u0161anas l\u012bnijas d\u0113\u013c produkts var satur\u0113t nelielu daudzumu selerijas, sinepju un piena. <\/strong><\/p>\n","protected":false},"featured_media":115280,"template":"","meta":{"_acf_changed":false},"product_brand":[],"product_cat":[1128],"product_tag":[],"class_list":{"0":"post-150443","1":"product","2":"type-product","3":"status-publish","4":"has-post-thumbnail","6":"product_cat-taktiska-partikas","8":"first","9":"onbackorder","10":"taxable","11":"shipping-taxable","12":"product-type-simple"},"acf":[],"_links":{"self":[{"href":"https:\/\/kingarms.ee\/lv\/wp-json\/wp\/v2\/product\/150443","targetHints":{"allow":["GET"]}}],"collection":[{"href":"https:\/\/kingarms.ee\/lv\/wp-json\/wp\/v2\/product"}],"about":[{"href":"https:\/\/kingarms.ee\/lv\/wp-json\/wp\/v2\/types\/product"}],"wp:featuredmedia":[{"embeddable":true,"href":"https:\/\/kingarms.ee\/lv\/wp-json\/wp\/v2\/media\/115280"}],"wp:attachment":[{"href":"https:\/\/kingarms.ee\/lv\/wp-json\/wp\/v2\/media?parent=150443"}],"wp:term":[{"taxonomy":"product_brand","embeddable":true,"href":"https:\/\/kingarms.ee\/lv\/wp-json\/wp\/v2\/product_brand?post=150443"},{"taxonomy":"product_cat","embeddable":true,"href":"https:\/\/kingarms.ee\/lv\/wp-json\/wp\/v2\/product_cat?post=150443"},{"taxonomy":"product_tag","embeddable":true,"href":"https:\/\/kingarms.ee\/lv\/wp-json\/wp\/v2\/product_tag?post=150443"}],"curies":[{"name":"wp","href":"https:\/\/api.w.org\/{rel}","templated":true}]}}