{"id":150445,"date":"2019-04-04T20:17:51","date_gmt":"2025-06-07T13:33:38","guid":{"rendered":"https:\/\/kingarms.ee\/product\/ptfe-teflonmaare-10ml-protech\/"},"modified":"2025-06-07T16:33:38","modified_gmt":"2025-06-07T13:33:38","slug":"ptfe-teflonmaare-10ml-protech","status":"publish","type":"product","link":"https:\/\/kingarms.ee\/lv\/product\/ptfe-teflonmaare-10ml-protech\/","title":{"rendered":"PTFE teflonm\u00e4\u00e4re 10ml (ProTech)<br><br>"},"content":{"rendered":"<p><a href=\"https:\/\/kingarms.ee\/wp-content\/uploads\/2019\/04\/eng_pl_Pro-Tech-Guns-PTFE-Teflon-Grease-10ml-11646_1-300x175.jpg\"><img loading=\"lazy\" decoding=\"async\" class=\"alignnone size-medium wp-image-14274\" src=\"https:\/\/kingarms.ee\/wp-content\/uploads\/2019\/04\/eng_pl_Pro-Tech-Guns-PTFE-Teflon-Grease-10ml-11646_1-300x175.jpg\" alt=\"\" width=\"300\" height=\"175\" srcset=\"https:\/\/kingarms.ee\/wp-content\/uploads\/2019\/04\/eng_pl_Pro-Tech-Guns-PTFE-Teflon-Grease-10ml-11646_1-300x175.jpg 300w, https:\/\/kingarms.ee\/wp-content\/uploads\/2019\/04\/eng_pl_Pro-Tech-Guns-PTFE-Teflon-Grease-10ml-11646_1-150x87.jpg 150w, https:\/\/kingarms.ee\/wp-content\/uploads\/2019\/04\/eng_pl_Pro-Tech-Guns-PTFE-Teflon-Grease-10ml-11646_1-500x291.jpg 500w, https:\/\/kingarms.ee\/wp-content\/uploads\/2019\/04\/eng_pl_Pro-Tech-Guns-PTFE-Teflon-Grease-10ml-11646_1.jpg 700w\" sizes=\"auto, (max-width: 300px) 100vw, 300px\" \/><\/a><\/p>\n","protected":false},"excerpt":{"rendered":"<p>PTFE teflonm\u00e4\u00e4re 10ml (ProTech)<\/p>\n<p>PTFE sm\u0113rviela (teflona sm\u0113rviela) ir fantastisks produkts, kura <strong>pamat\u0101 ir teflons.<\/strong> Paredz\u0113ts darbam ar ASG p\u0101rnesumk\u0101rbu. \u013boti labi darbojas augst\u0101 temperat\u016br\u0101. Samazina nodilumu.<\/p>\n","protected":false},"featured_media":109527,"template":"","meta":{"_acf_changed":false},"product_brand":[],"product_cat":[1108,1012],"product_tag":[],"class_list":{"0":"post-150445","1":"product","2":"type-product","3":"status-publish","4":"has-post-thumbnail","6":"product_cat-co2-un-ella","7":"product_cat-ierocu-uzturesana","9":"first","10":"onbackorder","11":"taxable","12":"shipping-taxable","13":"product-type-simple"},"acf":[],"_links":{"self":[{"href":"https:\/\/kingarms.ee\/lv\/wp-json\/wp\/v2\/product\/150445","targetHints":{"allow":["GET"]}}],"collection":[{"href":"https:\/\/kingarms.ee\/lv\/wp-json\/wp\/v2\/product"}],"about":[{"href":"https:\/\/kingarms.ee\/lv\/wp-json\/wp\/v2\/types\/product"}],"wp:featuredmedia":[{"embeddable":true,"href":"https:\/\/kingarms.ee\/lv\/wp-json\/wp\/v2\/media\/109527"}],"wp:attachment":[{"href":"https:\/\/kingarms.ee\/lv\/wp-json\/wp\/v2\/media?parent=150445"}],"wp:term":[{"taxonomy":"product_brand","embeddable":true,"href":"https:\/\/kingarms.ee\/lv\/wp-json\/wp\/v2\/product_brand?post=150445"},{"taxonomy":"product_cat","embeddable":true,"href":"https:\/\/kingarms.ee\/lv\/wp-json\/wp\/v2\/product_cat?post=150445"},{"taxonomy":"product_tag","embeddable":true,"href":"https:\/\/kingarms.ee\/lv\/wp-json\/wp\/v2\/product_tag?post=150445"}],"curies":[{"name":"wp","href":"https:\/\/api.w.org\/{rel}","templated":true}]}}