{"id":150450,"date":"2022-05-05T15:02:00","date_gmt":"2025-06-07T13:36:20","guid":{"rendered":"https:\/\/kingarms.ee\/product\/rd-1-rd-2-zems-stiprinajums\/"},"modified":"2025-06-07T16:36:20","modified_gmt":"2025-06-07T13:36:20","slug":"rd-1-rd-2-zems-stiprinajums","status":"publish","type":"product","link":"https:\/\/kingarms.ee\/lv\/product\/rd-1-rd-2-zems-stiprinajums\/","title":{"rendered":"Rd-1 \/ RD-2 zems stiprin\u0101jums"},"content":{"rendered":"","protected":false},"excerpt":{"rendered":"<p>Rd-1 \/ RD-2 zems stiprin\u0101jums<\/p>\n<p>Aim-O ir viens no uzticam\u0101kajiem airsoft iero\u010du optikas ra\u017eot\u0101jiem. Pla\u0161ais pied\u0101v\u0101jums starp citiem ietver: sarkanus punktus, prizmatiskus\/main\u012bgus\/snaipera darb\u012bbas jomas, optiskos stiprin\u0101jumus un st\u0101vvadus. Uzman\u012bba deta\u013c\u0101m, m\u016bsdien\u012bgs dizains un lieliska kvalit\u0101tes kontrole garant\u0113, ka dz\u012bvnieku izcelsmes produkti ne\u013caus jums nok\u013c\u016bt airsoft kaujas lauk\u0101.  <\/p>\n","protected":false},"featured_media":118612,"template":"","meta":{"_acf_changed":false},"product_brand":[],"product_cat":[1033],"product_tag":[],"class_list":{"0":"post-150450","1":"product","2":"type-product","3":"status-publish","4":"has-post-thumbnail","6":"product_cat-apstiprinasana","8":"first","9":"instock","10":"taxable","11":"shipping-taxable","12":"purchasable","13":"product-type-simple"},"acf":[],"_links":{"self":[{"href":"https:\/\/kingarms.ee\/lv\/wp-json\/wp\/v2\/product\/150450","targetHints":{"allow":["GET"]}}],"collection":[{"href":"https:\/\/kingarms.ee\/lv\/wp-json\/wp\/v2\/product"}],"about":[{"href":"https:\/\/kingarms.ee\/lv\/wp-json\/wp\/v2\/types\/product"}],"wp:featuredmedia":[{"embeddable":true,"href":"https:\/\/kingarms.ee\/lv\/wp-json\/wp\/v2\/media\/118612"}],"wp:attachment":[{"href":"https:\/\/kingarms.ee\/lv\/wp-json\/wp\/v2\/media?parent=150450"}],"wp:term":[{"taxonomy":"product_brand","embeddable":true,"href":"https:\/\/kingarms.ee\/lv\/wp-json\/wp\/v2\/product_brand?post=150450"},{"taxonomy":"product_cat","embeddable":true,"href":"https:\/\/kingarms.ee\/lv\/wp-json\/wp\/v2\/product_cat?post=150450"},{"taxonomy":"product_tag","embeddable":true,"href":"https:\/\/kingarms.ee\/lv\/wp-json\/wp\/v2\/product_tag?post=150450"}],"curies":[{"name":"wp","href":"https:\/\/api.w.org\/{rel}","templated":true}]}}