{"id":150453,"date":"2022-02-03T14:43:37","date_gmt":"2025-06-07T13:38:21","guid":{"rendered":"https:\/\/kingarms.ee\/product\/biesu-zupa-ar-fetas-60g\/"},"modified":"2025-06-07T16:38:21","modified_gmt":"2025-06-07T13:38:21","slug":"biesu-zupa-ar-fetas-60g","status":"publish","type":"product","link":"https:\/\/kingarms.ee\/lv\/product\/biesu-zupa-ar-fetas-60g\/","title":{"rendered":"Bie\u0161u zupa ar fetas 60g"},"content":{"rendered":"<p><img loading=\"lazy\" decoding=\"async\" class=\"alignnone size-medium wp-image-36487\" src=\"https:\/\/kingarms.ee\/wp-content\/uploads\/2022\/02\/Beetroot_feta_soup-300x239.png\" alt=\"\" width=\"300\" height=\"239\" srcset=\"https:\/\/kingarms.ee\/wp-content\/uploads\/2022\/02\/Beetroot_feta_soup-300x239.png 300w, https:\/\/kingarms.ee\/wp-content\/uploads\/2022\/02\/Beetroot_feta_soup-150x120.png 150w, https:\/\/kingarms.ee\/wp-content\/uploads\/2022\/02\/Beetroot_feta_soup-500x399.png 500w, https:\/\/kingarms.ee\/wp-content\/uploads\/2022\/02\/Beetroot_feta_soup-1024x817.png 1024w, https:\/\/kingarms.ee\/wp-content\/uploads\/2022\/02\/Beetroot_feta_soup-768x613.png 768w, https:\/\/kingarms.ee\/wp-content\/uploads\/2022\/02\/Beetroot_feta_soup-1536x1225.png 1536w, https:\/\/kingarms.ee\/wp-content\/uploads\/2022\/02\/Beetroot_feta_soup.png 1798w\" sizes=\"auto, (max-width: 300px) 100vw, 300px\" \/><\/p>\n","protected":false},"excerpt":{"rendered":"<ul>\n<li><span lang=\"ET\">Feta p\u0113c gar\u0161as ir pievienota kr\u0101sainai un vesel\u012bgai bie\u0161u bieze\u0146a zupai<\/span><\/li>\n<li><span lang=\"ET\">Gar\u0161\u012bga un kr\u0113m\u012bga zupa ir patiess prieks gan augu, gan ga\u013cas \u0113dienu cien\u012bt\u0101jiem<\/span><\/li>\n<li><span lang=\"ET\">Dabiski un ra\u017eoti Igaunij\u0101 <\/span><\/li>\n<li><span lang=\"ET\">Nesatur saglab\u0101\u0161ana UNPIEDEVA<\/span><\/li>\n<li><span lang=\"ET\">Ener\u0123\u0113tisk\u0101 v\u0113rt\u012bba uz porciju ir 274 kcal<\/span><\/li>\n<\/ul>\n<p><strong>Koostisosad:<\/strong><\/p>\n<p>Bietes (35%), kartupe\u013ci,<strong> fetas siers <\/strong>(10%), sasmalcin\u0101ti tom\u0101ti, bumbu\u013cs\u012bpoli, gar\u0161vielas, s\u0101ls. <strong>Ra\u017eo\u0161anas l\u012bnijas d\u0113\u013c produkts var satur\u0113t nelielu daudzumu selerijas un sinepju.<\/strong><\/p>\n","protected":false},"featured_media":115270,"template":"","meta":{"_acf_changed":false},"product_brand":[],"product_cat":[1128],"product_tag":[],"class_list":{"0":"post-150453","1":"product","2":"type-product","3":"status-publish","4":"has-post-thumbnail","6":"product_cat-taktiska-partikas","8":"first","9":"instock","10":"taxable","11":"shipping-taxable","12":"purchasable","13":"product-type-simple"},"acf":[],"_links":{"self":[{"href":"https:\/\/kingarms.ee\/lv\/wp-json\/wp\/v2\/product\/150453","targetHints":{"allow":["GET"]}}],"collection":[{"href":"https:\/\/kingarms.ee\/lv\/wp-json\/wp\/v2\/product"}],"about":[{"href":"https:\/\/kingarms.ee\/lv\/wp-json\/wp\/v2\/types\/product"}],"wp:featuredmedia":[{"embeddable":true,"href":"https:\/\/kingarms.ee\/lv\/wp-json\/wp\/v2\/media\/115270"}],"wp:attachment":[{"href":"https:\/\/kingarms.ee\/lv\/wp-json\/wp\/v2\/media?parent=150453"}],"wp:term":[{"taxonomy":"product_brand","embeddable":true,"href":"https:\/\/kingarms.ee\/lv\/wp-json\/wp\/v2\/product_brand?post=150453"},{"taxonomy":"product_cat","embeddable":true,"href":"https:\/\/kingarms.ee\/lv\/wp-json\/wp\/v2\/product_cat?post=150453"},{"taxonomy":"product_tag","embeddable":true,"href":"https:\/\/kingarms.ee\/lv\/wp-json\/wp\/v2\/product_tag?post=150453"}],"curies":[{"name":"wp","href":"https:\/\/api.w.org\/{rel}","templated":true}]}}