{"id":150460,"date":"2022-10-17T15:47:10","date_gmt":"2025-06-07T13:42:15","guid":{"rendered":"https:\/\/kingarms.ee\/product\/strikefire-ii-sarkana-meroga-virpulis\/"},"modified":"2025-06-07T16:42:15","modified_gmt":"2025-06-07T13:42:15","slug":"strikefire-ii-sarkana-meroga-virpulis","status":"publish","type":"product","link":"https:\/\/kingarms.ee\/lv\/product\/strikefire-ii-sarkana-meroga-virpulis\/","title":{"rendered":"Strikefire II sarkan\u0101 m\u0113roga virpulis"},"content":{"rendered":"","protected":false},"excerpt":{"rendered":"<p>Strikefire II sarkan\u0101 m\u0113roga virpulis<\/p>\n<p>Kad situ\u0101cijas prasa sekundes m\u0113r\u0137a ieg\u016b\u0161anu un maksim\u0101lo redzes lauku, uzst\u0101diet Strikefire II un ieg\u016bstiet \u0161au\u0161anu. Sal\u012bdzinot ar maz\u0101kajiem sarkano punktu br\u0101l\u0113niem, piem\u0113ram, SPARC vai Crossfire, Strikefire II liel\u0101ks m\u0113r\u0137is un 30 mm Cauru\u013cu dizains nodro\u0161ina liel\u0101ku redzes lauku un \u013cauj to uzst\u0101d\u012bt gandr\u012bz jebkur\u0101 augstum\u0101, izmantojot visbie\u017e\u0101k sastopamos 30 mm gredzenus. 4 MOA punktu ir viegli \u0101tri ieg\u016bt, un tas ir pieejams tikai sarkan\u0101 kr\u0101s\u0101 vai lietot\u0101ja izv\u0113l\u0113t\u0101 sarkan\u0101\/za\u013c\u0101 kr\u0101s\u0101.  <\/p>\n","protected":false},"featured_media":124668,"template":"","meta":{"_acf_changed":false},"product_brand":[],"product_cat":[1031],"product_tag":[],"class_list":{"0":"post-150460","1":"product","2":"type-product","3":"status-publish","4":"has-post-thumbnail","6":"product_cat-sarkana-vieta","8":"first","9":"instock","10":"sale","11":"purchasable","12":"product-type-simple"},"acf":[],"_links":{"self":[{"href":"https:\/\/kingarms.ee\/lv\/wp-json\/wp\/v2\/product\/150460","targetHints":{"allow":["GET"]}}],"collection":[{"href":"https:\/\/kingarms.ee\/lv\/wp-json\/wp\/v2\/product"}],"about":[{"href":"https:\/\/kingarms.ee\/lv\/wp-json\/wp\/v2\/types\/product"}],"wp:featuredmedia":[{"embeddable":true,"href":"https:\/\/kingarms.ee\/lv\/wp-json\/wp\/v2\/media\/124668"}],"wp:attachment":[{"href":"https:\/\/kingarms.ee\/lv\/wp-json\/wp\/v2\/media?parent=150460"}],"wp:term":[{"taxonomy":"product_brand","embeddable":true,"href":"https:\/\/kingarms.ee\/lv\/wp-json\/wp\/v2\/product_brand?post=150460"},{"taxonomy":"product_cat","embeddable":true,"href":"https:\/\/kingarms.ee\/lv\/wp-json\/wp\/v2\/product_cat?post=150460"},{"taxonomy":"product_tag","embeddable":true,"href":"https:\/\/kingarms.ee\/lv\/wp-json\/wp\/v2\/product_tag?post=150460"}],"curies":[{"name":"wp","href":"https:\/\/api.w.org\/{rel}","templated":true}]}}