{"id":150462,"date":"2022-02-03T14:35:01","date_gmt":"2025-06-07T13:43:00","guid":{"rendered":"https:\/\/kingarms.ee\/product\/kremveida-darzenu-pasta-110g\/"},"modified":"2025-06-07T16:43:00","modified_gmt":"2025-06-07T13:43:00","slug":"kremveida-darzenu-pasta-110g","status":"publish","type":"product","link":"https:\/\/kingarms.ee\/lv\/product\/kremveida-darzenu-pasta-110g\/","title":{"rendered":"Kr\u0113mveida d\u0101rze\u0146u pasta 110g"},"content":{"rendered":"<p><img loading=\"lazy\" decoding=\"async\" class=\"alignnone size-medium wp-image-36447\" src=\"https:\/\/kingarms.ee\/wp-content\/uploads\/2022\/02\/Pasta_and_vegetables-300x239.png\" alt=\"\" width=\"300\" height=\"239\" srcset=\"https:\/\/kingarms.ee\/wp-content\/uploads\/2022\/02\/Pasta_and_vegetables-300x239.png 300w, https:\/\/kingarms.ee\/wp-content\/uploads\/2022\/02\/Pasta_and_vegetables-150x120.png 150w, https:\/\/kingarms.ee\/wp-content\/uploads\/2022\/02\/Pasta_and_vegetables-500x399.png 500w, https:\/\/kingarms.ee\/wp-content\/uploads\/2022\/02\/Pasta_and_vegetables-1024x817.png 1024w, https:\/\/kingarms.ee\/wp-content\/uploads\/2022\/02\/Pasta_and_vegetables-768x613.png 768w, https:\/\/kingarms.ee\/wp-content\/uploads\/2022\/02\/Pasta_and_vegetables-1536x1225.png 1536w, https:\/\/kingarms.ee\/wp-content\/uploads\/2022\/02\/Pasta_and_vegetables.png 1798w\" sizes=\"auto, (max-width: 300px) 100vw, 300px\" \/><\/p>\n","protected":false},"excerpt":{"rendered":"<ul>\n<li>Ar lielu daudzumu d\u0101rze\u0146u<\/li>\n<li>Ar dab\u012bg\u0101m gar\u0161\u0101m<\/li>\n<li>Vesel\u012bgi un kaloriju makaroni<\/li>\n<li>Labas p\u0101rmai\u0146as ga\u013cas \u0113dieni<\/li>\n<li><span lang=\"ET\">Dabiski un ra\u017eoti Igaunij\u0101 <\/span><\/li>\n<li><span lang=\"ET\">Nesatur saglab\u0101\u0161ana UNPIEDEVA<\/span><\/li>\n<li><span lang=\"ET\">Ener\u0123\u0113tisk\u0101 v\u0113rt\u012bba uz porciju ir 513 kcal<\/span><\/li>\n<\/ul>\n<p><strong>Sast\u0101vda\u013ca: <\/strong><\/p>\n<div class=\"description\">\n<p>Makaroni (42%) (<strong>kvie\u0161u<\/strong> milti, \u016bdens, kurkuma), bulg\u0101ru pipari (11%), burk\u0101ni (11%), s\u012bpoli (7,3%), pupi\u0146u p\u0101kstis (7,3%), tom\u0101ti (7,3%), <strong>kr\u0113juma siers<\/strong>, <strong>svaigs<\/strong> kr\u0113jums, \u0136iploki, ol\u012bvas, baziliks, p\u0113ters\u012b\u013ci, s\u0101ls, gar\u0161vielas. <strong>Ra\u017eo\u0161anas l\u012bnijas d\u0113\u013c produkts var satur\u0113t nelielu daudzumu selerijas un sinepju.<\/strong><\/p>\n<\/div>\n","protected":false},"featured_media":115252,"template":"","meta":{"_acf_changed":false},"product_brand":[],"product_cat":[1128],"product_tag":[],"class_list":{"0":"post-150462","1":"product","2":"type-product","3":"status-publish","4":"has-post-thumbnail","6":"product_cat-taktiska-partikas","8":"first","9":"instock","10":"taxable","11":"shipping-taxable","12":"purchasable","13":"product-type-simple"},"acf":[],"_links":{"self":[{"href":"https:\/\/kingarms.ee\/lv\/wp-json\/wp\/v2\/product\/150462","targetHints":{"allow":["GET"]}}],"collection":[{"href":"https:\/\/kingarms.ee\/lv\/wp-json\/wp\/v2\/product"}],"about":[{"href":"https:\/\/kingarms.ee\/lv\/wp-json\/wp\/v2\/types\/product"}],"wp:featuredmedia":[{"embeddable":true,"href":"https:\/\/kingarms.ee\/lv\/wp-json\/wp\/v2\/media\/115252"}],"wp:attachment":[{"href":"https:\/\/kingarms.ee\/lv\/wp-json\/wp\/v2\/media?parent=150462"}],"wp:term":[{"taxonomy":"product_brand","embeddable":true,"href":"https:\/\/kingarms.ee\/lv\/wp-json\/wp\/v2\/product_brand?post=150462"},{"taxonomy":"product_cat","embeddable":true,"href":"https:\/\/kingarms.ee\/lv\/wp-json\/wp\/v2\/product_cat?post=150462"},{"taxonomy":"product_tag","embeddable":true,"href":"https:\/\/kingarms.ee\/lv\/wp-json\/wp\/v2\/product_tag?post=150462"}],"curies":[{"name":"wp","href":"https:\/\/api.w.org\/{rel}","templated":true}]}}