{"id":150464,"date":"2022-10-17T15:47:10","date_gmt":"2025-06-07T13:44:00","guid":{"rendered":"https:\/\/kingarms.ee\/product\/red-dot-spitfire-ar-1x-virpulis\/"},"modified":"2025-06-07T16:44:00","modified_gmt":"2025-06-07T13:44:00","slug":"red-dot-spitfire-ar-1x-virpulis","status":"publish","type":"product","link":"https:\/\/kingarms.ee\/lv\/product\/red-dot-spitfire-ar-1x-virpulis\/","title":{"rendered":"Red dot Spitfire AR 1x [virpulis]"},"content":{"rendered":"","protected":false},"excerpt":{"rendered":"<p>Red dot Spitfire AR 1x [Vortex] kad \u0161\u0101v\u0113ji pieprasa sarkan\u0101 punkta \u0101tras apstr\u0101des \u012bpa\u0161\u012bbas, bet cie\u0161 no Starburst efektiem sarkanos punktos no parast\u0101 astigmatisma, Spitfire AR ir ide\u0101la izv\u0113le. Stikla iegrav\u0113to DRT (Dual Ring Tactical) t\u012bkli\u0146u var izmantot ar sarkanu\/za\u013cu apgaismojumu vai bez t\u0101, piem\u0113ram, tradicion\u0101lo riflescope, un tas padara m\u0113r\u0137a un t\u012bkli\u0146a ieg\u016b\u0161anu tuv\u0101s ceturtda\u013c\u0101s snap. Unik\u0101ls Spitfire AR, iek\u013cautais 5.56 BDC torn\u012btis \u013cauj \u0161\u0101v\u0113jiem izsaukt popul\u0101ras ar\u201415 konfigur\u0101cijas l\u012bdz 700 jardiem-ide\u0101li piem\u0113rots ierobe\u017eotiem 3.noda\u013cas iero\u010du konkurentiem vai diapazona apmekl\u0113t\u0101jiem, kuri v\u0113las iesaist\u012bt m\u0113r\u0137us no tuk\u0161a punkta l\u012bdz papla\u0161in\u0101tam diapazonam.  <\/p>\n<p>TEHNISKIE DATI<\/p>\n<p>Att\u0101lums no acs [mm] 96,5<br \/>\nUzpildes g\u0101zes sl\u0101peklis<br \/>\nLine\u0101rais redzes lauks pie 100 m [m]. 26,3<br \/>\nPalielin\u0101jums [\u00d7]. 1<br \/>\nM\u0113r\u0137a krusti\u0146u (t\u012bkli\u0146u) veids DRT MOA<br \/>\nBaro\u0161ana<br \/>\n\u0160\u016bnu baro\u0161anas avots AAA \u00d7 1<br \/>\nPapildinform\u0101cija<br \/>\nPak\u0101peniska piel\u0101go\u0161ana [MOA]. 1\/2<br \/>\nKorpusa materi\u0101ls MIL-SPEC anod\u0113ts duralum\u012bns<br \/>\nMaksim\u0101l\u0101 vertik\u0101l\u0101 (augstuma) regul\u0113\u0161ana [MOA]. 120<br \/>\nMax. horizont\u0101l\u0101 (pieg\u0101des) regul\u0113\u0161ana [MOA]. 120<br \/>\nDimensija<br \/>\nObjekt\u012bva diametrs [mm]. 25<br \/>\nKop\u0113jais garums [mm]. 109<br \/>\nSvars [g] 346       <\/p>\n","protected":false},"featured_media":124680,"template":"","meta":{"_acf_changed":false},"product_brand":[],"product_cat":[1031,1027],"product_tag":[],"class_list":{"0":"post-150464","1":"product","2":"type-product","3":"status-publish","4":"has-post-thumbnail","6":"product_cat-sarkana-vieta","7":"product_cat-telot","9":"first","10":"instock","11":"purchasable","12":"product-type-simple"},"acf":[],"_links":{"self":[{"href":"https:\/\/kingarms.ee\/lv\/wp-json\/wp\/v2\/product\/150464","targetHints":{"allow":["GET"]}}],"collection":[{"href":"https:\/\/kingarms.ee\/lv\/wp-json\/wp\/v2\/product"}],"about":[{"href":"https:\/\/kingarms.ee\/lv\/wp-json\/wp\/v2\/types\/product"}],"wp:featuredmedia":[{"embeddable":true,"href":"https:\/\/kingarms.ee\/lv\/wp-json\/wp\/v2\/media\/124680"}],"wp:attachment":[{"href":"https:\/\/kingarms.ee\/lv\/wp-json\/wp\/v2\/media?parent=150464"}],"wp:term":[{"taxonomy":"product_brand","embeddable":true,"href":"https:\/\/kingarms.ee\/lv\/wp-json\/wp\/v2\/product_brand?post=150464"},{"taxonomy":"product_cat","embeddable":true,"href":"https:\/\/kingarms.ee\/lv\/wp-json\/wp\/v2\/product_cat?post=150464"},{"taxonomy":"product_tag","embeddable":true,"href":"https:\/\/kingarms.ee\/lv\/wp-json\/wp\/v2\/product_tag?post=150464"}],"curies":[{"name":"wp","href":"https:\/\/api.w.org\/{rel}","templated":true}]}}