{"id":150468,"date":"2022-04-30T09:59:32","date_gmt":"2025-06-07T13:46:56","guid":{"rendered":"https:\/\/kingarms.ee\/product\/hfc-gazes-pistole-ag-17-sudraba\/"},"modified":"2025-06-07T16:46:56","modified_gmt":"2025-06-07T13:46:56","slug":"hfc-gazes-pistole-ag-17-sudraba","status":"publish","type":"product","link":"https:\/\/kingarms.ee\/lv\/product\/hfc-gazes-pistole-ag-17-sudraba\/","title":{"rendered":"HFC G\u0100ZES PISTOLE AG-17 SUDRABA"},"content":{"rendered":"","protected":false},"excerpt":{"rendered":"<p>Hfc g\u0101zes pistole AG-17 sudraba<\/p>\n<p>G\u0101zes pistole advanced g17<br \/>\nPolim\u0113ru r\u0101mis un met\u0101la slaids<br \/>\n26 k\u0101rtas met\u0101la g\u0101zes \u017durn\u0101ls<br \/>\nZem mucas sliedes<br \/>\nDro\u0161\u012bba un viens \u0161\u0101viens<br \/>\nRegul\u0113jams hop up<br \/>\nIek\u013cauts gumijas rokturis<br \/>\nGarums 185mm<br \/>\nSvars 690g<br \/>\nSudraba kr\u0101sa<br \/>\nCiet\u0101 somi\u0146a pakete<\/p>\n","protected":false},"featured_media":118558,"template":"","meta":{"_acf_changed":false},"product_brand":[],"product_cat":[1000],"product_tag":[],"class_list":{"0":"post-150468","1":"product","2":"type-product","3":"status-publish","4":"has-post-thumbnail","6":"product_cat-rokas-pistoles","8":"first","9":"onbackorder","10":"taxable","11":"shipping-taxable","12":"product-type-simple"},"acf":[],"_links":{"self":[{"href":"https:\/\/kingarms.ee\/lv\/wp-json\/wp\/v2\/product\/150468","targetHints":{"allow":["GET"]}}],"collection":[{"href":"https:\/\/kingarms.ee\/lv\/wp-json\/wp\/v2\/product"}],"about":[{"href":"https:\/\/kingarms.ee\/lv\/wp-json\/wp\/v2\/types\/product"}],"wp:featuredmedia":[{"embeddable":true,"href":"https:\/\/kingarms.ee\/lv\/wp-json\/wp\/v2\/media\/118558"}],"wp:attachment":[{"href":"https:\/\/kingarms.ee\/lv\/wp-json\/wp\/v2\/media?parent=150468"}],"wp:term":[{"taxonomy":"product_brand","embeddable":true,"href":"https:\/\/kingarms.ee\/lv\/wp-json\/wp\/v2\/product_brand?post=150468"},{"taxonomy":"product_cat","embeddable":true,"href":"https:\/\/kingarms.ee\/lv\/wp-json\/wp\/v2\/product_cat?post=150468"},{"taxonomy":"product_tag","embeddable":true,"href":"https:\/\/kingarms.ee\/lv\/wp-json\/wp\/v2\/product_tag?post=150468"}],"curies":[{"name":"wp","href":"https:\/\/api.w.org\/{rel}","templated":true}]}}