{"id":150471,"date":"2022-04-30T09:41:36","date_gmt":"2025-06-07T13:48:44","guid":{"rendered":"https:\/\/kingarms.ee\/product\/g-g-ar-gazi-darbinama-sautene-smc-9-melna\/"},"modified":"2025-06-07T16:48:44","modified_gmt":"2025-06-07T13:48:44","slug":"g-g-ar-gazi-darbinama-sautene-smc-9-melna","status":"publish","type":"product","link":"https:\/\/kingarms.ee\/lv\/product\/g-g-ar-gazi-darbinama-sautene-smc-9-melna\/","title":{"rendered":"G &amp; G AR G\u0100ZI DARBIN\u0100MA \u0160AUTENE SMC 9 MELNA"},"content":{"rendered":"","protected":false},"excerpt":{"rendered":"<p>G &amp; G AR G\u0100ZI DARBIN\u0100MA \u0160AUTENE SMC 9 MELNA<\/p>\n<p>Ar g\u0101zi darbin\u0101ma \u0161autene smc-9<br \/>\nKomplekt\u0101 ietilpst smc-9 p\u0101rveido\u0161anas komplekts no pistoles uz karab\u012bnu un qtp 9 g\u0101zes pistole bez slaida<br \/>\nHi-cap 50 k\u0101rtas G\u0101zes \u017durn\u0101ls<br \/>\nBlowback<br \/>\nAlum\u012bnija rokas aizsargs<br \/>\nSalok\u0101ms polim\u0113ru kr\u0101jums<br \/>\nFlip-up ajdustable apskates vietas<br \/>\n\u0100tri regul\u0113jams l\u0113ciens ar regul\u0113\u0161anas r\u012bku (iek\u013cauts komplekt\u0101)<br \/>\nStandarta 20mm aug\u0161\u0113j\u0101 sliede<br \/>\nBiseksu\u0101\u013cu uzl\u0101des rokturis<br \/>\nUguns re\u017e\u012bms: dro\u0161s, viens \u0161\u0101viens un p\u0101rspr\u0101gt<br \/>\nQd sling mount<br \/>\nGarums 415mm-620mm<br \/>\nSvars 2100g<\/p>\n","protected":false},"featured_media":118534,"template":"","meta":{"_acf_changed":false},"product_brand":[],"product_cat":[1001],"product_tag":[],"class_list":{"0":"post-150471","1":"product","2":"type-product","3":"status-publish","4":"has-post-thumbnail","6":"product_cat-tirdzniecibas-automati","8":"first","9":"onbackorder","10":"taxable","11":"shipping-taxable","12":"product-type-simple"},"acf":[],"_links":{"self":[{"href":"https:\/\/kingarms.ee\/lv\/wp-json\/wp\/v2\/product\/150471","targetHints":{"allow":["GET"]}}],"collection":[{"href":"https:\/\/kingarms.ee\/lv\/wp-json\/wp\/v2\/product"}],"about":[{"href":"https:\/\/kingarms.ee\/lv\/wp-json\/wp\/v2\/types\/product"}],"wp:featuredmedia":[{"embeddable":true,"href":"https:\/\/kingarms.ee\/lv\/wp-json\/wp\/v2\/media\/118534"}],"wp:attachment":[{"href":"https:\/\/kingarms.ee\/lv\/wp-json\/wp\/v2\/media?parent=150471"}],"wp:term":[{"taxonomy":"product_brand","embeddable":true,"href":"https:\/\/kingarms.ee\/lv\/wp-json\/wp\/v2\/product_brand?post=150471"},{"taxonomy":"product_cat","embeddable":true,"href":"https:\/\/kingarms.ee\/lv\/wp-json\/wp\/v2\/product_cat?post=150471"},{"taxonomy":"product_tag","embeddable":true,"href":"https:\/\/kingarms.ee\/lv\/wp-json\/wp\/v2\/product_tag?post=150471"}],"curies":[{"name":"wp","href":"https:\/\/api.w.org\/{rel}","templated":true}]}}