{"id":150475,"date":"2022-10-17T15:47:10","date_gmt":"2025-06-07T13:51:01","guid":{"rendered":"https:\/\/kingarms.ee\/product\/adaptera-stiprinajums-leapes\/"},"modified":"2025-06-07T16:51:01","modified_gmt":"2025-06-07T13:51:01","slug":"adaptera-stiprinajums-leapes","status":"publish","type":"product","link":"https:\/\/kingarms.ee\/lv\/product\/adaptera-stiprinajums-leapes\/","title":{"rendered":"Adaptera stiprin\u0101jums [Leapes]"},"content":{"rendered":"","protected":false},"excerpt":{"rendered":"<p>Adaptera stiprin\u0101jums [Leapes]<\/p>\n<p>Savietojams ar liel\u0101ko da\u013cu 9mm &#8211; 11mm, plakanas vai noapa\u013cotas, airgun\/shotgun dovetail sliedes<br \/>\nPret atsitienu iztur\u012bgi apst\u0101\u0161an\u0101s pal\u012bgl\u012bdzek\u013ci ar papildu nulles notur\u012bbu pret divvirzienu atsitiena sp\u0113ku, kas rakstur\u012bgs ar atsperi darbin\u0101miem gaisa iero\u010diem<br \/>\nPrecizit\u0101te meh\u0101niski no gaisa ku\u0123a klases alum\u012bnija un gatavo mat\u0113ts melns gr\u016bti m\u0113telis anodize<\/p>\n","protected":false},"featured_media":124703,"template":"","meta":{"_acf_changed":false},"product_brand":[],"product_cat":[1033],"product_tag":[],"class_list":{"0":"post-150475","1":"product","2":"type-product","3":"status-publish","4":"has-post-thumbnail","6":"product_cat-apstiprinasana","8":"first","9":"onbackorder","10":"product-type-simple"},"acf":[],"_links":{"self":[{"href":"https:\/\/kingarms.ee\/lv\/wp-json\/wp\/v2\/product\/150475","targetHints":{"allow":["GET"]}}],"collection":[{"href":"https:\/\/kingarms.ee\/lv\/wp-json\/wp\/v2\/product"}],"about":[{"href":"https:\/\/kingarms.ee\/lv\/wp-json\/wp\/v2\/types\/product"}],"wp:featuredmedia":[{"embeddable":true,"href":"https:\/\/kingarms.ee\/lv\/wp-json\/wp\/v2\/media\/124703"}],"wp:attachment":[{"href":"https:\/\/kingarms.ee\/lv\/wp-json\/wp\/v2\/media?parent=150475"}],"wp:term":[{"taxonomy":"product_brand","embeddable":true,"href":"https:\/\/kingarms.ee\/lv\/wp-json\/wp\/v2\/product_brand?post=150475"},{"taxonomy":"product_cat","embeddable":true,"href":"https:\/\/kingarms.ee\/lv\/wp-json\/wp\/v2\/product_cat?post=150475"},{"taxonomy":"product_tag","embeddable":true,"href":"https:\/\/kingarms.ee\/lv\/wp-json\/wp\/v2\/product_tag?post=150475"}],"curies":[{"name":"wp","href":"https:\/\/api.w.org\/{rel}","templated":true}]}}