{"id":150480,"date":"2022-04-30T09:26:30","date_gmt":"2025-06-07T13:54:47","guid":{"rendered":"https:\/\/kingarms.ee\/product\/g-g-gazes-pistole-gtp-9-black-desert-tan\/"},"modified":"2025-06-07T16:54:47","modified_gmt":"2025-06-07T13:54:47","slug":"g-g-gazes-pistole-gtp-9-black-desert-tan","status":"publish","type":"product","link":"https:\/\/kingarms.ee\/lv\/product\/g-g-gazes-pistole-gtp-9-black-desert-tan\/","title":{"rendered":"G &amp; G G\u0100ZES PISTOLE GTP 9 BLACK DESERT TAN"},"content":{"rendered":"","protected":false},"excerpt":{"rendered":"<p>G &amp; G G\u0100ZES PISTOLE GTP 9 BLACK DESERT TAN<\/p>\n<p>G\u0101zes pistole gtp9<br \/>\nBlowback re\u0101li sist\u0113ma<br \/>\nPolim\u0113ru konstrukcija<br \/>\nV\u012bt\u0146ota muca<br \/>\n22 k\u0101rtas \u017eurn\u0101ls<br \/>\nZem mucas standarta 20 mm sliedes<br \/>\nAmbidextrous slaidu atbr\u012bvo\u0161anas un \u017eurn\u0101lu atbr\u012bvo\u0161anas pogas<br \/>\nInovat\u012bva regul\u0113jama api\u0146u sist\u0113ma<br \/>\nPiel\u0101gojiet api\u0146u uz aug\u0161u no purnas ar instrumentu, kas glab\u0101jas aizmugur\u0113j\u0101 siksn\u0101 (120 da\u017e\u0101di piel\u0101gojumi)<br \/>\nJauns keramikas virpu\u013cveida cilindra v\u0101rsts, kas nov\u0113rs\u012bs salnas, kas ieb\u016bv\u0113tas cilindra iek\u0161pus\u0113<br \/>\nUguns re\u017e\u012bms: dro\u0161s un viens \u0161\u0101viens<br \/>\nCiet\u0101 somi\u0146a iek\u013cauta<br \/>\nGarums 215mm<br \/>\nSvars 765g<br \/>\nMelna \/ tuksne\u0161a iedeguma kr\u0101sa<\/p>\n","protected":false},"featured_media":118514,"template":"","meta":{"_acf_changed":false},"product_brand":[],"product_cat":[1000],"product_tag":[],"class_list":{"0":"post-150480","1":"product","2":"type-product","3":"status-publish","4":"has-post-thumbnail","6":"product_cat-rokas-pistoles","8":"first","9":"instock","10":"taxable","11":"shipping-taxable","12":"purchasable","13":"product-type-simple"},"acf":[],"_links":{"self":[{"href":"https:\/\/kingarms.ee\/lv\/wp-json\/wp\/v2\/product\/150480","targetHints":{"allow":["GET"]}}],"collection":[{"href":"https:\/\/kingarms.ee\/lv\/wp-json\/wp\/v2\/product"}],"about":[{"href":"https:\/\/kingarms.ee\/lv\/wp-json\/wp\/v2\/types\/product"}],"wp:featuredmedia":[{"embeddable":true,"href":"https:\/\/kingarms.ee\/lv\/wp-json\/wp\/v2\/media\/118514"}],"wp:attachment":[{"href":"https:\/\/kingarms.ee\/lv\/wp-json\/wp\/v2\/media?parent=150480"}],"wp:term":[{"taxonomy":"product_brand","embeddable":true,"href":"https:\/\/kingarms.ee\/lv\/wp-json\/wp\/v2\/product_brand?post=150480"},{"taxonomy":"product_cat","embeddable":true,"href":"https:\/\/kingarms.ee\/lv\/wp-json\/wp\/v2\/product_cat?post=150480"},{"taxonomy":"product_tag","embeddable":true,"href":"https:\/\/kingarms.ee\/lv\/wp-json\/wp\/v2\/product_tag?post=150480"}],"curies":[{"name":"wp","href":"https:\/\/api.w.org\/{rel}","templated":true}]}}