{"id":150488,"date":"2022-01-15T12:47:17","date_gmt":"2025-06-07T14:17:00","guid":{"rendered":"https:\/\/kingarms.ee\/product\/igaunijas-karoga-emblema\/"},"modified":"2025-06-07T17:17:00","modified_gmt":"2025-06-07T14:17:00","slug":"igaunijas-karoga-emblema","status":"publish","type":"product","link":"https:\/\/kingarms.ee\/lv\/product\/igaunijas-karoga-emblema\/","title":{"rendered":"Igaunijas karoga embl\u0113ma"},"content":{"rendered":"<p><img loading=\"lazy\" decoding=\"async\" class=\"alignnone size-medium wp-image-34740\" src=\"https:\/\/kingarms.ee\/wp-content\/uploads\/2022\/01\/Estonia-Flag-Patch-Color-cg20129large1-300x210.png\" alt=\"\" width=\"300\" height=\"210\" srcset=\"https:\/\/kingarms.ee\/wp-content\/uploads\/2022\/01\/Estonia-Flag-Patch-Color-cg20129large1-300x210.png 300w, https:\/\/kingarms.ee\/wp-content\/uploads\/2022\/01\/Estonia-Flag-Patch-Color-cg20129large1-150x105.png 150w, https:\/\/kingarms.ee\/wp-content\/uploads\/2022\/01\/Estonia-Flag-Patch-Color-cg20129large1-500x350.png 500w, https:\/\/kingarms.ee\/wp-content\/uploads\/2022\/01\/Estonia-Flag-Patch-Color-cg20129large1-1024x717.png 1024w, https:\/\/kingarms.ee\/wp-content\/uploads\/2022\/01\/Estonia-Flag-Patch-Color-cg20129large1-768x538.png 768w, https:\/\/kingarms.ee\/wp-content\/uploads\/2022\/01\/Estonia-Flag-Patch-Color-cg20129large1.png 1400w\" sizes=\"auto, (max-width: 300px) 100vw, 300px\" \/><\/p>\n","protected":false},"excerpt":{"rendered":"<p>Igaunijas karoga embl\u0113ma uz auduma. Ra\u017eots Austrij\u0101. <\/p>\n<p>Izm\u0113ri 76 x 50 mm<\/p>\n<p>Austrijas kvalit\u0101te.<\/p>\n<p>&nbsp;<\/p>\n","protected":false},"featured_media":114807,"template":"","meta":{"_acf_changed":false},"product_brand":[],"product_cat":[1094],"product_tag":[],"class_list":{"0":"post-150488","1":"product","2":"type-product","3":"status-publish","4":"has-post-thumbnail","6":"product_cat-plaksteri","8":"first","9":"instock","10":"taxable","11":"shipping-taxable","12":"purchasable","13":"product-type-simple"},"acf":[],"_links":{"self":[{"href":"https:\/\/kingarms.ee\/lv\/wp-json\/wp\/v2\/product\/150488","targetHints":{"allow":["GET"]}}],"collection":[{"href":"https:\/\/kingarms.ee\/lv\/wp-json\/wp\/v2\/product"}],"about":[{"href":"https:\/\/kingarms.ee\/lv\/wp-json\/wp\/v2\/types\/product"}],"wp:featuredmedia":[{"embeddable":true,"href":"https:\/\/kingarms.ee\/lv\/wp-json\/wp\/v2\/media\/114807"}],"wp:attachment":[{"href":"https:\/\/kingarms.ee\/lv\/wp-json\/wp\/v2\/media?parent=150488"}],"wp:term":[{"taxonomy":"product_brand","embeddable":true,"href":"https:\/\/kingarms.ee\/lv\/wp-json\/wp\/v2\/product_brand?post=150488"},{"taxonomy":"product_cat","embeddable":true,"href":"https:\/\/kingarms.ee\/lv\/wp-json\/wp\/v2\/product_cat?post=150488"},{"taxonomy":"product_tag","embeddable":true,"href":"https:\/\/kingarms.ee\/lv\/wp-json\/wp\/v2\/product_tag?post=150488"}],"curies":[{"name":"wp","href":"https:\/\/api.w.org\/{rel}","templated":true}]}}