{"id":150501,"date":"2022-04-30T08:34:21","date_gmt":"2025-06-07T14:26:02","guid":{"rendered":"https:\/\/kingarms.ee\/product\/sck-pavasara-atbalstitais-karambit-saliekamais-nacis\/"},"modified":"2025-06-07T17:26:02","modified_gmt":"2025-06-07T14:26:02","slug":"sck-pavasara-atbalstitais-karambit-saliekamais-nacis","status":"publish","type":"product","link":"https:\/\/kingarms.ee\/lv\/product\/sck-pavasara-atbalstitais-karambit-saliekamais-nacis\/","title":{"rendered":"SCK pavasara Atbalst\u012btais Karambit Saliekamais nacis"},"content":{"rendered":"","protected":false},"excerpt":{"rendered":"<p>SCK SPRING ASSISTED KARAMBIT SALIEKAMAIS NAZIS<\/p>\n<p>Karambit kabatas salok\u0101ms nazis<br \/>\nPavasara pal\u012bdz\u012bba<br \/>\nNer\u016bs\u0113jo\u0161\u0101 t\u0113rauda black blade<br \/>\nAlum\u012bnija un plastmasas rokturis<br \/>\nJostas klips<br \/>\nL\u012bnijp\u0101rvad\u0101t\u0101ju sl\u0113dzene<br \/>\n\u012ak\u0161\u0137is stud<br \/>\nSl\u0113gts garums 137mm<br \/>\nKop\u0113jais garums 209mm<br \/>\nSvars 170g<\/p>\n","protected":false},"featured_media":118468,"template":"","meta":{"_acf_changed":false},"product_brand":[],"product_cat":[991,1115],"product_tag":[],"class_list":{"0":"post-150501","1":"product","2":"type-product","3":"status-publish","4":"has-post-thumbnail","6":"product_cat-nazi","7":"product_cat-nazi-atzarosanas-zagis","9":"first","10":"onbackorder","11":"taxable","12":"shipping-taxable","13":"product-type-simple"},"acf":[],"_links":{"self":[{"href":"https:\/\/kingarms.ee\/lv\/wp-json\/wp\/v2\/product\/150501","targetHints":{"allow":["GET"]}}],"collection":[{"href":"https:\/\/kingarms.ee\/lv\/wp-json\/wp\/v2\/product"}],"about":[{"href":"https:\/\/kingarms.ee\/lv\/wp-json\/wp\/v2\/types\/product"}],"wp:featuredmedia":[{"embeddable":true,"href":"https:\/\/kingarms.ee\/lv\/wp-json\/wp\/v2\/media\/118468"}],"wp:attachment":[{"href":"https:\/\/kingarms.ee\/lv\/wp-json\/wp\/v2\/media?parent=150501"}],"wp:term":[{"taxonomy":"product_brand","embeddable":true,"href":"https:\/\/kingarms.ee\/lv\/wp-json\/wp\/v2\/product_brand?post=150501"},{"taxonomy":"product_cat","embeddable":true,"href":"https:\/\/kingarms.ee\/lv\/wp-json\/wp\/v2\/product_cat?post=150501"},{"taxonomy":"product_tag","embeddable":true,"href":"https:\/\/kingarms.ee\/lv\/wp-json\/wp\/v2\/product_tag?post=150501"}],"curies":[{"name":"wp","href":"https:\/\/api.w.org\/{rel}","templated":true}]}}