{"id":150504,"date":"2022-10-17T13:19:47","date_gmt":"2025-06-07T14:28:36","guid":{"rendered":"https:\/\/kingarms.ee\/product\/binokli-4k-4x-16x\/"},"modified":"2025-06-07T17:28:36","modified_gmt":"2025-06-07T14:28:36","slug":"binokli-4k-4x-16x","status":"publish","type":"product","link":"https:\/\/kingarms.ee\/lv\/product\/binokli-4k-4x-16x\/","title":{"rendered":"Binok\u013ci 4K 4x 16x"},"content":{"rendered":"<p>Binok\u013ci 4K 4x-16x<\/p>\n<p>&nbsp;<\/p>\n","protected":false},"excerpt":{"rendered":"<p>Binokkel 4K 4x 16x<\/p>\n<p>Night vision \/ rangefinder-digital binok\u013ci ar l\u0101zera t\u0101lm\u0113rs ATN BINOX 4K 4 &#8211; 16x un dienas un nakts darb\u012bbu savienots, izmantojot Bluetooth, lai j\u016bsu redzes vai siltuma uztv\u0113r\u0113ju. Visnopietn\u0101kais Produkta atjaunin\u0101jums gada s\u0101kum\u0101, k\u0101 ar\u012b neticami uzlabojumi, absol\u016bti visi binok\u013cu modu\u013ci ir main\u012bju\u0161ies no to matricas uz lietas materi\u0101lu un darba sist\u0113mu. ATN BINOX 4K 4-16x ieg\u0101de, visticam\u0101k, b\u016bs iesp\u0113jama tikai 2019.gad\u0101. l\u012bdz gada vidum, jo p\u0113c pazi\u0146ojuma produkta lai\u0161anai tirg\u016b ir nepiecie\u0161ams noteikts laiks.   <\/p>\n<p>Matricas ATN 4K M265 sensors 3864 x 2218<br \/>\nMatricas iz\u0161\u0137irtsp\u0113ja, px 3864 x 2218<br \/>\nKadru atsvaidzes intensit\u0101te, Hz 30 \/ 60 \/ 120 Hz (FPS)<br \/>\nPalielin\u0101jums, x 4x &#8211; 16x (40x)<br \/>\nLCD ekr\u0101na tips<br \/>\nDisplejs 1280x720x2<br \/>\nHDMI J\u0101<br \/>\nUSB Tipa C<br \/>\nVideo ierakst\u012b\u0161ana J\u0101<br \/>\n\u0100r\u0113jais baro\u0161anas avots USB tips-C<br \/>\nT\u0101lm\u0113rs l\u0101zera diena \/ nakts<br \/>\nObjekt\u012bva diametrs (mm) 65mm<br \/>\nIR starojuma att\u0101lums l\u012bdz 400m<br \/>\nMikrofons J\u0101<br \/>\nMin. optisk\u0101 t\u0101lummai\u0146a 4x<br \/>\nBluetooth modulis J\u0101<br \/>\nGPS modulis J\u0101<br \/>\nWi-Fi modulis Jah<br \/>\nAtmi\u0146as Micro-SD 4-64 GB<br \/>\nDarba temperat\u016bra &#8211; 28c &#8211; +50C<br \/>\nAkumulatora tips Ieb\u016bv\u0113ts Litija jons<br \/>\nIR gaismek\u013ca tips IR 850nm<br \/>\nSkata le\u0146\u0137a lauks, Krusa 6 Krusa.<br \/>\nP\u0101rcel\u0161an\u0101s izve\u0161anas mazu\u013cu, mm 10-30mm<br \/>\nSaglab\u0101t fotoatt\u0113lu J\u0101<br \/>\nObsid\u012bns ar 4 kodoliem<br \/>\nDarba laiks, stundas l\u012bdz 15 stund\u0101m<br \/>\n\u016adensiztur\u012bgs IP67<br \/>\nIzm\u0113ri, mm 240x128x67<br \/>\nSvars, g 1120 gr.<\/p>\n","protected":false},"featured_media":124353,"template":"","meta":{"_acf_changed":false},"product_brand":[],"product_cat":[1043,1040],"product_tag":[],"class_list":{"0":"post-150504","1":"product","2":"type-product","3":"status-publish","4":"has-post-thumbnail","6":"product_cat-biloklalis","7":"product_cat-nakts-laika-aprikojums","9":"first","10":"onbackorder","11":"taxable","12":"shipping-taxable","13":"product-type-simple"},"acf":[],"_links":{"self":[{"href":"https:\/\/kingarms.ee\/lv\/wp-json\/wp\/v2\/product\/150504","targetHints":{"allow":["GET"]}}],"collection":[{"href":"https:\/\/kingarms.ee\/lv\/wp-json\/wp\/v2\/product"}],"about":[{"href":"https:\/\/kingarms.ee\/lv\/wp-json\/wp\/v2\/types\/product"}],"wp:featuredmedia":[{"embeddable":true,"href":"https:\/\/kingarms.ee\/lv\/wp-json\/wp\/v2\/media\/124353"}],"wp:attachment":[{"href":"https:\/\/kingarms.ee\/lv\/wp-json\/wp\/v2\/media?parent=150504"}],"wp:term":[{"taxonomy":"product_brand","embeddable":true,"href":"https:\/\/kingarms.ee\/lv\/wp-json\/wp\/v2\/product_brand?post=150504"},{"taxonomy":"product_cat","embeddable":true,"href":"https:\/\/kingarms.ee\/lv\/wp-json\/wp\/v2\/product_cat?post=150504"},{"taxonomy":"product_tag","embeddable":true,"href":"https:\/\/kingarms.ee\/lv\/wp-json\/wp\/v2\/product_tag?post=150504"}],"curies":[{"name":"wp","href":"https:\/\/api.w.org\/{rel}","templated":true}]}}