{"id":150509,"date":"2022-01-05T13:38:07","date_gmt":"2025-06-07T14:32:47","guid":{"rendered":"https:\/\/kingarms.ee\/product\/fabarm-18-bo-razosana\/"},"modified":"2025-06-07T17:32:47","modified_gmt":"2025-06-07T14:32:47","slug":"fabarm-18-bo-razosana","status":"publish","type":"product","link":"https:\/\/kingarms.ee\/lv\/product\/fabarm-18-bo-razosana\/","title":{"rendered":"FABARM 18 (Bo ra\u017eo\u0161ana)"},"content":{"rendered":"<p><img loading=\"lazy\" decoding=\"async\" class=\"alignnone size-medium wp-image-34279\" src=\"https:\/\/kingarms.ee\/wp-content\/uploads\/2022\/01\/BOmanu-Fabarm-STF12-11in-tan-Spring-Airsoft-Shotgun-ab18-_-201702-300x300.jpeg\" alt=\"\" width=\"300\" height=\"300\" srcset=\"https:\/\/kingarms.ee\/wp-content\/uploads\/2022\/01\/BOmanu-Fabarm-STF12-11in-tan-Spring-Airsoft-Shotgun-ab18-_-201702-300x300.jpeg 300w, https:\/\/kingarms.ee\/wp-content\/uploads\/2022\/01\/BOmanu-Fabarm-STF12-11in-tan-Spring-Airsoft-Shotgun-ab18-_-201702-150x150.jpeg 150w, https:\/\/kingarms.ee\/wp-content\/uploads\/2022\/01\/BOmanu-Fabarm-STF12-11in-tan-Spring-Airsoft-Shotgun-ab18-_-201702-500x500.jpeg 500w, https:\/\/kingarms.ee\/wp-content\/uploads\/2022\/01\/BOmanu-Fabarm-STF12-11in-tan-Spring-Airsoft-Shotgun-ab18-_-201702-768x768.jpeg 768w, https:\/\/kingarms.ee\/wp-content\/uploads\/2022\/01\/BOmanu-Fabarm-STF12-11in-tan-Spring-Airsoft-Shotgun-ab18-_-201702.jpeg 1000w\" sizes=\"auto, (max-width: 300px) 100vw, 300px\" \/><\/p>\n","protected":false},"excerpt":{"rendered":"<p>FABARM 18 (Bo ra\u017eo\u0161ana)<\/p>\n<p>Ra\u017eot\u0101js: Bo Manufacture<\/p>\n<p>Modelis: Fabarm STF 18&#8243;<\/p>\n<p>Svars: 1780 g<\/p>\n<p>Garums: 925 mm<\/p>\n<p>Purna ener\u0123ija: 254 Kadri \/ &lt;0.8 d\u017eouli<\/p>\n<p>Iek\u0161\u0113j\u0101s caurules garums: ca 250 mm<\/p>\n<p>Caurules iek\u0161\u0113jais Diametrs: 6.08 mm<\/p>\n<p>Izpildmeh\u0101nisma Tips: atsperes Gaisa spiediens, 3-shot<\/p>\n<p>Magasin jauda: LowCap 30 k\u0101rtas<\/p>\n<p>Materi\u0101ls: Alum\u012bnijs, polim\u0113rs, t\u0113rauds<\/p>\n<p>Uguns re\u017e\u012bmi: atk\u0101rtot\u0101js (s\u016bk\u0146a darb\u012bba)<\/p>\n<p>Ieteicamais mun\u012bcija:.23g,.25g<\/p>\n<p>Iestat\u012bt saturu:<\/p>\n<p>1 x Fabram STF18&#8243;<\/p>\n<p>1 x ce\u013cvedis<\/p>\n<p>1 x \u0101trais iekr\u0101v\u0113js<\/p>\n<p>2 x LowCap papl\u0101te<\/p>\n<p>1 x t\u012br\u012b\u0161anas audums<\/p>\n<p>1 xulegtrais ierulegvalgjs<\/p>\n<p>1 x BB parauga iepakojums<\/p>\n","protected":false},"featured_media":114647,"template":"","meta":{"_acf_changed":false},"product_brand":[],"product_cat":[1002],"product_tag":[],"class_list":{"0":"post-150509","1":"product","2":"type-product","3":"status-publish","4":"has-post-thumbnail","6":"product_cat-sukna-kodi","8":"first","9":"instock","10":"sale","11":"taxable","12":"shipping-taxable","13":"purchasable","14":"product-type-simple"},"acf":[],"_links":{"self":[{"href":"https:\/\/kingarms.ee\/lv\/wp-json\/wp\/v2\/product\/150509","targetHints":{"allow":["GET"]}}],"collection":[{"href":"https:\/\/kingarms.ee\/lv\/wp-json\/wp\/v2\/product"}],"about":[{"href":"https:\/\/kingarms.ee\/lv\/wp-json\/wp\/v2\/types\/product"}],"wp:featuredmedia":[{"embeddable":true,"href":"https:\/\/kingarms.ee\/lv\/wp-json\/wp\/v2\/media\/114647"}],"wp:attachment":[{"href":"https:\/\/kingarms.ee\/lv\/wp-json\/wp\/v2\/media?parent=150509"}],"wp:term":[{"taxonomy":"product_brand","embeddable":true,"href":"https:\/\/kingarms.ee\/lv\/wp-json\/wp\/v2\/product_brand?post=150509"},{"taxonomy":"product_cat","embeddable":true,"href":"https:\/\/kingarms.ee\/lv\/wp-json\/wp\/v2\/product_cat?post=150509"},{"taxonomy":"product_tag","embeddable":true,"href":"https:\/\/kingarms.ee\/lv\/wp-json\/wp\/v2\/product_tag?post=150509"}],"curies":[{"name":"wp","href":"https:\/\/api.w.org\/{rel}","templated":true}]}}