{"id":150514,"date":"2022-01-04T19:12:11","date_gmt":"2025-06-07T14:35:17","guid":{"rendered":"https:\/\/kingarms.ee\/product\/tsa-sledzene-nimrod\/"},"modified":"2025-06-07T17:35:17","modified_gmt":"2025-06-07T14:35:17","slug":"tsa-sledzene-nimrod","status":"publish","type":"product","link":"https:\/\/kingarms.ee\/lv\/product\/tsa-sledzene-nimrod\/","title":{"rendered":"TSA sl\u0113dzene (Nimrod)"},"content":{"rendered":"<p><img loading=\"lazy\" decoding=\"async\" class=\"alignnone size-medium wp-image-34132\" src=\"https:\/\/kingarms.ee\/wp-content\/uploads\/2022\/01\/TSA-Lock-Nimrod-az34315large1-300x210.png\" alt=\"\" width=\"300\" height=\"210\" srcset=\"https:\/\/kingarms.ee\/wp-content\/uploads\/2022\/01\/TSA-Lock-Nimrod-az34315large1-300x210.png 300w, https:\/\/kingarms.ee\/wp-content\/uploads\/2022\/01\/TSA-Lock-Nimrod-az34315large1-150x105.png 150w, https:\/\/kingarms.ee\/wp-content\/uploads\/2022\/01\/TSA-Lock-Nimrod-az34315large1-500x350.png 500w, https:\/\/kingarms.ee\/wp-content\/uploads\/2022\/01\/TSA-Lock-Nimrod-az34315large1-1024x717.png 1024w, https:\/\/kingarms.ee\/wp-content\/uploads\/2022\/01\/TSA-Lock-Nimrod-az34315large1-768x538.png 768w, https:\/\/kingarms.ee\/wp-content\/uploads\/2022\/01\/TSA-Lock-Nimrod-az34315large1.png 1400w\" sizes=\"auto, (max-width: 300px) 100vw, 300px\" \/><\/p>\n","protected":false},"excerpt":{"rendered":"<p>TSA sl\u0113dzene (Nimrod)<\/p>\n<p>\u0160\u012b sl\u0113dzene ir paredz\u0113ta, lai blo\u0137\u0113tu iero\u010da korpusa piederumu.<\/p>\n<p>Ra\u017eot\u0101js NIMROD<\/p>\n","protected":false},"featured_media":114597,"template":"","meta":{"_acf_changed":false},"product_brand":[],"product_cat":[1130,1126],"product_tag":[],"class_list":{"0":"post-150514","1":"product","2":"type-product","3":"status-publish","4":"has-post-thumbnail","6":"product_cat-cits-lv","7":"product_cat-seifs","9":"first","10":"onbackorder","11":"taxable","12":"shipping-taxable","13":"product-type-simple"},"acf":[],"_links":{"self":[{"href":"https:\/\/kingarms.ee\/lv\/wp-json\/wp\/v2\/product\/150514","targetHints":{"allow":["GET"]}}],"collection":[{"href":"https:\/\/kingarms.ee\/lv\/wp-json\/wp\/v2\/product"}],"about":[{"href":"https:\/\/kingarms.ee\/lv\/wp-json\/wp\/v2\/types\/product"}],"wp:featuredmedia":[{"embeddable":true,"href":"https:\/\/kingarms.ee\/lv\/wp-json\/wp\/v2\/media\/114597"}],"wp:attachment":[{"href":"https:\/\/kingarms.ee\/lv\/wp-json\/wp\/v2\/media?parent=150514"}],"wp:term":[{"taxonomy":"product_brand","embeddable":true,"href":"https:\/\/kingarms.ee\/lv\/wp-json\/wp\/v2\/product_brand?post=150514"},{"taxonomy":"product_cat","embeddable":true,"href":"https:\/\/kingarms.ee\/lv\/wp-json\/wp\/v2\/product_cat?post=150514"},{"taxonomy":"product_tag","embeddable":true,"href":"https:\/\/kingarms.ee\/lv\/wp-json\/wp\/v2\/product_tag?post=150514"}],"curies":[{"name":"wp","href":"https:\/\/api.w.org\/{rel}","templated":true}]}}