{"id":150522,"date":"2021-12-20T16:06:52","date_gmt":"2025-06-07T14:40:27","guid":{"rendered":"https:\/\/kingarms.ee\/product\/walther-p38-umarex\/"},"modified":"2025-06-07T17:40:27","modified_gmt":"2025-06-07T14:40:27","slug":"walther-p38-umarex","status":"publish","type":"product","link":"https:\/\/kingarms.ee\/lv\/product\/walther-p38-umarex\/","title":{"rendered":"WALTHER P38 (Umarex)"},"content":{"rendered":"<p><img loading=\"lazy\" decoding=\"async\" class=\"alignnone size-medium wp-image-34040\" src=\"https:\/\/kingarms.ee\/wp-content\/uploads\/2021\/12\/air-pistol-walther-p38-4-46-mm-e0b32829a4d64572af14ed8dbc078ff3-c3079c17-300x300.jpeg\" alt=\"\" width=\"300\" height=\"300\" srcset=\"https:\/\/kingarms.ee\/wp-content\/uploads\/2021\/12\/air-pistol-walther-p38-4-46-mm-e0b32829a4d64572af14ed8dbc078ff3-c3079c17-300x300.jpeg 300w, https:\/\/kingarms.ee\/wp-content\/uploads\/2021\/12\/air-pistol-walther-p38-4-46-mm-e0b32829a4d64572af14ed8dbc078ff3-c3079c17-150x150.jpeg 150w, https:\/\/kingarms.ee\/wp-content\/uploads\/2021\/12\/air-pistol-walther-p38-4-46-mm-e0b32829a4d64572af14ed8dbc078ff3-c3079c17-500x500.jpeg 500w, https:\/\/kingarms.ee\/wp-content\/uploads\/2021\/12\/air-pistol-walther-p38-4-46-mm-e0b32829a4d64572af14ed8dbc078ff3-c3079c17-768x768.jpeg 768w, https:\/\/kingarms.ee\/wp-content\/uploads\/2021\/12\/air-pistol-walther-p38-4-46-mm-e0b32829a4d64572af14ed8dbc078ff3-c3079c17.jpeg 900w\" sizes=\"auto, (max-width: 300px) 100vw, 300px\" \/><\/p>\n","protected":false},"excerpt":{"rendered":"<p>WALTHER P38 (Umarex)<\/p>\n<p>Aizmugures padeves P38 gaisa pistole<\/p>\n<p>TEHNISK\u0100S SPECIFIK\u0100CIJAS:<\/p>\n<p>Kalibrs: 4.5 mm t\u0113rauda BB<\/p>\n<p>Papl\u0101tes ietilp\u012bba: 20 k\u0101rtas<\/p>\n<p>Garums: 211 mm<\/p>\n<p>Caurules garums: 120 mm<\/p>\n<p>Svars: 731 grami<\/p>\n<p>Trigger: vienreiz\u0113ja darb\u012bba<\/p>\n<p>Ener\u0123ija: aptuveni 120 m \/ s &lt;7.5 d\u017eouli)<\/p>\n","protected":false},"featured_media":114575,"template":"","meta":{"_acf_changed":false},"product_brand":[],"product_cat":[1004,1005],"product_tag":[],"class_list":{"0":"post-150522","1":"product","2":"type-product","3":"status-publish","4":"has-post-thumbnail","6":"product_cat-lidmasinas","7":"product_cat-rokas-pistoles-lv","9":"first","10":"instock","11":"taxable","12":"shipping-taxable","13":"purchasable","14":"product-type-simple"},"acf":[],"_links":{"self":[{"href":"https:\/\/kingarms.ee\/lv\/wp-json\/wp\/v2\/product\/150522","targetHints":{"allow":["GET"]}}],"collection":[{"href":"https:\/\/kingarms.ee\/lv\/wp-json\/wp\/v2\/product"}],"about":[{"href":"https:\/\/kingarms.ee\/lv\/wp-json\/wp\/v2\/types\/product"}],"wp:featuredmedia":[{"embeddable":true,"href":"https:\/\/kingarms.ee\/lv\/wp-json\/wp\/v2\/media\/114575"}],"wp:attachment":[{"href":"https:\/\/kingarms.ee\/lv\/wp-json\/wp\/v2\/media?parent=150522"}],"wp:term":[{"taxonomy":"product_brand","embeddable":true,"href":"https:\/\/kingarms.ee\/lv\/wp-json\/wp\/v2\/product_brand?post=150522"},{"taxonomy":"product_cat","embeddable":true,"href":"https:\/\/kingarms.ee\/lv\/wp-json\/wp\/v2\/product_cat?post=150522"},{"taxonomy":"product_tag","embeddable":true,"href":"https:\/\/kingarms.ee\/lv\/wp-json\/wp\/v2\/product_tag?post=150522"}],"curies":[{"name":"wp","href":"https:\/\/api.w.org\/{rel}","templated":true}]}}