{"id":150535,"date":"2022-04-29T14:01:00","date_gmt":"2025-06-07T14:47:46","guid":{"rendered":"https:\/\/kingarms.ee\/product\/wosport-shotgun-caulas-maisins-melns\/"},"modified":"2025-06-07T17:47:46","modified_gmt":"2025-06-07T14:47:46","slug":"wosport-shotgun-caulas-maisins-melns","status":"publish","type":"product","link":"https:\/\/kingarms.ee\/lv\/product\/wosport-shotgun-caulas-maisins-melns\/","title":{"rendered":"WOSPORT SHOTGUN \u010cAULAS MAISI\u0145\u0160 MELNS"},"content":{"rendered":"","protected":false},"excerpt":{"rendered":"<p>Neilona \u0161\u0137iedraCapacity 10 \u0161\u0101vieni<br \/>\nMolle sist\u0113ma<br \/>\nIzm\u0113ri CM 8,5X24X4,5<br \/>\nSvars 170g<br \/>\n\u0160\u0101vieni nav iek\u013cauti<\/p>\n","protected":false},"featured_media":118304,"template":"","meta":{"_acf_changed":false},"product_brand":[],"product_cat":[1098,1100],"product_tag":[],"class_list":{"0":"post-150535","1":"product","2":"type-product","3":"status-publish","4":"has-post-thumbnail","6":"product_cat-maisini-somas-un-siksnas","7":"product_cat-uzglabasanas-kabatas","9":"first","10":"instock","11":"sale","12":"purchasable","13":"product-type-simple"},"acf":[],"_links":{"self":[{"href":"https:\/\/kingarms.ee\/lv\/wp-json\/wp\/v2\/product\/150535","targetHints":{"allow":["GET"]}}],"collection":[{"href":"https:\/\/kingarms.ee\/lv\/wp-json\/wp\/v2\/product"}],"about":[{"href":"https:\/\/kingarms.ee\/lv\/wp-json\/wp\/v2\/types\/product"}],"wp:featuredmedia":[{"embeddable":true,"href":"https:\/\/kingarms.ee\/lv\/wp-json\/wp\/v2\/media\/118304"}],"wp:attachment":[{"href":"https:\/\/kingarms.ee\/lv\/wp-json\/wp\/v2\/media?parent=150535"}],"wp:term":[{"taxonomy":"product_brand","embeddable":true,"href":"https:\/\/kingarms.ee\/lv\/wp-json\/wp\/v2\/product_brand?post=150535"},{"taxonomy":"product_cat","embeddable":true,"href":"https:\/\/kingarms.ee\/lv\/wp-json\/wp\/v2\/product_cat?post=150535"},{"taxonomy":"product_tag","embeddable":true,"href":"https:\/\/kingarms.ee\/lv\/wp-json\/wp\/v2\/product_tag?post=150535"}],"curies":[{"name":"wp","href":"https:\/\/api.w.org\/{rel}","templated":true}]}}