{"id":150544,"date":"2021-12-19T16:15:51","date_gmt":"2025-06-07T14:56:02","guid":{"rendered":"https:\/\/kingarms.ee\/product\/taktiskas-brilles-ledus-3ls\/"},"modified":"2025-06-07T17:56:02","modified_gmt":"2025-06-07T14:56:02","slug":"taktiskas-brilles-ledus-3ls","status":"publish","type":"product","link":"https:\/\/kingarms.ee\/lv\/product\/taktiskas-brilles-ledus-3ls\/","title":{"rendered":"Taktisk\u0101s brilles (ledus 3LS)"},"content":{"rendered":"<p><img loading=\"lazy\" decoding=\"async\" class=\"alignnone size-medium wp-image-33688\" src=\"https:\/\/kingarms.ee\/wp-content\/uploads\/2021\/12\/1152204549_1-300x175.jpeg\" alt=\"\" width=\"300\" height=\"175\" srcset=\"https:\/\/kingarms.ee\/wp-content\/uploads\/2021\/12\/1152204549_1-300x175.jpeg 300w, https:\/\/kingarms.ee\/wp-content\/uploads\/2021\/12\/1152204549_1-150x87.jpeg 150w, https:\/\/kingarms.ee\/wp-content\/uploads\/2021\/12\/1152204549_1-500x291.jpeg 500w, https:\/\/kingarms.ee\/wp-content\/uploads\/2021\/12\/1152204549_1.jpeg 700w\" sizes=\"auto, (max-width: 300px) 100vw, 300px\" \/><\/p>\n","protected":false},"excerpt":{"rendered":"<p>Taktisk\u0101s brilles (ledus 3LS)<\/p>\n<p>ICE (main\u0101m\u0101 da\u013ca acu aizsargs) ir viegls, bezmalu dizains, kas pied\u0101v\u0101 pilnu ballistisko aizsardz\u012bbu, neierobe\u017eotu redzes lauku, augst\u0101k\u0101s kvalit\u0101tes optisko aizsargu un regul\u0113jamas deta\u013cas. Modul\u0101rais dizains \u013cauj nomain\u012bt jebkuru brilles elementu, k\u0101 ar\u012b \u013cauj piestiprin\u0101t kori\u0123\u0113jo\u0161u starpliku. <\/p>\n<p>Visi ice pick s\u0113rijas aizsargi pied\u0101v\u0101 100% UVA \/ UVB aizsardz\u012bbu un ir iztur\u012bg\u0101ki nek\u0101 ANSI Z87.1-2010. Turkl\u0101t brilles ir iztur\u0113ju\u0161as MIL-PRF-31013 ballistiskos testus .15 kalibrs. <\/p>\n<p>\u012aPA\u0160AS \u012aPA\u0160\u012aBAS:<\/p>\n<p>&#8211; Modul\u0101ra konstrukcija \u013cauj nomain\u012bt jebkuru brilles elementu: vizieri, rokturus vai deguna da\u013cu<\/p>\n<p>&#8211; Iztur\u012bgs pret boj\u0101jumiem un deform\u0101cijas ballistisko vizieris pirm\u0101s optisk\u0101s klases ar biezumu 2,4 mm polikarbon\u0101ta<\/p>\n<p>&#8211; Vizieris bez krop\u013cojumiem un nodro\u0161ina 100% aizsardz\u012bbu pret UVA un UVB starojumu<\/p>\n<p>&#8211; ToughZone-tehnolo\u0123ija, kas aizsarg\u0101 vizieri no skr\u0101p\u0113jumiem<\/p>\n<p>&#8211; Neierobe\u017eots redzes lauks, ide\u0101li piem\u0113rots iero\u010du apstr\u0101dei<\/p>\n<p>&#8211; Viegla un \u013coti \u0101tra viziera nomai\u0146a, kas uzst\u0101d\u012bta viziera galos, izmantojot profil\u0113tus griezumus<\/p>\n<p>&#8211; Elast\u012bgas Austi\u0146as ar posilockrag tehnolo\u0123iju ir regul\u0113jamas garum\u0101, kas \u013cauj t\u0101m lieliski iek\u013cauties lietot\u0101ja galvas form\u0101<\/p>\n<p>&#8211; Z\u012bmogi nodro\u0161ina maksim\u0101lu komfortu un bez spiediena punktiem<\/p>\n<p>&#8211; \u0112rta Main\u0101ma Kompoz\u012bta silikona deguna da\u013ca<\/p>\n<p>&#8211; Elast\u012bga siksna, kas aizsarg\u0101 brilles no zaud\u0113jumiem<\/p>\n<p>&#8211; U-RXATE, P-2 un Vice major remonta da\u013cas pieejamas<\/p>\n<p>SPECIFIK\u0100CIJA:<\/p>\n<p>&#8211; Viziera materi\u0101ls: polikarbon\u0101ts<\/p>\n<p>&#8211; Viziera biezums: 2,4 mm<\/p>\n<p>&#8211; Viziera kr\u0101sa:<\/p>\n<p>* Caursp\u012bd\u012bga, redzama gaismas caurlaid\u012bba: 89%<\/p>\n<p>* Dzeltena, redzam\u0101s gaismas caurlaid\u012bba: 85%<\/p>\n<p>* Aptum\u0161ojami, redzam\u0101s gaismas caurlaid\u012bba: 15%<\/p>\n<p>&#8211; Z\u012bmoga Kr\u0101sa: Melna<\/p>\n<p>&#8211; Skatu mekl\u0113t\u0101ja izm\u0113ri:<\/p>\n<p>* Garums: 147 mm<\/p>\n<p>* Platums plat\u0101kaj\u0101 viet\u0101: 48.1 mm<\/p>\n<p>* Platums deguna piestiprin\u0101\u0161anas viet\u0101: 19,5 mm<\/p>\n<p>* Att\u0101lums starp s\u0101nu mont\u0101\u017eas caurumiem: 114.4 \/ 130.5 mm<\/p>\n<p>&#8211; Temp\u013ca izm\u0113ri:<\/p>\n<p>* E\u0146\u0123es Platums: 152 mm<\/p>\n<p>* Z\u012bmoga biezums: 2.5-5mm<\/p>\n<p>&#8211; pilnu brilles svars: 30 g<\/p>\n<p>&#8211; Viena viziera svars: 19 g<\/p>\n<p>&#8211; Deguna svars: 3g<\/p>\n<p>&#8211; Z\u012bmoga svars: 8 g<\/p>\n<p>FILTRI: 100% UVA \/ UVB<\/p>\n<p>Standarts:<\/p>\n<p>&#8211; atbilst Amerikas civilajam standartam ANSI Z87. 1-2010<\/p>\n<p>&#8211; saska\u0146\u0101 ar Amerikas milit\u0101ro standartu MIL SPEC MIL-PRF-31013 (3.5.1.1. punkts)<\/p>\n<p>&#8211; CE kvalit\u0101tes z\u012bme, kas atbilst Eiropas standartiem EN 166: 2001, EN 170 un EN 172<\/p>\n<p>&#8211; R\u0101mji, kas atbilst Eiropas standartam CE EN 166 FT<\/p>\n<p>Caursp\u012bd\u012bgs un dzeltens sejsegu saska\u0146\u0101 ar Eiropas standartu CE 2-2. 1 P\u0112DAS K N<\/p>\n<p>&#8211; Ton\u0113ts vizieris saska\u0146\u0101 ar Eiropas standartu CE 5-3. 1 P\u0112DAS K N<\/p>\n<p>&#8211; atbilst ASV feder\u0101lajai OSHA<\/p>\n<p>NATO NSN uzglab\u0101\u0161anas numurs: 4240-01-545-7922<\/p>\n<p>Iestatiet iETILPST:<\/p>\n<p>&#8211; Ledus pl\u0101ksnes Z\u012bmogi<\/p>\n<p>&#8211; Skaidrs skatu mekl\u0113t\u0101js<\/p>\n<p>&#8211; D\u016bmu pel\u0113ks ton\u0113ts skatu mekl\u0113t\u0101js<\/p>\n<p>&#8211; Hi-Def dzeltens augsta kontrasta dzeltens skatu mekl\u0113t\u0101js<\/p>\n<p>&#8211; Mikro\u0161\u0137iedras audums bez miglas brilles t\u012br\u012b\u0161anai<\/p>\n<p>&#8211; Elast\u012bga apkakle<\/p>\n<p>&#8211; Sl\u0113gts ar r\u0101v\u0113jsl\u0113dz\u0113ju, m\u012bksts neilona korpuss ar saliktu klipu visam komplektam<\/p>\n","protected":false},"featured_media":132834,"template":"","meta":{"_acf_changed":false},"product_brand":[],"product_cat":[1084],"product_tag":[],"class_list":{"0":"post-150544","1":"product","2":"type-product","3":"status-publish","4":"has-post-thumbnail","6":"product_cat-ballistiskas-brilles","8":"first","9":"onbackorder","10":"taxable","11":"shipping-taxable","12":"product-type-simple"},"acf":[],"_links":{"self":[{"href":"https:\/\/kingarms.ee\/lv\/wp-json\/wp\/v2\/product\/150544","targetHints":{"allow":["GET"]}}],"collection":[{"href":"https:\/\/kingarms.ee\/lv\/wp-json\/wp\/v2\/product"}],"about":[{"href":"https:\/\/kingarms.ee\/lv\/wp-json\/wp\/v2\/types\/product"}],"wp:featuredmedia":[{"embeddable":true,"href":"https:\/\/kingarms.ee\/lv\/wp-json\/wp\/v2\/media\/132834"}],"wp:attachment":[{"href":"https:\/\/kingarms.ee\/lv\/wp-json\/wp\/v2\/media?parent=150544"}],"wp:term":[{"taxonomy":"product_brand","embeddable":true,"href":"https:\/\/kingarms.ee\/lv\/wp-json\/wp\/v2\/product_brand?post=150544"},{"taxonomy":"product_cat","embeddable":true,"href":"https:\/\/kingarms.ee\/lv\/wp-json\/wp\/v2\/product_cat?post=150544"},{"taxonomy":"product_tag","embeddable":true,"href":"https:\/\/kingarms.ee\/lv\/wp-json\/wp\/v2\/product_tag?post=150544"}],"curies":[{"name":"wp","href":"https:\/\/api.w.org\/{rel}","templated":true}]}}