{"id":150547,"date":"2021-10-15T16:19:41","date_gmt":"2025-06-07T14:58:46","guid":{"rendered":"https:\/\/kingarms.ee\/product\/verpsanas-merkis-6-razorgun\/"},"modified":"2025-06-07T17:58:46","modified_gmt":"2025-06-07T14:58:46","slug":"verpsanas-merkis-6-razorgun","status":"publish","type":"product","link":"https:\/\/kingarms.ee\/lv\/product\/verpsanas-merkis-6-razorgun\/","title":{"rendered":"V\u0113rp\u0161anas m\u0113r\u0137is 6 (RazorGun)"},"content":{"rendered":"<p><img loading=\"lazy\" decoding=\"async\" class=\"alignnone size-medium wp-image-33002\" src=\"https:\/\/kingarms.ee\/wp-content\/uploads\/2021\/10\/spinner-wiatrowkowy-razorgun-6-celow-6a3b73ef3a9d486aaa081ffc3ed44216-7aebba85-300x300.jpeg\" alt=\"\" width=\"300\" height=\"300\" srcset=\"https:\/\/kingarms.ee\/wp-content\/uploads\/2021\/10\/spinner-wiatrowkowy-razorgun-6-celow-6a3b73ef3a9d486aaa081ffc3ed44216-7aebba85-300x300.jpeg 300w, https:\/\/kingarms.ee\/wp-content\/uploads\/2021\/10\/spinner-wiatrowkowy-razorgun-6-celow-6a3b73ef3a9d486aaa081ffc3ed44216-7aebba85-150x150.jpeg 150w, https:\/\/kingarms.ee\/wp-content\/uploads\/2021\/10\/spinner-wiatrowkowy-razorgun-6-celow-6a3b73ef3a9d486aaa081ffc3ed44216-7aebba85-500x500.jpeg 500w, https:\/\/kingarms.ee\/wp-content\/uploads\/2021\/10\/spinner-wiatrowkowy-razorgun-6-celow-6a3b73ef3a9d486aaa081ffc3ed44216-7aebba85-768x768.jpeg 768w, https:\/\/kingarms.ee\/wp-content\/uploads\/2021\/10\/spinner-wiatrowkowy-razorgun-6-celow-6a3b73ef3a9d486aaa081ffc3ed44216-7aebba85.jpeg 900w\" sizes=\"auto, (max-width: 300px) 100vw, 300px\" \/><\/p>\n","protected":false},"excerpt":{"rendered":"<p>V\u0113rp\u0161anas m\u0113r\u0137is 6 (RazorGun)<\/p>\n<p>Rot\u0113jo\u0161ais m\u0113r\u0137is. Uzst\u0101d\u012b\u0161anas metode: zem\u0113 <\/p>\n","protected":false},"featured_media":114255,"template":"","meta":{"_acf_changed":false},"product_brand":[],"product_cat":[1063],"product_tag":[],"class_list":{"0":"post-150547","1":"product","2":"type-product","3":"status-publish","4":"has-post-thumbnail","6":"product_cat-merki","8":"first","9":"instock","10":"taxable","11":"shipping-taxable","12":"purchasable","13":"product-type-simple"},"acf":[],"_links":{"self":[{"href":"https:\/\/kingarms.ee\/lv\/wp-json\/wp\/v2\/product\/150547","targetHints":{"allow":["GET"]}}],"collection":[{"href":"https:\/\/kingarms.ee\/lv\/wp-json\/wp\/v2\/product"}],"about":[{"href":"https:\/\/kingarms.ee\/lv\/wp-json\/wp\/v2\/types\/product"}],"wp:featuredmedia":[{"embeddable":true,"href":"https:\/\/kingarms.ee\/lv\/wp-json\/wp\/v2\/media\/114255"}],"wp:attachment":[{"href":"https:\/\/kingarms.ee\/lv\/wp-json\/wp\/v2\/media?parent=150547"}],"wp:term":[{"taxonomy":"product_brand","embeddable":true,"href":"https:\/\/kingarms.ee\/lv\/wp-json\/wp\/v2\/product_brand?post=150547"},{"taxonomy":"product_cat","embeddable":true,"href":"https:\/\/kingarms.ee\/lv\/wp-json\/wp\/v2\/product_cat?post=150547"},{"taxonomy":"product_tag","embeddable":true,"href":"https:\/\/kingarms.ee\/lv\/wp-json\/wp\/v2\/product_tag?post=150547"}],"curies":[{"name":"wp","href":"https:\/\/api.w.org\/{rel}","templated":true}]}}