{"id":150555,"date":"2021-07-03T16:22:52","date_gmt":"2021-07-03T13:22:52","guid":{"rendered":"https:\/\/kingarms.ee\/product\/startesanas-pistoles-olimpiskais-6-mm-bruni\/"},"modified":"2025-09-04T17:00:39","modified_gmt":"2025-09-04T14:00:39","slug":"startesanas-pistoles-olimpiskais-6-mm-bruni","status":"publish","type":"product","link":"https:\/\/kingarms.ee\/lv\/product\/startesanas-pistoles-olimpiskais-6-mm-bruni\/","title":{"rendered":"Start\u0113\u0161anas pistoles olimpiskais 6 mm (Bruni)"},"content":{"rendered":"<p><img loading=\"lazy\" decoding=\"async\" class=\"alignnone size-medium wp-image-32454\" src=\"https:\/\/kingarms.ee\/wp-content\/uploads\/2021\/07\/bruni-blank-pistol-top-firing-olympic-6mm-wooden-grip-plates-black-br-1000-300x300.jpg\" alt=\"\" width=\"300\" height=\"300\" srcset=\"https:\/\/kingarms.ee\/wp-content\/uploads\/2021\/07\/bruni-blank-pistol-top-firing-olympic-6mm-wooden-grip-plates-black-br-1000-300x300.jpg 300w, https:\/\/kingarms.ee\/wp-content\/uploads\/2021\/07\/bruni-blank-pistol-top-firing-olympic-6mm-wooden-grip-plates-black-br-1000-150x150.jpg 150w, https:\/\/kingarms.ee\/wp-content\/uploads\/2021\/07\/bruni-blank-pistol-top-firing-olympic-6mm-wooden-grip-plates-black-br-1000-500x500.jpg 500w, https:\/\/kingarms.ee\/wp-content\/uploads\/2021\/07\/bruni-blank-pistol-top-firing-olympic-6mm-wooden-grip-plates-black-br-1000.jpg 600w\" sizes=\"auto, (max-width: 300px) 100vw, 300px\" \/><\/p>\n","protected":false},"excerpt":{"rendered":"<p>Starta pistole <strong data-start=\"466\" data-end=\"482\">OLYMPIC 6 mm<\/strong> ir uzticams un dro\u0161s instruments, lieliski piem\u0113rots su\u0146u apm\u0101c\u012bbai un kinolo\u0123iskajiem treni\u0146iem.<\/p>\n<p>Start\u0113\u0161anas pistoles olimpiskais 6 mm (Bruni)<\/p>\n<p>Nosaukums: Revolveris (Olimpiskais)<\/p>\n<div>\n<p>Kalibrs: 6mm<\/p>\n<p>Papl\u0101tes ietilp\u012bba: 8 gab<\/p>\n<p>Garums: 160mm<\/p>\n<p>Svars: 450g<\/p>\n<div>\n<p>Produkta Galvot\u0101d\u017es 3 g Gadus un coress Uztur\u0113\u0161anas laik\u0101 Bezkkkk<\/p>\n<\/div>\n<\/div>\n","protected":false},"featured_media":152447,"template":"","meta":{"_acf_changed":false},"product_brand":[],"product_cat":[1010],"product_tag":[],"class_list":{"0":"post-150555","1":"product","2":"type-product","3":"status-publish","4":"has-post-thumbnail","6":"product_cat-starta-pistoles","8":"first","9":"instock","10":"taxable","11":"shipping-taxable","12":"purchasable","13":"product-type-simple"},"acf":[],"_links":{"self":[{"href":"https:\/\/kingarms.ee\/lv\/wp-json\/wp\/v2\/product\/150555","targetHints":{"allow":["GET"]}}],"collection":[{"href":"https:\/\/kingarms.ee\/lv\/wp-json\/wp\/v2\/product"}],"about":[{"href":"https:\/\/kingarms.ee\/lv\/wp-json\/wp\/v2\/types\/product"}],"wp:featuredmedia":[{"embeddable":true,"href":"https:\/\/kingarms.ee\/lv\/wp-json\/wp\/v2\/media\/152447"}],"wp:attachment":[{"href":"https:\/\/kingarms.ee\/lv\/wp-json\/wp\/v2\/media?parent=150555"}],"wp:term":[{"taxonomy":"product_brand","embeddable":true,"href":"https:\/\/kingarms.ee\/lv\/wp-json\/wp\/v2\/product_brand?post=150555"},{"taxonomy":"product_cat","embeddable":true,"href":"https:\/\/kingarms.ee\/lv\/wp-json\/wp\/v2\/product_cat?post=150555"},{"taxonomy":"product_tag","embeddable":true,"href":"https:\/\/kingarms.ee\/lv\/wp-json\/wp\/v2\/product_tag?post=150555"}],"curies":[{"name":"wp","href":"https:\/\/api.w.org\/{rel}","templated":true}]}}