{"id":150562,"date":"2022-10-10T16:11:27","date_gmt":"2025-06-08T07:54:44","guid":{"rendered":"https:\/\/kingarms.ee\/product\/ziemas-cimdi-auksta-darba-windshell-l-10-mechanix\/"},"modified":"2025-06-08T10:54:44","modified_gmt":"2025-06-08T07:54:44","slug":"ziemas-cimdi-auksta-darba-windshell-l-10-mechanix","status":"publish","type":"product","link":"https:\/\/kingarms.ee\/lv\/product\/ziemas-cimdi-auksta-darba-windshell-l-10-mechanix\/","title":{"rendered":"Ziemas cimdi aukst\u0101 darba Windshell L \/ 10 Mechanix"},"content":{"rendered":"","protected":false},"excerpt":{"rendered":"<p>Ziemas cimdi aukst\u0101 darba Windshell L \/ 10 Mechanix<\/p>\n<p>* Papla\u0161in\u0101ta aproce ar \u0101\u0137a un cilpas plaukstas aizdari<br \/>\n* Smagsvara vilnas konstrukcija ar \u016bdensiztur\u012bgu m\u012bkstu apvalku roku aizmugur\u0113<br \/>\n* Smagsvara vilnas konstrukcija ar \u016bdensiztur\u012bgu m\u012bkstu apvalku roku aizmugur\u0113<br \/>\n* PrimaLoft\u00ae Zelta izol\u0101cija<br \/>\n* Rugged Armortex\u00ae palm pretojas \u016bdenim<br \/>\n* Touchscreen sp\u0113j r\u0101d\u012bt\u0101jpirksts<\/p>\n","protected":false},"featured_media":124333,"template":"","meta":{"_acf_changed":false},"product_brand":[],"product_cat":[1092],"product_tag":[],"class_list":{"0":"post-150562","1":"product","2":"type-product","3":"status-publish","4":"has-post-thumbnail","6":"product_cat-cimdi","8":"first","9":"instock","10":"sale","11":"purchasable","12":"product-type-simple"},"acf":[],"_links":{"self":[{"href":"https:\/\/kingarms.ee\/lv\/wp-json\/wp\/v2\/product\/150562","targetHints":{"allow":["GET"]}}],"collection":[{"href":"https:\/\/kingarms.ee\/lv\/wp-json\/wp\/v2\/product"}],"about":[{"href":"https:\/\/kingarms.ee\/lv\/wp-json\/wp\/v2\/types\/product"}],"wp:featuredmedia":[{"embeddable":true,"href":"https:\/\/kingarms.ee\/lv\/wp-json\/wp\/v2\/media\/124333"}],"wp:attachment":[{"href":"https:\/\/kingarms.ee\/lv\/wp-json\/wp\/v2\/media?parent=150562"}],"wp:term":[{"taxonomy":"product_brand","embeddable":true,"href":"https:\/\/kingarms.ee\/lv\/wp-json\/wp\/v2\/product_brand?post=150562"},{"taxonomy":"product_cat","embeddable":true,"href":"https:\/\/kingarms.ee\/lv\/wp-json\/wp\/v2\/product_cat?post=150562"},{"taxonomy":"product_tag","embeddable":true,"href":"https:\/\/kingarms.ee\/lv\/wp-json\/wp\/v2\/product_tag?post=150562"}],"curies":[{"name":"wp","href":"https:\/\/api.w.org\/{rel}","templated":true}]}}