{"id":150574,"date":"2022-10-10T15:26:45","date_gmt":"2025-06-08T07:59:20","guid":{"rendered":"https:\/\/kingarms.ee\/product\/urf-jaka-multicam-emersongear\/"},"modified":"2025-06-08T10:59:20","modified_gmt":"2025-06-08T07:59:20","slug":"urf-jaka-multicam-emersongear","status":"publish","type":"product","link":"https:\/\/kingarms.ee\/lv\/product\/urf-jaka-multicam-emersongear\/","title":{"rendered":"Urf Jaka Multicam EmersonGear"},"content":{"rendered":"","protected":false},"excerpt":{"rendered":"<p>Urf Jaka Multicam EmersonGear<\/p>\n<p>Viegla, polster\u0113ta jaka<br \/>\niek\u0161\u0113jo fl\u012bsu<br \/>\npretv\u0113ja un \u016bdensiztur\u012bgs<br \/>\n100% poliesters<br \/>\nnosl\u0113ptas kapuci<br \/>\ndubultu r\u0101v\u0113jsl\u0113dz\u0113ja aizdari<br \/>\nelast\u012bg\u0101s s\u0101nu auduma<br \/>\n3x priek\u0161\u0101 r\u0101v\u0113jsl\u0113dz\u0113ja aizdari, kabat\u0101m (1x vertik\u0101li pie kr\u016bt\u012bm)<br \/>\n1x r\u0101v\u0113jsl\u0113dz\u0113ja aizdari kabatas ar \u0101r\u0113jo velcro uz katras piedurknes<br \/>\n1x r\u0101v\u0113jsl\u0113dz\u0113ja aizdari nelielu kabatas uz kreis\u0101 apak\u0161delma<br \/>\n2x nav closable iek\u0161\u0113j\u0101s kabatas<br \/>\naproces ar atveri \u012bk\u0161\u0137a<br \/>\nmulticam kr\u0101sa<\/p>\n","protected":false},"featured_media":134374,"template":"","meta":{"_acf_changed":false},"product_brand":[],"product_cat":[1071],"product_tag":[],"class_list":{"0":"post-150574","1":"product","2":"type-product","3":"status-publish","4":"has-post-thumbnail","6":"product_cat-apvalks","8":"first","9":"instock","10":"sale","11":"purchasable","12":"product-type-variable"},"acf":[],"_links":{"self":[{"href":"https:\/\/kingarms.ee\/lv\/wp-json\/wp\/v2\/product\/150574","targetHints":{"allow":["GET"]}}],"collection":[{"href":"https:\/\/kingarms.ee\/lv\/wp-json\/wp\/v2\/product"}],"about":[{"href":"https:\/\/kingarms.ee\/lv\/wp-json\/wp\/v2\/types\/product"}],"wp:featuredmedia":[{"embeddable":true,"href":"https:\/\/kingarms.ee\/lv\/wp-json\/wp\/v2\/media\/134374"}],"wp:attachment":[{"href":"https:\/\/kingarms.ee\/lv\/wp-json\/wp\/v2\/media?parent=150574"}],"wp:term":[{"taxonomy":"product_brand","embeddable":true,"href":"https:\/\/kingarms.ee\/lv\/wp-json\/wp\/v2\/product_brand?post=150574"},{"taxonomy":"product_cat","embeddable":true,"href":"https:\/\/kingarms.ee\/lv\/wp-json\/wp\/v2\/product_cat?post=150574"},{"taxonomy":"product_tag","embeddable":true,"href":"https:\/\/kingarms.ee\/lv\/wp-json\/wp\/v2\/product_tag?post=150574"}],"curies":[{"name":"wp","href":"https:\/\/api.w.org\/{rel}","templated":true}]}}