{"id":150580,"date":"2022-04-29T14:01:00","date_gmt":"2025-06-08T08:01:30","guid":{"rendered":"https:\/\/kingarms.ee\/product\/karaliskais-kaju-macins-beretta-m92-black\/"},"modified":"2025-06-08T11:01:30","modified_gmt":"2025-06-08T08:01:30","slug":"karaliskais-kaju-macins-beretta-m92-black","status":"publish","type":"product","link":"https:\/\/kingarms.ee\/lv\/product\/karaliskais-kaju-macins-beretta-m92-black\/","title":{"rendered":"Karaliskais k\u0101ju maci\u0146\u0161 BERETTA M92 BLACK"},"content":{"rendered":"","protected":false},"excerpt":{"rendered":"<p>Karaliskais k\u0101ju maci\u0146\u0161 beretta m92 black<\/p>\n<p>K\u0101ju maci\u0146\u0161 beretta M92 s\u0113rijai<\/p>\n<p>Mag maisi\u0146\u0161 un zibspuldzes tur\u0113t\u0101js piln\u012bb\u0101 regul\u0113jams<\/p>\n","protected":false},"featured_media":118354,"template":"","meta":{"_acf_changed":false},"product_brand":[],"product_cat":[1026],"product_tag":[],"class_list":{"0":"post-150580","1":"product","2":"type-product","3":"status-publish","4":"has-post-thumbnail","6":"product_cat-barkstisti","8":"first","9":"instock","10":"purchasable","11":"product-type-simple"},"acf":[],"_links":{"self":[{"href":"https:\/\/kingarms.ee\/lv\/wp-json\/wp\/v2\/product\/150580","targetHints":{"allow":["GET"]}}],"collection":[{"href":"https:\/\/kingarms.ee\/lv\/wp-json\/wp\/v2\/product"}],"about":[{"href":"https:\/\/kingarms.ee\/lv\/wp-json\/wp\/v2\/types\/product"}],"wp:featuredmedia":[{"embeddable":true,"href":"https:\/\/kingarms.ee\/lv\/wp-json\/wp\/v2\/media\/118354"}],"wp:attachment":[{"href":"https:\/\/kingarms.ee\/lv\/wp-json\/wp\/v2\/media?parent=150580"}],"wp:term":[{"taxonomy":"product_brand","embeddable":true,"href":"https:\/\/kingarms.ee\/lv\/wp-json\/wp\/v2\/product_brand?post=150580"},{"taxonomy":"product_cat","embeddable":true,"href":"https:\/\/kingarms.ee\/lv\/wp-json\/wp\/v2\/product_cat?post=150580"},{"taxonomy":"product_tag","embeddable":true,"href":"https:\/\/kingarms.ee\/lv\/wp-json\/wp\/v2\/product_tag?post=150580"}],"curies":[{"name":"wp","href":"https:\/\/api.w.org\/{rel}","templated":true}]}}